{"id":105,"date":"2023-03-18T02:53:42","date_gmt":"2023-03-18T02:53:42","guid":{"rendered":"https:\/\/reddenunciafeminicidiosestadodemexico.com\/?page_id=105"},"modified":"2026-02-21T05:45:41","modified_gmt":"2026-02-21T05:45:41","slug":"inicio","status":"publish","type":"page","link":"https:\/\/reddenunciafeminicidiosestadodemexico.com\/","title":{"rendered":"Inicio"},"content":{"rendered":"\n<p><\/p>\n\n\n\n<figure class=\"wp-block-gallery has-nested-images columns-default is-cropped wp-block-gallery-1 is-layout-flex wp-block-gallery-is-layout-flex\">\n<figure class=\"wp-block-image size-large is-resized\"><img loading=\"lazy\" decoding=\"async\" width=\"774\" height=\"1024\" data-id=\"113\" src=\"https:\/\/reddenunciafeminicidiosestadodemexico.com\/wp-content\/uploads\/2023\/03\/Logo-final-1-774x1024.jpg\" alt=\"\" class=\"wp-image-113\" style=\"width:152px;height:202px\" srcset=\"https:\/\/reddenunciafeminicidiosestadodemexico.com\/wp-content\/uploads\/2023\/03\/Logo-final-1-774x1024.jpg 774w, https:\/\/reddenunciafeminicidiosestadodemexico.com\/wp-content\/uploads\/2023\/03\/Logo-final-1-227x300.jpg 227w, https:\/\/reddenunciafeminicidiosestadodemexico.com\/wp-content\/uploads\/2023\/03\/Logo-final-1-768x1017.jpg 768w, https:\/\/reddenunciafeminicidiosestadodemexico.com\/wp-content\/uploads\/2023\/03\/Logo-final-1-1160x1536.jpg 1160w, https:\/\/reddenunciafeminicidiosestadodemexico.com\/wp-content\/uploads\/2023\/03\/Logo-final-1-1547x2048.jpg 1547w, https:\/\/reddenunciafeminicidiosestadodemexico.com\/wp-content\/uploads\/2023\/03\/Logo-final-1-1568x2075.jpg 1568w, https:\/\/reddenunciafeminicidiosestadodemexico.com\/wp-content\/uploads\/2023\/03\/Logo-final-1-scaled.jpg 1934w\" sizes=\"auto, (max-width: 774px) 100vw, 774px\" \/><\/figure>\n<\/figure>\n\n\n\n<p><strong>Mapas Feminicidios Estado de M\u00e9xico<\/strong><\/p>\n\n\n\n<figure class=\"wp-block-image size-large is-resized wp-duotone-unset-2\"><a href=\"https:\/\/reddenunciafeminicidiosestadodemexico.com\/index.php\/mapas-feminicidios-estado-de-mexico\/\"><img loading=\"lazy\" decoding=\"async\" width=\"1024\" height=\"789\" src=\"https:\/\/reddenunciafeminicidiosestadodemexico.com\/wp-content\/uploads\/2026\/01\/estado-de-mexico-2-1024x789.jpg\" alt=\"\" class=\"wp-image-688\" style=\"width:176px;height:auto\" srcset=\"https:\/\/reddenunciafeminicidiosestadodemexico.com\/wp-content\/uploads\/2026\/01\/estado-de-mexico-2-1024x789.jpg 1024w, https:\/\/reddenunciafeminicidiosestadodemexico.com\/wp-content\/uploads\/2026\/01\/estado-de-mexico-2-300x231.jpg 300w, https:\/\/reddenunciafeminicidiosestadodemexico.com\/wp-content\/uploads\/2026\/01\/estado-de-mexico-2-768x591.jpg 768w, https:\/\/reddenunciafeminicidiosestadodemexico.com\/wp-content\/uploads\/2026\/01\/estado-de-mexico-2-1536x1183.jpg 1536w, https:\/\/reddenunciafeminicidiosestadodemexico.com\/wp-content\/uploads\/2026\/01\/estado-de-mexico-2-2048x1577.jpg 2048w\" sizes=\"auto, (max-width: 1024px) 100vw, 1024px\" \/><\/a><\/figure>\n\n\n\n<p class=\"has-text-align-center\">La Red Denuncia Feminicidios Estado de M\u00e9xico es un proyecto surgido en la periferia de la Ciudad de M\u00e9xico cuyo enfoque social y pol\u00edtico se encamina a evidenciar desde el arte, las violencias feminicidas contra mujeres y ni\u00f1as que definen el paisaje social mexicano de nuestros d\u00edas. <\/p>\n\n\n\n<figure class=\"wp-block-image size-large\"><img loading=\"lazy\" decoding=\"async\" width=\"1024\" height=\"683\" src=\"https:\/\/reddenunciafeminicidiosestadodemexico.com\/wp-content\/uploads\/2023\/03\/IMG_0193-1-1024x683.jpg\" alt=\"\" class=\"wp-image-128\" srcset=\"https:\/\/reddenunciafeminicidiosestadodemexico.com\/wp-content\/uploads\/2023\/03\/IMG_0193-1-1024x683.jpg 1024w, https:\/\/reddenunciafeminicidiosestadodemexico.com\/wp-content\/uploads\/2023\/03\/IMG_0193-1-300x200.jpg 300w, https:\/\/reddenunciafeminicidiosestadodemexico.com\/wp-content\/uploads\/2023\/03\/IMG_0193-1-768x512.jpg 768w, https:\/\/reddenunciafeminicidiosestadodemexico.com\/wp-content\/uploads\/2023\/03\/IMG_0193-1-1536x1024.jpg 1536w, https:\/\/reddenunciafeminicidiosestadodemexico.com\/wp-content\/uploads\/2023\/03\/IMG_0193-1-2048x1365.jpg 2048w, https:\/\/reddenunciafeminicidiosestadodemexico.com\/wp-content\/uploads\/2023\/03\/IMG_0193-1-1568x1045.jpg 1568w\" sizes=\"auto, (max-width: 1024px) 100vw, 1024px\" \/><\/figure>\n\n\n\n<p class=\"has-text-align-center\">De ese modo la red ha funcionado como una plataforma para organizar y producir mas de 80 acciones perform\u00e1ticas desde 2011 que, por medio del encuentro entre cuerpos contribuyen a la justicia y al reconocimiento de los derechos humanos de las mujeres y ni\u00f1as que padecen dichas violencias perpetuadas por exclusiones de orden  clasistas, racistas y otras propias de su contexto.  <\/p>\n\n\n\n<figure class=\"wp-block-image size-large\"><img loading=\"lazy\" decoding=\"async\" width=\"1024\" height=\"683\" src=\"https:\/\/reddenunciafeminicidiosestadodemexico.com\/wp-content\/uploads\/2023\/03\/IMG_0080-1-1024x683.jpg\" alt=\"\" class=\"wp-image-134\" srcset=\"https:\/\/reddenunciafeminicidiosestadodemexico.com\/wp-content\/uploads\/2023\/03\/IMG_0080-1-1024x683.jpg 1024w, https:\/\/reddenunciafeminicidiosestadodemexico.com\/wp-content\/uploads\/2023\/03\/IMG_0080-1-300x200.jpg 300w, https:\/\/reddenunciafeminicidiosestadodemexico.com\/wp-content\/uploads\/2023\/03\/IMG_0080-1-768x512.jpg 768w, https:\/\/reddenunciafeminicidiosestadodemexico.com\/wp-content\/uploads\/2023\/03\/IMG_0080-1-1536x1024.jpg 1536w, https:\/\/reddenunciafeminicidiosestadodemexico.com\/wp-content\/uploads\/2023\/03\/IMG_0080-1-2048x1365.jpg 2048w, https:\/\/reddenunciafeminicidiosestadodemexico.com\/wp-content\/uploads\/2023\/03\/IMG_0080-1-1568x1045.jpg 1568w\" sizes=\"auto, (max-width: 1024px) 100vw, 1024px\" \/><\/figure>\n\n\n\n<p class=\"has-text-align-center\">As\u00ed el quehacer de la Red se define por hurgar en lo destruido para encontrar signos de vida, esperanza y dignidad a favor de la restauraci\u00f3n de la justicia y la comunidad ante la devastaci\u00f3n de la violencia. En ese sentido las acciones gestionada por la Red no son simples formas de representaci\u00f3n perform\u00e1tica. <\/p>\n\n\n\n<figure class=\"wp-block-image size-large\"><img loading=\"lazy\" decoding=\"async\" width=\"1024\" height=\"683\" src=\"https:\/\/reddenunciafeminicidiosestadodemexico.com\/wp-content\/uploads\/2023\/03\/IMG_0168-1024x683.jpg\" alt=\"\" class=\"wp-image-137\" srcset=\"https:\/\/reddenunciafeminicidiosestadodemexico.com\/wp-content\/uploads\/2023\/03\/IMG_0168-1024x683.jpg 1024w, https:\/\/reddenunciafeminicidiosestadodemexico.com\/wp-content\/uploads\/2023\/03\/IMG_0168-300x200.jpg 300w, https:\/\/reddenunciafeminicidiosestadodemexico.com\/wp-content\/uploads\/2023\/03\/IMG_0168-768x512.jpg 768w, https:\/\/reddenunciafeminicidiosestadodemexico.com\/wp-content\/uploads\/2023\/03\/IMG_0168-1536x1024.jpg 1536w, https:\/\/reddenunciafeminicidiosestadodemexico.com\/wp-content\/uploads\/2023\/03\/IMG_0168-2048x1365.jpg 2048w, https:\/\/reddenunciafeminicidiosestadodemexico.com\/wp-content\/uploads\/2023\/03\/IMG_0168-1568x1045.jpg 1568w\" sizes=\"auto, (max-width: 1024px) 100vw, 1024px\" \/><\/figure>\n<!-- AddThis Advanced Settings generic via filter on the_content --><!-- AddThis Share Buttons generic via filter on the_content -->","protected":false},"excerpt":{"rendered":"<p>Mapas Feminicidios Estado de M\u00e9xico La Red Denuncia Feminicidios Estado de M\u00e9xico es un proyecto surgido en la periferia de la Ciudad de M\u00e9xico cuyo enfoque social y pol\u00edtico se encamina a evidenciar desde el arte, las violencias feminicidas contra mujeres y ni\u00f1as que definen el paisaje social mexicano de nuestros d\u00edas. De ese modo [&hellip;]<!-- AddThis Advanced Settings generic via filter on get_the_excerpt --><!-- AddThis Share Buttons generic via filter on get_the_excerpt --><\/p>\n","protected":false},"author":1,"featured_media":0,"parent":0,"menu_order":0,"comment_status":"closed","ping_status":"closed","template":"","meta":{"footnotes":""},"class_list":["post-105","page","type-page","status-publish","hentry"],"yoast_head":"<!-- This site is optimized with the Yoast SEO plugin v27.0 - https:\/\/yoast.com\/product\/yoast-seo-wordpress\/ -->\n<title>Inicio - Red Denuncia Feminicidios Estado de M\u00e9xico<\/title>\n<meta name=\"robots\" content=\"index, follow, max-snippet:-1, max-image-preview:large, max-video-preview:-1\" \/>\n<link rel=\"canonical\" href=\"https:\/\/reddenunciafeminicidiosestadodemexico.com\/\" \/>\n<meta property=\"og:locale\" content=\"es_ES\" \/>\n<meta property=\"og:type\" content=\"article\" \/>\n<meta property=\"og:title\" content=\"Inicio - Red Denuncia Feminicidios Estado de M\u00e9xico\" \/>\n<meta property=\"og:description\" content=\"Mapas Feminicidios Estado de M\u00e9xico La Red Denuncia Feminicidios Estado de M\u00e9xico es un proyecto surgido en la periferia de la Ciudad de M\u00e9xico cuyo enfoque social y pol\u00edtico se encamina a evidenciar desde el arte, las violencias feminicidas contra mujeres y ni\u00f1as que definen el paisaje social mexicano de nuestros d\u00edas. De ese modo [&hellip;]\" \/>\n<meta property=\"og:url\" content=\"https:\/\/reddenunciafeminicidiosestadodemexico.com\/\" \/>\n<meta property=\"og:site_name\" content=\"Red Denuncia Feminicidios Estado de M\u00e9xico\" \/>\n<meta property=\"article:modified_time\" content=\"2026-02-21T05:45:41+00:00\" \/>\n<meta property=\"og:image\" content=\"https:\/\/reddenunciafeminicidiosestadodemexico.com\/wp-content\/uploads\/2023\/03\/Logo-final-1-scaled.jpg\" \/>\n\t<meta property=\"og:image:width\" content=\"1934\" \/>\n\t<meta property=\"og:image:height\" content=\"2560\" \/>\n\t<meta property=\"og:image:type\" content=\"image\/jpeg\" \/>\n<meta name=\"twitter:card\" content=\"summary_large_image\" \/>\n<meta name=\"twitter:label1\" content=\"Tiempo de lectura\" \/>\n\t<meta name=\"twitter:data1\" content=\"2 minutos\" \/>\n<script type=\"application\/ld+json\" class=\"yoast-schema-graph\">{\"@context\":\"https:\/\/schema.org\",\"@graph\":[{\"@type\":\"WebPage\",\"@id\":\"https:\/\/reddenunciafeminicidiosestadodemexico.com\/\",\"url\":\"https:\/\/reddenunciafeminicidiosestadodemexico.com\/\",\"name\":\"Inicio - Red Denuncia Feminicidios Estado de M\u00e9xico\",\"isPartOf\":{\"@id\":\"https:\/\/reddenunciafeminicidiosestadodemexico.com\/#website\"},\"primaryImageOfPage\":{\"@id\":\"https:\/\/reddenunciafeminicidiosestadodemexico.com\/#primaryimage\"},\"image\":{\"@id\":\"https:\/\/reddenunciafeminicidiosestadodemexico.com\/#primaryimage\"},\"thumbnailUrl\":\"https:\/\/reddenunciafeminicidiosestadodemexico.com\/wp-content\/uploads\/2023\/03\/Logo-final-1-774x1024.jpg\",\"datePublished\":\"2023-03-18T02:53:42+00:00\",\"dateModified\":\"2026-02-21T05:45:41+00:00\",\"breadcrumb\":{\"@id\":\"https:\/\/reddenunciafeminicidiosestadodemexico.com\/#breadcrumb\"},\"inLanguage\":\"es\",\"potentialAction\":[{\"@type\":\"ReadAction\",\"target\":[\"https:\/\/reddenunciafeminicidiosestadodemexico.com\/\"]}]},{\"@type\":\"ImageObject\",\"inLanguage\":\"es\",\"@id\":\"https:\/\/reddenunciafeminicidiosestadodemexico.com\/#primaryimage\",\"url\":\"https:\/\/reddenunciafeminicidiosestadodemexico.com\/wp-content\/uploads\/2023\/03\/Logo-final-1-scaled.jpg\",\"contentUrl\":\"https:\/\/reddenunciafeminicidiosestadodemexico.com\/wp-content\/uploads\/2023\/03\/Logo-final-1-scaled.jpg\",\"width\":1934,\"height\":2560},{\"@type\":\"BreadcrumbList\",\"@id\":\"https:\/\/reddenunciafeminicidiosestadodemexico.com\/#breadcrumb\",\"itemListElement\":[{\"@type\":\"ListItem\",\"position\":1,\"name\":\"Portada\",\"item\":\"https:\/\/reddenunciafeminicidiosestadodemexico.com\/\"},{\"@type\":\"ListItem\",\"position\":2,\"name\":\"Inicio\"}]},{\"@type\":\"WebSite\",\"@id\":\"https:\/\/reddenunciafeminicidiosestadodemexico.com\/#website\",\"url\":\"https:\/\/reddenunciafeminicidiosestadodemexico.com\/\",\"name\":\"Red Denuncia Feminicidios Estado de M\u00e9xico\",\"description\":\"\",\"potentialAction\":[{\"@type\":\"SearchAction\",\"target\":{\"@type\":\"EntryPoint\",\"urlTemplate\":\"https:\/\/reddenunciafeminicidiosestadodemexico.com\/?s={search_term_string}\"},\"query-input\":{\"@type\":\"PropertyValueSpecification\",\"valueRequired\":true,\"valueName\":\"search_term_string\"}}],\"inLanguage\":\"es\"}]}<\/script>\n<!-- \/ Yoast SEO plugin. -->","yoast_head_json":{"title":"Inicio - Red Denuncia Feminicidios Estado de M\u00e9xico","robots":{"index":"index","follow":"follow","max-snippet":"max-snippet:-1","max-image-preview":"max-image-preview:large","max-video-preview":"max-video-preview:-1"},"canonical":"https:\/\/reddenunciafeminicidiosestadodemexico.com\/","og_locale":"es_ES","og_type":"article","og_title":"Inicio - Red Denuncia Feminicidios Estado de M\u00e9xico","og_description":"Mapas Feminicidios Estado de M\u00e9xico La Red Denuncia Feminicidios Estado de M\u00e9xico es un proyecto surgido en la periferia de la Ciudad de M\u00e9xico cuyo enfoque social y pol\u00edtico se encamina a evidenciar desde el arte, las violencias feminicidas contra mujeres y ni\u00f1as que definen el paisaje social mexicano de nuestros d\u00edas. De ese modo [&hellip;]","og_url":"https:\/\/reddenunciafeminicidiosestadodemexico.com\/","og_site_name":"Red Denuncia Feminicidios Estado de M\u00e9xico","article_modified_time":"2026-02-21T05:45:41+00:00","og_image":[{"width":1934,"height":2560,"url":"https:\/\/reddenunciafeminicidiosestadodemexico.com\/wp-content\/uploads\/2023\/03\/Logo-final-1-scaled.jpg","type":"image\/jpeg"}],"twitter_card":"summary_large_image","twitter_misc":{"Tiempo de lectura":"2 minutos"},"schema":{"@context":"https:\/\/schema.org","@graph":[{"@type":"WebPage","@id":"https:\/\/reddenunciafeminicidiosestadodemexico.com\/","url":"https:\/\/reddenunciafeminicidiosestadodemexico.com\/","name":"Inicio - Red Denuncia Feminicidios Estado de M\u00e9xico","isPartOf":{"@id":"https:\/\/reddenunciafeminicidiosestadodemexico.com\/#website"},"primaryImageOfPage":{"@id":"https:\/\/reddenunciafeminicidiosestadodemexico.com\/#primaryimage"},"image":{"@id":"https:\/\/reddenunciafeminicidiosestadodemexico.com\/#primaryimage"},"thumbnailUrl":"https:\/\/reddenunciafeminicidiosestadodemexico.com\/wp-content\/uploads\/2023\/03\/Logo-final-1-774x1024.jpg","datePublished":"2023-03-18T02:53:42+00:00","dateModified":"2026-02-21T05:45:41+00:00","breadcrumb":{"@id":"https:\/\/reddenunciafeminicidiosestadodemexico.com\/#breadcrumb"},"inLanguage":"es","potentialAction":[{"@type":"ReadAction","target":["https:\/\/reddenunciafeminicidiosestadodemexico.com\/"]}]},{"@type":"ImageObject","inLanguage":"es","@id":"https:\/\/reddenunciafeminicidiosestadodemexico.com\/#primaryimage","url":"https:\/\/reddenunciafeminicidiosestadodemexico.com\/wp-content\/uploads\/2023\/03\/Logo-final-1-scaled.jpg","contentUrl":"https:\/\/reddenunciafeminicidiosestadodemexico.com\/wp-content\/uploads\/2023\/03\/Logo-final-1-scaled.jpg","width":1934,"height":2560},{"@type":"BreadcrumbList","@id":"https:\/\/reddenunciafeminicidiosestadodemexico.com\/#breadcrumb","itemListElement":[{"@type":"ListItem","position":1,"name":"Portada","item":"https:\/\/reddenunciafeminicidiosestadodemexico.com\/"},{"@type":"ListItem","position":2,"name":"Inicio"}]},{"@type":"WebSite","@id":"https:\/\/reddenunciafeminicidiosestadodemexico.com\/#website","url":"https:\/\/reddenunciafeminicidiosestadodemexico.com\/","name":"Red Denuncia Feminicidios Estado de M\u00e9xico","description":"","potentialAction":[{"@type":"SearchAction","target":{"@type":"EntryPoint","urlTemplate":"https:\/\/reddenunciafeminicidiosestadodemexico.com\/?s={search_term_string}"},"query-input":{"@type":"PropertyValueSpecification","valueRequired":true,"valueName":"search_term_string"}}],"inLanguage":"es"}]}},"_links":{"self":[{"href":"https:\/\/reddenunciafeminicidiosestadodemexico.com\/index.php\/wp-json\/wp\/v2\/pages\/105","targetHints":{"allow":["GET"]}}],"collection":[{"href":"https:\/\/reddenunciafeminicidiosestadodemexico.com\/index.php\/wp-json\/wp\/v2\/pages"}],"about":[{"href":"https:\/\/reddenunciafeminicidiosestadodemexico.com\/index.php\/wp-json\/wp\/v2\/types\/page"}],"author":[{"embeddable":true,"href":"https:\/\/reddenunciafeminicidiosestadodemexico.com\/index.php\/wp-json\/wp\/v2\/users\/1"}],"replies":[{"embeddable":true,"href":"https:\/\/reddenunciafeminicidiosestadodemexico.com\/index.php\/wp-json\/wp\/v2\/comments?post=105"}],"version-history":[{"count":21,"href":"https:\/\/reddenunciafeminicidiosestadodemexico.com\/index.php\/wp-json\/wp\/v2\/pages\/105\/revisions"}],"predecessor-version":[{"id":756,"href":"https:\/\/reddenunciafeminicidiosestadodemexico.com\/index.php\/wp-json\/wp\/v2\/pages\/105\/revisions\/756"}],"wp:attachment":[{"href":"https:\/\/reddenunciafeminicidiosestadodemexico.com\/index.php\/wp-json\/wp\/v2\/media?parent=105"}],"curies":[{"name":"wp","href":"https:\/\/api.w.org\/{rel}","templated":true}]}}