{"id":213,"date":"2023-06-02T00:44:36","date_gmt":"2023-06-02T00:44:36","guid":{"rendered":"https:\/\/reddenunciafeminicidiosestadodemexico.com\/?page_id=213"},"modified":"2023-07-05T20:23:07","modified_gmt":"2023-07-05T20:23:07","slug":"taller-mujeres-arte-y-politica","status":"publish","type":"page","link":"https:\/\/reddenunciafeminicidiosestadodemexico.com\/index.php\/taller-mujeres-arte-y-politica\/","title":{"rendered":"Taller Mujeres, arte y pol\u00edtica"},"content":{"rendered":"\n<figure class=\"wp-block-embed is-type-video is-provider-youtube wp-block-embed-youtube wp-embed-aspect-16-9 wp-has-aspect-ratio\"><div class=\"wp-block-embed__wrapper\">\n<iframe loading=\"lazy\" title=\"Taller Mujeres, Arte y Pol\u00edtica UACM Cuautepec, Invisibles Somos visibles\" width=\"500\" height=\"281\" src=\"https:\/\/www.youtube.com\/embed\/NeR6vY767o0?feature=oembed\" frameborder=\"0\" allow=\"accelerometer; autoplay; clipboard-write; encrypted-media; gyroscope; picture-in-picture; web-share\" referrerpolicy=\"strict-origin-when-cross-origin\" allowfullscreen><\/iframe>\n<\/div><\/figure>\n\n\n\n<p>Taller Mujeres, Arte y Pol\u00edtica impartido por Manuel Amador e impulsado por la profesora Mar\u00eda Eugenia Covarrubias, en la Universidad de la Ciudad de M\u00e9xico UACM plantel Cuautepec, desde el cual se gener\u00f3 el performance pol\u00edtico \u00abRompiendo la Impunidad, Invisibles Somos Visibles\u00bb, que se realiz\u00f3 en la frontera de la CDMX con el Estado de M\u00e9xico, en el municipio de Tlalnepantla,<\/p>\n<!-- AddThis Advanced Settings generic via filter on the_content --><!-- AddThis Share Buttons generic via filter on the_content -->","protected":false},"excerpt":{"rendered":"<p>Taller Mujeres, Arte y Pol\u00edtica impartido por Manuel Amador e impulsado por la profesora Mar\u00eda Eugenia Covarrubias, en la Universidad de la Ciudad de M\u00e9xico UACM plantel Cuautepec, desde el cual se gener\u00f3 el performance pol\u00edtico \u00abRompiendo la Impunidad, Invisibles Somos Visibles\u00bb, que se realiz\u00f3 en la frontera de la CDMX con el Estado de [&hellip;]<!-- AddThis Advanced Settings generic via filter on get_the_excerpt --><!-- AddThis Share Buttons generic via filter on get_the_excerpt --><\/p>\n","protected":false},"author":1,"featured_media":0,"parent":0,"menu_order":0,"comment_status":"closed","ping_status":"closed","template":"","meta":{"footnotes":""},"class_list":["post-213","page","type-page","status-publish","hentry"],"yoast_head":"<!-- This site is optimized with the Yoast SEO plugin v27.0 - https:\/\/yoast.com\/product\/yoast-seo-wordpress\/ -->\n<title>Taller Mujeres, arte y pol\u00edtica - Red Denuncia Feminicidios Estado de M\u00e9xico<\/title>\n<meta name=\"robots\" content=\"index, follow, max-snippet:-1, max-image-preview:large, max-video-preview:-1\" \/>\n<link rel=\"canonical\" href=\"https:\/\/reddenunciafeminicidiosestadodemexico.com\/index.php\/taller-mujeres-arte-y-politica\/\" \/>\n<meta property=\"og:locale\" content=\"es_ES\" \/>\n<meta property=\"og:type\" content=\"article\" \/>\n<meta property=\"og:title\" content=\"Taller Mujeres, arte y pol\u00edtica - Red Denuncia Feminicidios Estado de M\u00e9xico\" \/>\n<meta property=\"og:description\" content=\"Taller Mujeres, Arte y Pol\u00edtica impartido por Manuel Amador e impulsado por la profesora Mar\u00eda Eugenia Covarrubias, en la Universidad de la Ciudad de M\u00e9xico UACM plantel Cuautepec, desde el cual se gener\u00f3 el performance pol\u00edtico \u00abRompiendo la Impunidad, Invisibles Somos Visibles\u00bb, que se realiz\u00f3 en la frontera de la CDMX con el Estado de [&hellip;]\" \/>\n<meta property=\"og:url\" content=\"https:\/\/reddenunciafeminicidiosestadodemexico.com\/index.php\/taller-mujeres-arte-y-politica\/\" \/>\n<meta property=\"og:site_name\" content=\"Red Denuncia Feminicidios Estado de M\u00e9xico\" \/>\n<meta property=\"article:modified_time\" content=\"2023-07-05T20:23:07+00:00\" \/>\n<meta name=\"twitter:card\" content=\"summary_large_image\" \/>\n<script type=\"application\/ld+json\" class=\"yoast-schema-graph\">{\"@context\":\"https:\/\/schema.org\",\"@graph\":[{\"@type\":\"WebPage\",\"@id\":\"https:\/\/reddenunciafeminicidiosestadodemexico.com\/index.php\/taller-mujeres-arte-y-politica\/\",\"url\":\"https:\/\/reddenunciafeminicidiosestadodemexico.com\/index.php\/taller-mujeres-arte-y-politica\/\",\"name\":\"Taller Mujeres, arte y pol\u00edtica - Red Denuncia Feminicidios Estado de M\u00e9xico\",\"isPartOf\":{\"@id\":\"https:\/\/reddenunciafeminicidiosestadodemexico.com\/#website\"},\"datePublished\":\"2023-06-02T00:44:36+00:00\",\"dateModified\":\"2023-07-05T20:23:07+00:00\",\"breadcrumb\":{\"@id\":\"https:\/\/reddenunciafeminicidiosestadodemexico.com\/index.php\/taller-mujeres-arte-y-politica\/#breadcrumb\"},\"inLanguage\":\"es\",\"potentialAction\":[{\"@type\":\"ReadAction\",\"target\":[\"https:\/\/reddenunciafeminicidiosestadodemexico.com\/index.php\/taller-mujeres-arte-y-politica\/\"]}]},{\"@type\":\"BreadcrumbList\",\"@id\":\"https:\/\/reddenunciafeminicidiosestadodemexico.com\/index.php\/taller-mujeres-arte-y-politica\/#breadcrumb\",\"itemListElement\":[{\"@type\":\"ListItem\",\"position\":1,\"name\":\"Portada\",\"item\":\"https:\/\/reddenunciafeminicidiosestadodemexico.com\/\"},{\"@type\":\"ListItem\",\"position\":2,\"name\":\"Taller Mujeres, arte y pol\u00edtica\"}]},{\"@type\":\"WebSite\",\"@id\":\"https:\/\/reddenunciafeminicidiosestadodemexico.com\/#website\",\"url\":\"https:\/\/reddenunciafeminicidiosestadodemexico.com\/\",\"name\":\"Red Denuncia Feminicidios Estado de M\u00e9xico\",\"description\":\"\",\"potentialAction\":[{\"@type\":\"SearchAction\",\"target\":{\"@type\":\"EntryPoint\",\"urlTemplate\":\"https:\/\/reddenunciafeminicidiosestadodemexico.com\/?s={search_term_string}\"},\"query-input\":{\"@type\":\"PropertyValueSpecification\",\"valueRequired\":true,\"valueName\":\"search_term_string\"}}],\"inLanguage\":\"es\"}]}<\/script>\n<!-- \/ Yoast SEO plugin. -->","yoast_head_json":{"title":"Taller Mujeres, arte y pol\u00edtica - Red Denuncia Feminicidios Estado de M\u00e9xico","robots":{"index":"index","follow":"follow","max-snippet":"max-snippet:-1","max-image-preview":"max-image-preview:large","max-video-preview":"max-video-preview:-1"},"canonical":"https:\/\/reddenunciafeminicidiosestadodemexico.com\/index.php\/taller-mujeres-arte-y-politica\/","og_locale":"es_ES","og_type":"article","og_title":"Taller Mujeres, arte y pol\u00edtica - Red Denuncia Feminicidios Estado de M\u00e9xico","og_description":"Taller Mujeres, Arte y Pol\u00edtica impartido por Manuel Amador e impulsado por la profesora Mar\u00eda Eugenia Covarrubias, en la Universidad de la Ciudad de M\u00e9xico UACM plantel Cuautepec, desde el cual se gener\u00f3 el performance pol\u00edtico \u00abRompiendo la Impunidad, Invisibles Somos Visibles\u00bb, que se realiz\u00f3 en la frontera de la CDMX con el Estado de [&hellip;]","og_url":"https:\/\/reddenunciafeminicidiosestadodemexico.com\/index.php\/taller-mujeres-arte-y-politica\/","og_site_name":"Red Denuncia Feminicidios Estado de M\u00e9xico","article_modified_time":"2023-07-05T20:23:07+00:00","twitter_card":"summary_large_image","schema":{"@context":"https:\/\/schema.org","@graph":[{"@type":"WebPage","@id":"https:\/\/reddenunciafeminicidiosestadodemexico.com\/index.php\/taller-mujeres-arte-y-politica\/","url":"https:\/\/reddenunciafeminicidiosestadodemexico.com\/index.php\/taller-mujeres-arte-y-politica\/","name":"Taller Mujeres, arte y pol\u00edtica - Red Denuncia Feminicidios Estado de M\u00e9xico","isPartOf":{"@id":"https:\/\/reddenunciafeminicidiosestadodemexico.com\/#website"},"datePublished":"2023-06-02T00:44:36+00:00","dateModified":"2023-07-05T20:23:07+00:00","breadcrumb":{"@id":"https:\/\/reddenunciafeminicidiosestadodemexico.com\/index.php\/taller-mujeres-arte-y-politica\/#breadcrumb"},"inLanguage":"es","potentialAction":[{"@type":"ReadAction","target":["https:\/\/reddenunciafeminicidiosestadodemexico.com\/index.php\/taller-mujeres-arte-y-politica\/"]}]},{"@type":"BreadcrumbList","@id":"https:\/\/reddenunciafeminicidiosestadodemexico.com\/index.php\/taller-mujeres-arte-y-politica\/#breadcrumb","itemListElement":[{"@type":"ListItem","position":1,"name":"Portada","item":"https:\/\/reddenunciafeminicidiosestadodemexico.com\/"},{"@type":"ListItem","position":2,"name":"Taller Mujeres, arte y pol\u00edtica"}]},{"@type":"WebSite","@id":"https:\/\/reddenunciafeminicidiosestadodemexico.com\/#website","url":"https:\/\/reddenunciafeminicidiosestadodemexico.com\/","name":"Red Denuncia Feminicidios Estado de M\u00e9xico","description":"","potentialAction":[{"@type":"SearchAction","target":{"@type":"EntryPoint","urlTemplate":"https:\/\/reddenunciafeminicidiosestadodemexico.com\/?s={search_term_string}"},"query-input":{"@type":"PropertyValueSpecification","valueRequired":true,"valueName":"search_term_string"}}],"inLanguage":"es"}]}},"_links":{"self":[{"href":"https:\/\/reddenunciafeminicidiosestadodemexico.com\/index.php\/wp-json\/wp\/v2\/pages\/213","targetHints":{"allow":["GET"]}}],"collection":[{"href":"https:\/\/reddenunciafeminicidiosestadodemexico.com\/index.php\/wp-json\/wp\/v2\/pages"}],"about":[{"href":"https:\/\/reddenunciafeminicidiosestadodemexico.com\/index.php\/wp-json\/wp\/v2\/types\/page"}],"author":[{"embeddable":true,"href":"https:\/\/reddenunciafeminicidiosestadodemexico.com\/index.php\/wp-json\/wp\/v2\/users\/1"}],"replies":[{"embeddable":true,"href":"https:\/\/reddenunciafeminicidiosestadodemexico.com\/index.php\/wp-json\/wp\/v2\/comments?post=213"}],"version-history":[{"count":2,"href":"https:\/\/reddenunciafeminicidiosestadodemexico.com\/index.php\/wp-json\/wp\/v2\/pages\/213\/revisions"}],"predecessor-version":[{"id":299,"href":"https:\/\/reddenunciafeminicidiosestadodemexico.com\/index.php\/wp-json\/wp\/v2\/pages\/213\/revisions\/299"}],"wp:attachment":[{"href":"https:\/\/reddenunciafeminicidiosestadodemexico.com\/index.php\/wp-json\/wp\/v2\/media?parent=213"}],"curies":[{"name":"wp","href":"https:\/\/api.w.org\/{rel}","templated":true}]}}