{"id":254,"date":"2023-06-21T22:37:40","date_gmt":"2023-06-21T22:37:40","guid":{"rendered":"https:\/\/reddenunciafeminicidiosestadodemexico.com\/?page_id=254"},"modified":"2023-07-05T20:13:48","modified_gmt":"2023-07-05T20:13:48","slug":"andando-las-ausencias-por-la-esperanza-ritual-a-10-anos-de-la-desaparicion-de-maria-dolores-rizo","status":"publish","type":"page","link":"https:\/\/reddenunciafeminicidiosestadodemexico.com\/index.php\/andando-las-ausencias-por-la-esperanza-ritual-a-10-anos-de-la-desaparicion-de-maria-dolores-rizo\/","title":{"rendered":"Andando las Ausencias por la Esperanza, ritual a 10 a\u00f1os de la desaparici\u00f3n de Mar\u00eda Dolores Rizo"},"content":{"rendered":"\n<figure class=\"wp-block-embed is-type-video is-provider-youtube wp-block-embed-youtube wp-embed-aspect-16-9 wp-has-aspect-ratio\"><div class=\"wp-block-embed__wrapper\">\n<iframe loading=\"lazy\" title=\"Andando las Ausencias por la Esperanza, ritual a 10 a\u00f1os de la desaparici\u00f3n de MAR\u00cdA DOLORES RIZO\" width=\"500\" height=\"281\" src=\"https:\/\/www.youtube.com\/embed\/mMz_nSpcNd4?start=363&#038;feature=oembed\" frameborder=\"0\" allow=\"accelerometer; autoplay; clipboard-write; encrypted-media; gyroscope; picture-in-picture; web-share\" referrerpolicy=\"strict-origin-when-cross-origin\" allowfullscreen><\/iframe>\n<\/div><\/figure>\n\n\n\n<p>Mar\u00eda Dolores Rizo Ju\u00e1rez desapareci\u00f3 hace diez a\u00f1os, su familia la sigue buscando. El 22 de diciembre de 2012 Mary, de 47 a\u00f1os, sali\u00f3 hacia su trabajo, de Atenco hacia el camino viejo a Tepexpan, Estado de M\u00e9xico, pero nunca lleg\u00f3. Desde ese d\u00eda no se sabe nada de ella, durante todo este tiempo su familia no ha parado de buscarla. A diez a\u00f1os de su desaparici\u00f3n hicieron el ritual perform\u00e1tico \u00abAndando las ausencias por la esperanza\u00bb junto con la Red Denuncia Feminicidios Estado de M\u00e9xico, para rememorar la vida de Mary y las cosas que le gustaban. \u00a1Hasta encontrarte Mar\u00eda Dolores Rizo Ju\u00e1rez! Andando las Ausencias por la Esperanza, ritual perform\u00e1tico realizado el 10 de diciembre de 2022.<\/p>\n<!-- AddThis Advanced Settings generic via filter on the_content --><!-- AddThis Share Buttons generic via filter on the_content -->","protected":false},"excerpt":{"rendered":"<p>Mar\u00eda Dolores Rizo Ju\u00e1rez desapareci\u00f3 hace diez a\u00f1os, su familia la sigue buscando. El 22 de diciembre de 2012 Mary, de 47 a\u00f1os, sali\u00f3 hacia su trabajo, de Atenco hacia el camino viejo a Tepexpan, Estado de M\u00e9xico, pero nunca lleg\u00f3. Desde ese d\u00eda no se sabe nada de ella, durante todo este tiempo su [&hellip;]<!-- AddThis Advanced Settings generic via filter on get_the_excerpt --><!-- AddThis Share Buttons generic via filter on get_the_excerpt --><\/p>\n","protected":false},"author":1,"featured_media":0,"parent":0,"menu_order":0,"comment_status":"closed","ping_status":"closed","template":"","meta":{"footnotes":""},"class_list":["post-254","page","type-page","status-publish","hentry"],"yoast_head":"<!-- This site is optimized with the Yoast SEO plugin v27.0 - https:\/\/yoast.com\/product\/yoast-seo-wordpress\/ -->\n<title>Andando las Ausencias por la Esperanza, ritual a 10 a\u00f1os de la desaparici\u00f3n de Mar\u00eda Dolores Rizo - Red Denuncia Feminicidios Estado de M\u00e9xico<\/title>\n<meta name=\"robots\" content=\"index, follow, max-snippet:-1, max-image-preview:large, max-video-preview:-1\" \/>\n<link rel=\"canonical\" href=\"https:\/\/reddenunciafeminicidiosestadodemexico.com\/index.php\/andando-las-ausencias-por-la-esperanza-ritual-a-10-anos-de-la-desaparicion-de-maria-dolores-rizo\/\" \/>\n<meta property=\"og:locale\" content=\"es_ES\" \/>\n<meta property=\"og:type\" content=\"article\" \/>\n<meta property=\"og:title\" content=\"Andando las Ausencias por la Esperanza, ritual a 10 a\u00f1os de la desaparici\u00f3n de Mar\u00eda Dolores Rizo - Red Denuncia Feminicidios Estado de M\u00e9xico\" \/>\n<meta property=\"og:description\" content=\"Mar\u00eda Dolores Rizo Ju\u00e1rez desapareci\u00f3 hace diez a\u00f1os, su familia la sigue buscando. El 22 de diciembre de 2012 Mary, de 47 a\u00f1os, sali\u00f3 hacia su trabajo, de Atenco hacia el camino viejo a Tepexpan, Estado de M\u00e9xico, pero nunca lleg\u00f3. Desde ese d\u00eda no se sabe nada de ella, durante todo este tiempo su [&hellip;]\" \/>\n<meta property=\"og:url\" content=\"https:\/\/reddenunciafeminicidiosestadodemexico.com\/index.php\/andando-las-ausencias-por-la-esperanza-ritual-a-10-anos-de-la-desaparicion-de-maria-dolores-rizo\/\" \/>\n<meta property=\"og:site_name\" content=\"Red Denuncia Feminicidios Estado de M\u00e9xico\" \/>\n<meta property=\"article:modified_time\" content=\"2023-07-05T20:13:48+00:00\" \/>\n<meta name=\"twitter:card\" content=\"summary_large_image\" \/>\n<meta name=\"twitter:label1\" content=\"Tiempo de lectura\" \/>\n\t<meta name=\"twitter:data1\" content=\"1 minuto\" \/>\n<script type=\"application\/ld+json\" class=\"yoast-schema-graph\">{\"@context\":\"https:\/\/schema.org\",\"@graph\":[{\"@type\":\"WebPage\",\"@id\":\"https:\/\/reddenunciafeminicidiosestadodemexico.com\/index.php\/andando-las-ausencias-por-la-esperanza-ritual-a-10-anos-de-la-desaparicion-de-maria-dolores-rizo\/\",\"url\":\"https:\/\/reddenunciafeminicidiosestadodemexico.com\/index.php\/andando-las-ausencias-por-la-esperanza-ritual-a-10-anos-de-la-desaparicion-de-maria-dolores-rizo\/\",\"name\":\"Andando las Ausencias por la Esperanza, ritual a 10 a\u00f1os de la desaparici\u00f3n de Mar\u00eda Dolores Rizo - Red Denuncia Feminicidios Estado de M\u00e9xico\",\"isPartOf\":{\"@id\":\"https:\/\/reddenunciafeminicidiosestadodemexico.com\/#website\"},\"datePublished\":\"2023-06-21T22:37:40+00:00\",\"dateModified\":\"2023-07-05T20:13:48+00:00\",\"breadcrumb\":{\"@id\":\"https:\/\/reddenunciafeminicidiosestadodemexico.com\/index.php\/andando-las-ausencias-por-la-esperanza-ritual-a-10-anos-de-la-desaparicion-de-maria-dolores-rizo\/#breadcrumb\"},\"inLanguage\":\"es\",\"potentialAction\":[{\"@type\":\"ReadAction\",\"target\":[\"https:\/\/reddenunciafeminicidiosestadodemexico.com\/index.php\/andando-las-ausencias-por-la-esperanza-ritual-a-10-anos-de-la-desaparicion-de-maria-dolores-rizo\/\"]}]},{\"@type\":\"BreadcrumbList\",\"@id\":\"https:\/\/reddenunciafeminicidiosestadodemexico.com\/index.php\/andando-las-ausencias-por-la-esperanza-ritual-a-10-anos-de-la-desaparicion-de-maria-dolores-rizo\/#breadcrumb\",\"itemListElement\":[{\"@type\":\"ListItem\",\"position\":1,\"name\":\"Portada\",\"item\":\"https:\/\/reddenunciafeminicidiosestadodemexico.com\/\"},{\"@type\":\"ListItem\",\"position\":2,\"name\":\"Andando las Ausencias por la Esperanza, ritual a 10 a\u00f1os de la desaparici\u00f3n de Mar\u00eda Dolores Rizo\"}]},{\"@type\":\"WebSite\",\"@id\":\"https:\/\/reddenunciafeminicidiosestadodemexico.com\/#website\",\"url\":\"https:\/\/reddenunciafeminicidiosestadodemexico.com\/\",\"name\":\"Red Denuncia Feminicidios Estado de M\u00e9xico\",\"description\":\"\",\"potentialAction\":[{\"@type\":\"SearchAction\",\"target\":{\"@type\":\"EntryPoint\",\"urlTemplate\":\"https:\/\/reddenunciafeminicidiosestadodemexico.com\/?s={search_term_string}\"},\"query-input\":{\"@type\":\"PropertyValueSpecification\",\"valueRequired\":true,\"valueName\":\"search_term_string\"}}],\"inLanguage\":\"es\"}]}<\/script>\n<!-- \/ Yoast SEO plugin. -->","yoast_head_json":{"title":"Andando las Ausencias por la Esperanza, ritual a 10 a\u00f1os de la desaparici\u00f3n de Mar\u00eda Dolores Rizo - Red Denuncia Feminicidios Estado de M\u00e9xico","robots":{"index":"index","follow":"follow","max-snippet":"max-snippet:-1","max-image-preview":"max-image-preview:large","max-video-preview":"max-video-preview:-1"},"canonical":"https:\/\/reddenunciafeminicidiosestadodemexico.com\/index.php\/andando-las-ausencias-por-la-esperanza-ritual-a-10-anos-de-la-desaparicion-de-maria-dolores-rizo\/","og_locale":"es_ES","og_type":"article","og_title":"Andando las Ausencias por la Esperanza, ritual a 10 a\u00f1os de la desaparici\u00f3n de Mar\u00eda Dolores Rizo - Red Denuncia Feminicidios Estado de M\u00e9xico","og_description":"Mar\u00eda Dolores Rizo Ju\u00e1rez desapareci\u00f3 hace diez a\u00f1os, su familia la sigue buscando. El 22 de diciembre de 2012 Mary, de 47 a\u00f1os, sali\u00f3 hacia su trabajo, de Atenco hacia el camino viejo a Tepexpan, Estado de M\u00e9xico, pero nunca lleg\u00f3. Desde ese d\u00eda no se sabe nada de ella, durante todo este tiempo su [&hellip;]","og_url":"https:\/\/reddenunciafeminicidiosestadodemexico.com\/index.php\/andando-las-ausencias-por-la-esperanza-ritual-a-10-anos-de-la-desaparicion-de-maria-dolores-rizo\/","og_site_name":"Red Denuncia Feminicidios Estado de M\u00e9xico","article_modified_time":"2023-07-05T20:13:48+00:00","twitter_card":"summary_large_image","twitter_misc":{"Tiempo de lectura":"1 minuto"},"schema":{"@context":"https:\/\/schema.org","@graph":[{"@type":"WebPage","@id":"https:\/\/reddenunciafeminicidiosestadodemexico.com\/index.php\/andando-las-ausencias-por-la-esperanza-ritual-a-10-anos-de-la-desaparicion-de-maria-dolores-rizo\/","url":"https:\/\/reddenunciafeminicidiosestadodemexico.com\/index.php\/andando-las-ausencias-por-la-esperanza-ritual-a-10-anos-de-la-desaparicion-de-maria-dolores-rizo\/","name":"Andando las Ausencias por la Esperanza, ritual a 10 a\u00f1os de la desaparici\u00f3n de Mar\u00eda Dolores Rizo - Red Denuncia Feminicidios Estado de M\u00e9xico","isPartOf":{"@id":"https:\/\/reddenunciafeminicidiosestadodemexico.com\/#website"},"datePublished":"2023-06-21T22:37:40+00:00","dateModified":"2023-07-05T20:13:48+00:00","breadcrumb":{"@id":"https:\/\/reddenunciafeminicidiosestadodemexico.com\/index.php\/andando-las-ausencias-por-la-esperanza-ritual-a-10-anos-de-la-desaparicion-de-maria-dolores-rizo\/#breadcrumb"},"inLanguage":"es","potentialAction":[{"@type":"ReadAction","target":["https:\/\/reddenunciafeminicidiosestadodemexico.com\/index.php\/andando-las-ausencias-por-la-esperanza-ritual-a-10-anos-de-la-desaparicion-de-maria-dolores-rizo\/"]}]},{"@type":"BreadcrumbList","@id":"https:\/\/reddenunciafeminicidiosestadodemexico.com\/index.php\/andando-las-ausencias-por-la-esperanza-ritual-a-10-anos-de-la-desaparicion-de-maria-dolores-rizo\/#breadcrumb","itemListElement":[{"@type":"ListItem","position":1,"name":"Portada","item":"https:\/\/reddenunciafeminicidiosestadodemexico.com\/"},{"@type":"ListItem","position":2,"name":"Andando las Ausencias por la Esperanza, ritual a 10 a\u00f1os de la desaparici\u00f3n de Mar\u00eda Dolores Rizo"}]},{"@type":"WebSite","@id":"https:\/\/reddenunciafeminicidiosestadodemexico.com\/#website","url":"https:\/\/reddenunciafeminicidiosestadodemexico.com\/","name":"Red Denuncia Feminicidios Estado de M\u00e9xico","description":"","potentialAction":[{"@type":"SearchAction","target":{"@type":"EntryPoint","urlTemplate":"https:\/\/reddenunciafeminicidiosestadodemexico.com\/?s={search_term_string}"},"query-input":{"@type":"PropertyValueSpecification","valueRequired":true,"valueName":"search_term_string"}}],"inLanguage":"es"}]}},"_links":{"self":[{"href":"https:\/\/reddenunciafeminicidiosestadodemexico.com\/index.php\/wp-json\/wp\/v2\/pages\/254","targetHints":{"allow":["GET"]}}],"collection":[{"href":"https:\/\/reddenunciafeminicidiosestadodemexico.com\/index.php\/wp-json\/wp\/v2\/pages"}],"about":[{"href":"https:\/\/reddenunciafeminicidiosestadodemexico.com\/index.php\/wp-json\/wp\/v2\/types\/page"}],"author":[{"embeddable":true,"href":"https:\/\/reddenunciafeminicidiosestadodemexico.com\/index.php\/wp-json\/wp\/v2\/users\/1"}],"replies":[{"embeddable":true,"href":"https:\/\/reddenunciafeminicidiosestadodemexico.com\/index.php\/wp-json\/wp\/v2\/comments?post=254"}],"version-history":[{"count":3,"href":"https:\/\/reddenunciafeminicidiosestadodemexico.com\/index.php\/wp-json\/wp\/v2\/pages\/254\/revisions"}],"predecessor-version":[{"id":298,"href":"https:\/\/reddenunciafeminicidiosestadodemexico.com\/index.php\/wp-json\/wp\/v2\/pages\/254\/revisions\/298"}],"wp:attachment":[{"href":"https:\/\/reddenunciafeminicidiosestadodemexico.com\/index.php\/wp-json\/wp\/v2\/media?parent=254"}],"curies":[{"name":"wp","href":"https:\/\/api.w.org\/{rel}","templated":true}]}}