{"id":272,"date":"2023-06-29T00:45:26","date_gmt":"2023-06-29T00:45:26","guid":{"rendered":"https:\/\/reddenunciafeminicidiosestadodemexico.com\/?page_id=272"},"modified":"2023-07-05T20:11:21","modified_gmt":"2023-07-05T20:11:21","slug":"caminata-en-memoria-de-karen-y-erick-alvarado-moso","status":"publish","type":"page","link":"https:\/\/reddenunciafeminicidiosestadodemexico.com\/index.php\/caminata-en-memoria-de-karen-y-erick-alvarado-moso\/","title":{"rendered":"Caminata en memoria de Karen y Erick Alvarado Moso"},"content":{"rendered":"\n<figure class=\"wp-block-embed is-type-video is-provider-youtube wp-block-embed-youtube wp-embed-aspect-16-9 wp-has-aspect-ratio\"><div class=\"wp-block-embed__wrapper\">\n<iframe loading=\"lazy\" title=\"\u00a1Siempre Juntos! Caminata en memoria de Karen y Erik Alvarado Mosso\" width=\"500\" height=\"281\" src=\"https:\/\/www.youtube.com\/embed\/-BAyH0-yeoo?feature=oembed\" frameborder=\"0\" allow=\"accelerometer; autoplay; clipboard-write; encrypted-media; gyroscope; picture-in-picture; web-share\" referrerpolicy=\"strict-origin-when-cross-origin\" allowfullscreen><\/iframe>\n<\/div><\/figure>\n\n\n\n<p>\u00a1Siempre Juntos! Video realizado por Paco Dorado durante la caminata en memoria a dos a\u00f1os del feminicidio y asesinato de Karen y Erik Alvarado Mosso, el 04 de agosto de 2016, mientras su mam\u00e1, Sacrisanta Mosso Rend\u00f3n, se encontraba trabajando. Karen estudiaba el 5\u00ba semestre en el Colegio de Ciencias y Humanidades (CCH) Vallejo, Erik estaba por entrar a la secundaria. Ambos fueron golpeados, torturados y asesinados por estrangulamiento; Karen fue violada, su mam\u00e1 la encontr\u00f3 en el ba\u00f1o de su casa con un cintur\u00f3n en el cuello; a Erik en su cama, amarrado. Al asesino, su primo y vecino de 16 a\u00f1os, las autoridades le dictaron una sentencia de 5 a\u00f1os de prisi\u00f3n. En 4 a\u00f1os m\u00e1s estar\u00e1 libre. Sacrisanta Mosso ha realizado una serie de acciones en la comunidad exigiendo una verdadera justicia para sus hijos, no una de 5 a\u00f1os de prisi\u00f3n para la persona que le arrebat\u00f3 la vida de sus hijos. Esta caminata se realiz\u00f3 en Ecatepec, por los sitios que fueron importantes en la vida de Karen y Erik, y fue acompa\u00f1ada por familiares, amigas, amigos, gente de la comunidad, as\u00ed como las maestras y maestros de ambos, y organizaciones defensoras de derechos humanos de las mujeres y los j\u00f3venes, tales como la Red Denuncia Feminicidios Estado de M\u00e9xico y Nos Hacen Falta, de la Universidad Nacional Aut\u00f3noma de M\u00e9xico (UNAM), el 4 de agosto de 2018.<\/p>\n<!-- AddThis Advanced Settings generic via filter on the_content --><!-- AddThis Share Buttons generic via filter on the_content -->","protected":false},"excerpt":{"rendered":"<p>\u00a1Siempre Juntos! Video realizado por Paco Dorado durante la caminata en memoria a dos a\u00f1os del feminicidio y asesinato de Karen y Erik Alvarado Mosso, el 04 de agosto de 2016, mientras su mam\u00e1, Sacrisanta Mosso Rend\u00f3n, se encontraba trabajando. Karen estudiaba el 5\u00ba semestre en el Colegio de Ciencias y Humanidades (CCH) Vallejo, Erik [&hellip;]<!-- AddThis Advanced Settings generic via filter on get_the_excerpt --><!-- AddThis Share Buttons generic via filter on get_the_excerpt --><\/p>\n","protected":false},"author":1,"featured_media":0,"parent":0,"menu_order":0,"comment_status":"closed","ping_status":"closed","template":"","meta":{"footnotes":""},"class_list":["post-272","page","type-page","status-publish","hentry"],"yoast_head":"<!-- This site is optimized with the Yoast SEO plugin v27.0 - https:\/\/yoast.com\/product\/yoast-seo-wordpress\/ -->\n<title>Caminata en memoria de Karen y Erick Alvarado Moso - Red Denuncia Feminicidios Estado de M\u00e9xico<\/title>\n<meta name=\"robots\" content=\"index, follow, max-snippet:-1, max-image-preview:large, max-video-preview:-1\" \/>\n<link rel=\"canonical\" href=\"https:\/\/reddenunciafeminicidiosestadodemexico.com\/index.php\/caminata-en-memoria-de-karen-y-erick-alvarado-moso\/\" \/>\n<meta property=\"og:locale\" content=\"es_ES\" \/>\n<meta property=\"og:type\" content=\"article\" \/>\n<meta property=\"og:title\" content=\"Caminata en memoria de Karen y Erick Alvarado Moso - Red Denuncia Feminicidios Estado de M\u00e9xico\" \/>\n<meta property=\"og:description\" content=\"\u00a1Siempre Juntos! Video realizado por Paco Dorado durante la caminata en memoria a dos a\u00f1os del feminicidio y asesinato de Karen y Erik Alvarado Mosso, el 04 de agosto de 2016, mientras su mam\u00e1, Sacrisanta Mosso Rend\u00f3n, se encontraba trabajando. Karen estudiaba el 5\u00ba semestre en el Colegio de Ciencias y Humanidades (CCH) Vallejo, Erik [&hellip;]\" \/>\n<meta property=\"og:url\" content=\"https:\/\/reddenunciafeminicidiosestadodemexico.com\/index.php\/caminata-en-memoria-de-karen-y-erick-alvarado-moso\/\" \/>\n<meta property=\"og:site_name\" content=\"Red Denuncia Feminicidios Estado de M\u00e9xico\" \/>\n<meta property=\"article:modified_time\" content=\"2023-07-05T20:11:21+00:00\" \/>\n<meta name=\"twitter:card\" content=\"summary_large_image\" \/>\n<meta name=\"twitter:label1\" content=\"Tiempo de lectura\" \/>\n\t<meta name=\"twitter:data1\" content=\"1 minuto\" \/>\n<script type=\"application\/ld+json\" class=\"yoast-schema-graph\">{\"@context\":\"https:\/\/schema.org\",\"@graph\":[{\"@type\":\"WebPage\",\"@id\":\"https:\/\/reddenunciafeminicidiosestadodemexico.com\/index.php\/caminata-en-memoria-de-karen-y-erick-alvarado-moso\/\",\"url\":\"https:\/\/reddenunciafeminicidiosestadodemexico.com\/index.php\/caminata-en-memoria-de-karen-y-erick-alvarado-moso\/\",\"name\":\"Caminata en memoria de Karen y Erick Alvarado Moso - Red Denuncia Feminicidios Estado de M\u00e9xico\",\"isPartOf\":{\"@id\":\"https:\/\/reddenunciafeminicidiosestadodemexico.com\/#website\"},\"datePublished\":\"2023-06-29T00:45:26+00:00\",\"dateModified\":\"2023-07-05T20:11:21+00:00\",\"breadcrumb\":{\"@id\":\"https:\/\/reddenunciafeminicidiosestadodemexico.com\/index.php\/caminata-en-memoria-de-karen-y-erick-alvarado-moso\/#breadcrumb\"},\"inLanguage\":\"es\",\"potentialAction\":[{\"@type\":\"ReadAction\",\"target\":[\"https:\/\/reddenunciafeminicidiosestadodemexico.com\/index.php\/caminata-en-memoria-de-karen-y-erick-alvarado-moso\/\"]}]},{\"@type\":\"BreadcrumbList\",\"@id\":\"https:\/\/reddenunciafeminicidiosestadodemexico.com\/index.php\/caminata-en-memoria-de-karen-y-erick-alvarado-moso\/#breadcrumb\",\"itemListElement\":[{\"@type\":\"ListItem\",\"position\":1,\"name\":\"Portada\",\"item\":\"https:\/\/reddenunciafeminicidiosestadodemexico.com\/\"},{\"@type\":\"ListItem\",\"position\":2,\"name\":\"Caminata en memoria de Karen y Erick Alvarado Moso\"}]},{\"@type\":\"WebSite\",\"@id\":\"https:\/\/reddenunciafeminicidiosestadodemexico.com\/#website\",\"url\":\"https:\/\/reddenunciafeminicidiosestadodemexico.com\/\",\"name\":\"Red Denuncia Feminicidios Estado de M\u00e9xico\",\"description\":\"\",\"potentialAction\":[{\"@type\":\"SearchAction\",\"target\":{\"@type\":\"EntryPoint\",\"urlTemplate\":\"https:\/\/reddenunciafeminicidiosestadodemexico.com\/?s={search_term_string}\"},\"query-input\":{\"@type\":\"PropertyValueSpecification\",\"valueRequired\":true,\"valueName\":\"search_term_string\"}}],\"inLanguage\":\"es\"}]}<\/script>\n<!-- \/ Yoast SEO plugin. -->","yoast_head_json":{"title":"Caminata en memoria de Karen y Erick Alvarado Moso - Red Denuncia Feminicidios Estado de M\u00e9xico","robots":{"index":"index","follow":"follow","max-snippet":"max-snippet:-1","max-image-preview":"max-image-preview:large","max-video-preview":"max-video-preview:-1"},"canonical":"https:\/\/reddenunciafeminicidiosestadodemexico.com\/index.php\/caminata-en-memoria-de-karen-y-erick-alvarado-moso\/","og_locale":"es_ES","og_type":"article","og_title":"Caminata en memoria de Karen y Erick Alvarado Moso - Red Denuncia Feminicidios Estado de M\u00e9xico","og_description":"\u00a1Siempre Juntos! Video realizado por Paco Dorado durante la caminata en memoria a dos a\u00f1os del feminicidio y asesinato de Karen y Erik Alvarado Mosso, el 04 de agosto de 2016, mientras su mam\u00e1, Sacrisanta Mosso Rend\u00f3n, se encontraba trabajando. Karen estudiaba el 5\u00ba semestre en el Colegio de Ciencias y Humanidades (CCH) Vallejo, Erik [&hellip;]","og_url":"https:\/\/reddenunciafeminicidiosestadodemexico.com\/index.php\/caminata-en-memoria-de-karen-y-erick-alvarado-moso\/","og_site_name":"Red Denuncia Feminicidios Estado de M\u00e9xico","article_modified_time":"2023-07-05T20:11:21+00:00","twitter_card":"summary_large_image","twitter_misc":{"Tiempo de lectura":"1 minuto"},"schema":{"@context":"https:\/\/schema.org","@graph":[{"@type":"WebPage","@id":"https:\/\/reddenunciafeminicidiosestadodemexico.com\/index.php\/caminata-en-memoria-de-karen-y-erick-alvarado-moso\/","url":"https:\/\/reddenunciafeminicidiosestadodemexico.com\/index.php\/caminata-en-memoria-de-karen-y-erick-alvarado-moso\/","name":"Caminata en memoria de Karen y Erick Alvarado Moso - Red Denuncia Feminicidios Estado de M\u00e9xico","isPartOf":{"@id":"https:\/\/reddenunciafeminicidiosestadodemexico.com\/#website"},"datePublished":"2023-06-29T00:45:26+00:00","dateModified":"2023-07-05T20:11:21+00:00","breadcrumb":{"@id":"https:\/\/reddenunciafeminicidiosestadodemexico.com\/index.php\/caminata-en-memoria-de-karen-y-erick-alvarado-moso\/#breadcrumb"},"inLanguage":"es","potentialAction":[{"@type":"ReadAction","target":["https:\/\/reddenunciafeminicidiosestadodemexico.com\/index.php\/caminata-en-memoria-de-karen-y-erick-alvarado-moso\/"]}]},{"@type":"BreadcrumbList","@id":"https:\/\/reddenunciafeminicidiosestadodemexico.com\/index.php\/caminata-en-memoria-de-karen-y-erick-alvarado-moso\/#breadcrumb","itemListElement":[{"@type":"ListItem","position":1,"name":"Portada","item":"https:\/\/reddenunciafeminicidiosestadodemexico.com\/"},{"@type":"ListItem","position":2,"name":"Caminata en memoria de Karen y Erick Alvarado Moso"}]},{"@type":"WebSite","@id":"https:\/\/reddenunciafeminicidiosestadodemexico.com\/#website","url":"https:\/\/reddenunciafeminicidiosestadodemexico.com\/","name":"Red Denuncia Feminicidios Estado de M\u00e9xico","description":"","potentialAction":[{"@type":"SearchAction","target":{"@type":"EntryPoint","urlTemplate":"https:\/\/reddenunciafeminicidiosestadodemexico.com\/?s={search_term_string}"},"query-input":{"@type":"PropertyValueSpecification","valueRequired":true,"valueName":"search_term_string"}}],"inLanguage":"es"}]}},"_links":{"self":[{"href":"https:\/\/reddenunciafeminicidiosestadodemexico.com\/index.php\/wp-json\/wp\/v2\/pages\/272","targetHints":{"allow":["GET"]}}],"collection":[{"href":"https:\/\/reddenunciafeminicidiosestadodemexico.com\/index.php\/wp-json\/wp\/v2\/pages"}],"about":[{"href":"https:\/\/reddenunciafeminicidiosestadodemexico.com\/index.php\/wp-json\/wp\/v2\/types\/page"}],"author":[{"embeddable":true,"href":"https:\/\/reddenunciafeminicidiosestadodemexico.com\/index.php\/wp-json\/wp\/v2\/users\/1"}],"replies":[{"embeddable":true,"href":"https:\/\/reddenunciafeminicidiosestadodemexico.com\/index.php\/wp-json\/wp\/v2\/comments?post=272"}],"version-history":[{"count":2,"href":"https:\/\/reddenunciafeminicidiosestadodemexico.com\/index.php\/wp-json\/wp\/v2\/pages\/272\/revisions"}],"predecessor-version":[{"id":297,"href":"https:\/\/reddenunciafeminicidiosestadodemexico.com\/index.php\/wp-json\/wp\/v2\/pages\/272\/revisions\/297"}],"wp:attachment":[{"href":"https:\/\/reddenunciafeminicidiosestadodemexico.com\/index.php\/wp-json\/wp\/v2\/media?parent=272"}],"curies":[{"name":"wp","href":"https:\/\/api.w.org\/{rel}","templated":true}]}}