{"id":279,"date":"2023-06-29T00:55:55","date_gmt":"2023-06-29T00:55:55","guid":{"rendered":"https:\/\/reddenunciafeminicidiosestadodemexico.com\/?page_id=279"},"modified":"2023-07-05T20:09:38","modified_gmt":"2023-07-05T20:09:38","slug":"justicia-para-fernandita","status":"publish","type":"page","link":"https:\/\/reddenunciafeminicidiosestadodemexico.com\/index.php\/justicia-para-fernandita\/","title":{"rendered":"Justicia para Fernandita"},"content":{"rendered":"\n<figure class=\"wp-block-embed is-type-video is-provider-youtube wp-block-embed-youtube wp-embed-aspect-16-9 wp-has-aspect-ratio\"><div class=\"wp-block-embed__wrapper\">\n<iframe loading=\"lazy\" title=\"Renacer Desde la Indiferencia #JusticiaParaFernandita GAM, CDMX\" width=\"500\" height=\"281\" src=\"https:\/\/www.youtube.com\/embed\/3JScO36ZZN4?feature=oembed\" frameborder=\"0\" allow=\"accelerometer; autoplay; clipboard-write; encrypted-media; gyroscope; picture-in-picture; web-share\" referrerpolicy=\"strict-origin-when-cross-origin\" allowfullscreen><\/iframe>\n<\/div><\/figure>\n\n\n\n<p>Fernanda Cervantes Fern\u00e1ndez, de 17 a\u00f1os, viv\u00eda en Ecatepec, Estado de M\u00e9xico, el fin de semana del 25 de agosto de 2018 fue a visitar a su pap\u00e1 en la colonia CTM-El Risco, en la alcald\u00eda Gustavo A. Madero, de la Ciudad de M\u00e9xico. Esa tarde Fernandita, como le dec\u00eda su familia, sali\u00f3 a la tienda y nunca regres\u00f3. De acuerdo a los familiares, un individuo de nombre Mario \u00abN\u00bb, de 27 a\u00f1os, que viv\u00eda en la misma colonia, la hab\u00eda acosado v\u00eda redes sociales (Facebook) durante dos a\u00f1os y la intercept\u00f3 en su camino; la llev\u00f3 a \u00abuna fiesta\u00bb. Encontraron a Fernandita a\u00fan con vida hasta las ocho de la ma\u00f1ana del siguiente d\u00eda en un andador cercano a su casa, a solamente doscientos metros; estaba desnuda y golpeada, la hab\u00edan violado y torturado. Durante el camino al hospital, muri\u00f3 en la ambulancia. Hubieron vecinos que escucharon a la joven pedir ayuda, pero nadie sali\u00f3 a apoyarla. Mario \u00abN\u00bb se encuentra en proceso legal por el feminicidio de Fernanda Cervantes Fern\u00e1ndez, pr\u00f3ximamente se llevar\u00e1 a cabo un juicio oral para imputarlo por los hechos. Existen testificaciones de los j\u00f3venes que estuvieron en dicha reuni\u00f3n, quienes aseguran que los vieron salirse del lugar, adem\u00e1s quien fuera la pareja sentimental de \u00e9l asegur\u00f3 que ese d\u00eda lleg\u00f3 a su casa ensangrentado, sumamente nervioso y tra\u00eda el tel\u00e9fono celular de Fernanda, mismo que entreg\u00f3 a las autoridades. A un a\u00f1o del feminicidio de Fernandita, sus famila, amigos y organizaciones de la sociedad civil realizaron una jornada en su memoria y en exigencia de <a href=\"https:\/\/www.youtube.com\/hashtag\/justiciaparafernandita\">#JusticiaParaFernandita<\/a>! <a href=\"https:\/\/www.youtube.com\/hashtag\/niunam%C3%A1s\">#NiUnaM\u00e1s<\/a>! <a href=\"https:\/\/www.youtube.com\/hashtag\/niunamenos\">#NiUnaMenos<\/a>! <a href=\"https:\/\/www.youtube.com\/hashtag\/vivasysinmiedonosqueremos\">#VivasySinMiedoNosQueremos<\/a>!<\/p>\n<!-- AddThis Advanced Settings generic via filter on the_content --><!-- AddThis Share Buttons generic via filter on the_content -->","protected":false},"excerpt":{"rendered":"<p>Fernanda Cervantes Fern\u00e1ndez, de 17 a\u00f1os, viv\u00eda en Ecatepec, Estado de M\u00e9xico, el fin de semana del 25 de agosto de 2018 fue a visitar a su pap\u00e1 en la colonia CTM-El Risco, en la alcald\u00eda Gustavo A. Madero, de la Ciudad de M\u00e9xico. Esa tarde Fernandita, como le dec\u00eda su familia, sali\u00f3 a la [&hellip;]<!-- AddThis Advanced Settings generic via filter on get_the_excerpt --><!-- AddThis Share Buttons generic via filter on get_the_excerpt --><\/p>\n","protected":false},"author":1,"featured_media":0,"parent":0,"menu_order":0,"comment_status":"closed","ping_status":"closed","template":"","meta":{"footnotes":""},"class_list":["post-279","page","type-page","status-publish","hentry"],"yoast_head":"<!-- This site is optimized with the Yoast SEO plugin v27.0 - https:\/\/yoast.com\/product\/yoast-seo-wordpress\/ -->\n<title>Justicia para Fernandita - Red Denuncia Feminicidios Estado de M\u00e9xico<\/title>\n<meta name=\"robots\" content=\"index, follow, max-snippet:-1, max-image-preview:large, max-video-preview:-1\" \/>\n<link rel=\"canonical\" href=\"https:\/\/reddenunciafeminicidiosestadodemexico.com\/index.php\/justicia-para-fernandita\/\" \/>\n<meta property=\"og:locale\" content=\"es_ES\" \/>\n<meta property=\"og:type\" content=\"article\" \/>\n<meta property=\"og:title\" content=\"Justicia para Fernandita - Red Denuncia Feminicidios Estado de M\u00e9xico\" \/>\n<meta property=\"og:description\" content=\"Fernanda Cervantes Fern\u00e1ndez, de 17 a\u00f1os, viv\u00eda en Ecatepec, Estado de M\u00e9xico, el fin de semana del 25 de agosto de 2018 fue a visitar a su pap\u00e1 en la colonia CTM-El Risco, en la alcald\u00eda Gustavo A. Madero, de la Ciudad de M\u00e9xico. Esa tarde Fernandita, como le dec\u00eda su familia, sali\u00f3 a la [&hellip;]\" \/>\n<meta property=\"og:url\" content=\"https:\/\/reddenunciafeminicidiosestadodemexico.com\/index.php\/justicia-para-fernandita\/\" \/>\n<meta property=\"og:site_name\" content=\"Red Denuncia Feminicidios Estado de M\u00e9xico\" \/>\n<meta property=\"article:modified_time\" content=\"2023-07-05T20:09:38+00:00\" \/>\n<meta name=\"twitter:card\" content=\"summary_large_image\" \/>\n<meta name=\"twitter:label1\" content=\"Tiempo de lectura\" \/>\n\t<meta name=\"twitter:data1\" content=\"1 minuto\" \/>\n<script type=\"application\/ld+json\" class=\"yoast-schema-graph\">{\"@context\":\"https:\/\/schema.org\",\"@graph\":[{\"@type\":\"WebPage\",\"@id\":\"https:\/\/reddenunciafeminicidiosestadodemexico.com\/index.php\/justicia-para-fernandita\/\",\"url\":\"https:\/\/reddenunciafeminicidiosestadodemexico.com\/index.php\/justicia-para-fernandita\/\",\"name\":\"Justicia para Fernandita - Red Denuncia Feminicidios Estado de M\u00e9xico\",\"isPartOf\":{\"@id\":\"https:\/\/reddenunciafeminicidiosestadodemexico.com\/#website\"},\"datePublished\":\"2023-06-29T00:55:55+00:00\",\"dateModified\":\"2023-07-05T20:09:38+00:00\",\"breadcrumb\":{\"@id\":\"https:\/\/reddenunciafeminicidiosestadodemexico.com\/index.php\/justicia-para-fernandita\/#breadcrumb\"},\"inLanguage\":\"es\",\"potentialAction\":[{\"@type\":\"ReadAction\",\"target\":[\"https:\/\/reddenunciafeminicidiosestadodemexico.com\/index.php\/justicia-para-fernandita\/\"]}]},{\"@type\":\"BreadcrumbList\",\"@id\":\"https:\/\/reddenunciafeminicidiosestadodemexico.com\/index.php\/justicia-para-fernandita\/#breadcrumb\",\"itemListElement\":[{\"@type\":\"ListItem\",\"position\":1,\"name\":\"Portada\",\"item\":\"https:\/\/reddenunciafeminicidiosestadodemexico.com\/\"},{\"@type\":\"ListItem\",\"position\":2,\"name\":\"Justicia para Fernandita\"}]},{\"@type\":\"WebSite\",\"@id\":\"https:\/\/reddenunciafeminicidiosestadodemexico.com\/#website\",\"url\":\"https:\/\/reddenunciafeminicidiosestadodemexico.com\/\",\"name\":\"Red Denuncia Feminicidios Estado de M\u00e9xico\",\"description\":\"\",\"potentialAction\":[{\"@type\":\"SearchAction\",\"target\":{\"@type\":\"EntryPoint\",\"urlTemplate\":\"https:\/\/reddenunciafeminicidiosestadodemexico.com\/?s={search_term_string}\"},\"query-input\":{\"@type\":\"PropertyValueSpecification\",\"valueRequired\":true,\"valueName\":\"search_term_string\"}}],\"inLanguage\":\"es\"}]}<\/script>\n<!-- \/ Yoast SEO plugin. -->","yoast_head_json":{"title":"Justicia para Fernandita - Red Denuncia Feminicidios Estado de M\u00e9xico","robots":{"index":"index","follow":"follow","max-snippet":"max-snippet:-1","max-image-preview":"max-image-preview:large","max-video-preview":"max-video-preview:-1"},"canonical":"https:\/\/reddenunciafeminicidiosestadodemexico.com\/index.php\/justicia-para-fernandita\/","og_locale":"es_ES","og_type":"article","og_title":"Justicia para Fernandita - Red Denuncia Feminicidios Estado de M\u00e9xico","og_description":"Fernanda Cervantes Fern\u00e1ndez, de 17 a\u00f1os, viv\u00eda en Ecatepec, Estado de M\u00e9xico, el fin de semana del 25 de agosto de 2018 fue a visitar a su pap\u00e1 en la colonia CTM-El Risco, en la alcald\u00eda Gustavo A. Madero, de la Ciudad de M\u00e9xico. Esa tarde Fernandita, como le dec\u00eda su familia, sali\u00f3 a la [&hellip;]","og_url":"https:\/\/reddenunciafeminicidiosestadodemexico.com\/index.php\/justicia-para-fernandita\/","og_site_name":"Red Denuncia Feminicidios Estado de M\u00e9xico","article_modified_time":"2023-07-05T20:09:38+00:00","twitter_card":"summary_large_image","twitter_misc":{"Tiempo de lectura":"1 minuto"},"schema":{"@context":"https:\/\/schema.org","@graph":[{"@type":"WebPage","@id":"https:\/\/reddenunciafeminicidiosestadodemexico.com\/index.php\/justicia-para-fernandita\/","url":"https:\/\/reddenunciafeminicidiosestadodemexico.com\/index.php\/justicia-para-fernandita\/","name":"Justicia para Fernandita - Red Denuncia Feminicidios Estado de M\u00e9xico","isPartOf":{"@id":"https:\/\/reddenunciafeminicidiosestadodemexico.com\/#website"},"datePublished":"2023-06-29T00:55:55+00:00","dateModified":"2023-07-05T20:09:38+00:00","breadcrumb":{"@id":"https:\/\/reddenunciafeminicidiosestadodemexico.com\/index.php\/justicia-para-fernandita\/#breadcrumb"},"inLanguage":"es","potentialAction":[{"@type":"ReadAction","target":["https:\/\/reddenunciafeminicidiosestadodemexico.com\/index.php\/justicia-para-fernandita\/"]}]},{"@type":"BreadcrumbList","@id":"https:\/\/reddenunciafeminicidiosestadodemexico.com\/index.php\/justicia-para-fernandita\/#breadcrumb","itemListElement":[{"@type":"ListItem","position":1,"name":"Portada","item":"https:\/\/reddenunciafeminicidiosestadodemexico.com\/"},{"@type":"ListItem","position":2,"name":"Justicia para Fernandita"}]},{"@type":"WebSite","@id":"https:\/\/reddenunciafeminicidiosestadodemexico.com\/#website","url":"https:\/\/reddenunciafeminicidiosestadodemexico.com\/","name":"Red Denuncia Feminicidios Estado de M\u00e9xico","description":"","potentialAction":[{"@type":"SearchAction","target":{"@type":"EntryPoint","urlTemplate":"https:\/\/reddenunciafeminicidiosestadodemexico.com\/?s={search_term_string}"},"query-input":{"@type":"PropertyValueSpecification","valueRequired":true,"valueName":"search_term_string"}}],"inLanguage":"es"}]}},"_links":{"self":[{"href":"https:\/\/reddenunciafeminicidiosestadodemexico.com\/index.php\/wp-json\/wp\/v2\/pages\/279","targetHints":{"allow":["GET"]}}],"collection":[{"href":"https:\/\/reddenunciafeminicidiosestadodemexico.com\/index.php\/wp-json\/wp\/v2\/pages"}],"about":[{"href":"https:\/\/reddenunciafeminicidiosestadodemexico.com\/index.php\/wp-json\/wp\/v2\/types\/page"}],"author":[{"embeddable":true,"href":"https:\/\/reddenunciafeminicidiosestadodemexico.com\/index.php\/wp-json\/wp\/v2\/users\/1"}],"replies":[{"embeddable":true,"href":"https:\/\/reddenunciafeminicidiosestadodemexico.com\/index.php\/wp-json\/wp\/v2\/comments?post=279"}],"version-history":[{"count":2,"href":"https:\/\/reddenunciafeminicidiosestadodemexico.com\/index.php\/wp-json\/wp\/v2\/pages\/279\/revisions"}],"predecessor-version":[{"id":296,"href":"https:\/\/reddenunciafeminicidiosestadodemexico.com\/index.php\/wp-json\/wp\/v2\/pages\/279\/revisions\/296"}],"wp:attachment":[{"href":"https:\/\/reddenunciafeminicidiosestadodemexico.com\/index.php\/wp-json\/wp\/v2\/media?parent=279"}],"curies":[{"name":"wp","href":"https:\/\/api.w.org\/{rel}","templated":true}]}}