{"id":304,"date":"2023-07-05T21:09:58","date_gmt":"2023-07-05T21:09:58","guid":{"rendered":"https:\/\/reddenunciafeminicidiosestadodemexico.com\/?page_id=304"},"modified":"2023-07-07T03:21:21","modified_gmt":"2023-07-07T03:21:21","slug":"textos-academicos","status":"publish","type":"page","link":"https:\/\/reddenunciafeminicidiosestadodemexico.com\/index.php\/textos-academicos\/","title":{"rendered":"Textos Acad\u00e9micos"},"content":{"rendered":"\n<figure class=\"wp-block-image size-full is-resized\"><a href=\"https:\/\/www.discursovisual.net\/dvweb42\/TT_42-07.html\"><img loading=\"lazy\" decoding=\"async\" src=\"https:\/\/reddenunciafeminicidiosestadodemexico.com\/wp-content\/uploads\/2023\/07\/Opera-Captura-de-pantalla_2023-07-05_174022_www.youtube.com_.png\" alt=\"\" class=\"wp-image-314\" width=\"285\" height=\"209\" srcset=\"https:\/\/reddenunciafeminicidiosestadodemexico.com\/wp-content\/uploads\/2023\/07\/Opera-Captura-de-pantalla_2023-07-05_174022_www.youtube.com_.png 702w, https:\/\/reddenunciafeminicidiosestadodemexico.com\/wp-content\/uploads\/2023\/07\/Opera-Captura-de-pantalla_2023-07-05_174022_www.youtube.com_-300x221.png 300w\" sizes=\"auto, (max-width: 285px) 100vw, 285px\" \/><\/a><figcaption class=\"wp-element-caption\"><em>Rostros de fuego<\/em>&nbsp;: formaci\u00f3n de espacialidades de justicia a trav\u00e9s del performance<\/figcaption><\/figure>\n\n\n\n<figure class=\"wp-block-image size-full is-resized\"><a href=\"https:\/\/revistaiztapalapa.izt.uam.mx\/index.php\/izt\/article\/view\/1693\/1789\"><img loading=\"lazy\" decoding=\"async\" src=\"https:\/\/reddenunciafeminicidiosestadodemexico.com\/wp-content\/uploads\/2023\/07\/Opera-Captura-de-pantalla_2023-07-05_174650_www.youtube.com_.png\" alt=\"\" class=\"wp-image-318\" width=\"284\" height=\"212\" srcset=\"https:\/\/reddenunciafeminicidiosestadodemexico.com\/wp-content\/uploads\/2023\/07\/Opera-Captura-de-pantalla_2023-07-05_174650_www.youtube.com_.png 642w, https:\/\/reddenunciafeminicidiosestadodemexico.com\/wp-content\/uploads\/2023\/07\/Opera-Captura-de-pantalla_2023-07-05_174650_www.youtube.com_-300x224.png 300w\" sizes=\"auto, (max-width: 284px) 100vw, 284px\" \/><\/a><figcaption class=\"wp-element-caption\">G\u00e9nero y mirada: la invisibilizaci\u00f3n del conocimiento producido por las mujeres en M\u00e9xico<br>Gender and gaze: the invisibility of knowledge produced by women in Mexico.<br><\/figcaption><\/figure>\n\n\n\n<figure class=\"wp-block-image size-full is-resized\"><a href=\"https:\/\/revistas.ucm.es\/index.php\/ARIS\/article\/view\/85394\"><img loading=\"lazy\" decoding=\"async\" src=\"https:\/\/reddenunciafeminicidiosestadodemexico.com\/wp-content\/uploads\/2023\/07\/Opera-Captura-de-pantalla_2023-07-05_174918_www.youtube.com_.png\" alt=\"\" class=\"wp-image-321\" width=\"290\" height=\"200\" srcset=\"https:\/\/reddenunciafeminicidiosestadodemexico.com\/wp-content\/uploads\/2023\/07\/Opera-Captura-de-pantalla_2023-07-05_174918_www.youtube.com_.png 682w, https:\/\/reddenunciafeminicidiosestadodemexico.com\/wp-content\/uploads\/2023\/07\/Opera-Captura-de-pantalla_2023-07-05_174918_www.youtube.com_-300x208.png 300w\" sizes=\"auto, (max-width: 290px) 100vw, 290px\" \/><\/a><figcaption class=\"wp-element-caption\">Utop\u00eda, educaci\u00f3n y pr\u00e1cticas art\u00edsticas: el lumpenperformance como herramienta pedag\u00f3gica para crear esperanza ante el abandono en la periferia urbana<\/figcaption><\/figure>\n\n\n\n<figure class=\"wp-block-image size-full is-resized\"><a href=\"https:\/\/ru.crim.unam.mx\/handle\/123456789\/1081\"><img loading=\"lazy\" decoding=\"async\" src=\"https:\/\/reddenunciafeminicidiosestadodemexico.com\/wp-content\/uploads\/2023\/07\/Opera-Captura-de-pantalla_2023-07-05_175205_www.youtube.com_.png\" alt=\"\" class=\"wp-image-324\" width=\"293\" height=\"223\" srcset=\"https:\/\/reddenunciafeminicidiosestadodemexico.com\/wp-content\/uploads\/2023\/07\/Opera-Captura-de-pantalla_2023-07-05_175205_www.youtube.com_.png 675w, https:\/\/reddenunciafeminicidiosestadodemexico.com\/wp-content\/uploads\/2023\/07\/Opera-Captura-de-pantalla_2023-07-05_175205_www.youtube.com_-300x229.png 300w\" sizes=\"auto, (max-width: 293px) 100vw, 293px\" \/><\/a><figcaption class=\"wp-element-caption\">Poner el cuerpo: disidencias m\u00e1s all\u00e1 del Estado e im\u00e1genes encarnadas (Activismos en torno al feminicidio en M\u00e9xico)<\/figcaption><\/figure>\n\n\n\n<figure class=\"wp-block-image size-full is-resized\"><a href=\"https:\/\/piedepagina.mx\/una-escuela-contra-la-dominacion\/\"><img loading=\"lazy\" decoding=\"async\" src=\"https:\/\/reddenunciafeminicidiosestadodemexico.com\/wp-content\/uploads\/2023\/07\/Opera-Captura-de-pantalla_2023-07-05_175954_piedepagina.mx_.png\" alt=\"\" class=\"wp-image-327\" width=\"295\" height=\"226\" srcset=\"https:\/\/reddenunciafeminicidiosestadodemexico.com\/wp-content\/uploads\/2023\/07\/Opera-Captura-de-pantalla_2023-07-05_175954_piedepagina.mx_.png 804w, https:\/\/reddenunciafeminicidiosestadodemexico.com\/wp-content\/uploads\/2023\/07\/Opera-Captura-de-pantalla_2023-07-05_175954_piedepagina.mx_-300x231.png 300w, https:\/\/reddenunciafeminicidiosestadodemexico.com\/wp-content\/uploads\/2023\/07\/Opera-Captura-de-pantalla_2023-07-05_175954_piedepagina.mx_-768x590.png 768w\" sizes=\"auto, (max-width: 295px) 100vw, 295px\" \/><\/a><figcaption class=\"wp-element-caption\">Una escuela contra la dominaci\u00f3n<\/figcaption><\/figure>\n<!-- AddThis Advanced Settings generic via filter on the_content --><!-- AddThis Share Buttons generic via filter on the_content -->","protected":false},"excerpt":{"rendered":"<p><!-- AddThis Advanced Settings generic via filter on get_the_excerpt --><!-- AddThis Share Buttons generic via filter on get_the_excerpt --><\/p>\n","protected":false},"author":1,"featured_media":0,"parent":0,"menu_order":0,"comment_status":"closed","ping_status":"closed","template":"","meta":{"footnotes":""},"class_list":["post-304","page","type-page","status-publish","hentry"],"yoast_head":"<!-- This site is optimized with the Yoast SEO plugin v27.0 - https:\/\/yoast.com\/product\/yoast-seo-wordpress\/ -->\n<title>Textos Acad\u00e9micos - Red Denuncia Feminicidios Estado de M\u00e9xico<\/title>\n<meta name=\"robots\" content=\"index, follow, max-snippet:-1, max-image-preview:large, max-video-preview:-1\" \/>\n<link rel=\"canonical\" href=\"https:\/\/reddenunciafeminicidiosestadodemexico.com\/index.php\/textos-academicos\/\" \/>\n<meta property=\"og:locale\" content=\"es_ES\" \/>\n<meta property=\"og:type\" content=\"article\" \/>\n<meta property=\"og:title\" content=\"Textos Acad\u00e9micos - Red Denuncia Feminicidios Estado de M\u00e9xico\" \/>\n<meta property=\"og:url\" content=\"https:\/\/reddenunciafeminicidiosestadodemexico.com\/index.php\/textos-academicos\/\" \/>\n<meta property=\"og:site_name\" content=\"Red Denuncia Feminicidios Estado de M\u00e9xico\" \/>\n<meta property=\"article:modified_time\" content=\"2023-07-07T03:21:21+00:00\" \/>\n<meta property=\"og:image\" content=\"https:\/\/reddenunciafeminicidiosestadodemexico.com\/wp-content\/uploads\/2023\/07\/Opera-Captura-de-pantalla_2023-07-05_174022_www.youtube.com_.png\" \/>\n<meta name=\"twitter:card\" content=\"summary_large_image\" \/>\n<script type=\"application\/ld+json\" class=\"yoast-schema-graph\">{\"@context\":\"https:\/\/schema.org\",\"@graph\":[{\"@type\":\"WebPage\",\"@id\":\"https:\/\/reddenunciafeminicidiosestadodemexico.com\/index.php\/textos-academicos\/\",\"url\":\"https:\/\/reddenunciafeminicidiosestadodemexico.com\/index.php\/textos-academicos\/\",\"name\":\"Textos Acad\u00e9micos - Red Denuncia Feminicidios Estado de M\u00e9xico\",\"isPartOf\":{\"@id\":\"https:\/\/reddenunciafeminicidiosestadodemexico.com\/#website\"},\"primaryImageOfPage\":{\"@id\":\"https:\/\/reddenunciafeminicidiosestadodemexico.com\/index.php\/textos-academicos\/#primaryimage\"},\"image\":{\"@id\":\"https:\/\/reddenunciafeminicidiosestadodemexico.com\/index.php\/textos-academicos\/#primaryimage\"},\"thumbnailUrl\":\"https:\/\/reddenunciafeminicidiosestadodemexico.com\/wp-content\/uploads\/2023\/07\/Opera-Captura-de-pantalla_2023-07-05_174022_www.youtube.com_.png\",\"datePublished\":\"2023-07-05T21:09:58+00:00\",\"dateModified\":\"2023-07-07T03:21:21+00:00\",\"breadcrumb\":{\"@id\":\"https:\/\/reddenunciafeminicidiosestadodemexico.com\/index.php\/textos-academicos\/#breadcrumb\"},\"inLanguage\":\"es\",\"potentialAction\":[{\"@type\":\"ReadAction\",\"target\":[\"https:\/\/reddenunciafeminicidiosestadodemexico.com\/index.php\/textos-academicos\/\"]}]},{\"@type\":\"ImageObject\",\"inLanguage\":\"es\",\"@id\":\"https:\/\/reddenunciafeminicidiosestadodemexico.com\/index.php\/textos-academicos\/#primaryimage\",\"url\":\"https:\/\/reddenunciafeminicidiosestadodemexico.com\/wp-content\/uploads\/2023\/07\/Opera-Captura-de-pantalla_2023-07-05_174022_www.youtube.com_.png\",\"contentUrl\":\"https:\/\/reddenunciafeminicidiosestadodemexico.com\/wp-content\/uploads\/2023\/07\/Opera-Captura-de-pantalla_2023-07-05_174022_www.youtube.com_.png\",\"width\":702,\"height\":517},{\"@type\":\"BreadcrumbList\",\"@id\":\"https:\/\/reddenunciafeminicidiosestadodemexico.com\/index.php\/textos-academicos\/#breadcrumb\",\"itemListElement\":[{\"@type\":\"ListItem\",\"position\":1,\"name\":\"Portada\",\"item\":\"https:\/\/reddenunciafeminicidiosestadodemexico.com\/\"},{\"@type\":\"ListItem\",\"position\":2,\"name\":\"Textos Acad\u00e9micos\"}]},{\"@type\":\"WebSite\",\"@id\":\"https:\/\/reddenunciafeminicidiosestadodemexico.com\/#website\",\"url\":\"https:\/\/reddenunciafeminicidiosestadodemexico.com\/\",\"name\":\"Red Denuncia Feminicidios Estado de M\u00e9xico\",\"description\":\"\",\"potentialAction\":[{\"@type\":\"SearchAction\",\"target\":{\"@type\":\"EntryPoint\",\"urlTemplate\":\"https:\/\/reddenunciafeminicidiosestadodemexico.com\/?s={search_term_string}\"},\"query-input\":{\"@type\":\"PropertyValueSpecification\",\"valueRequired\":true,\"valueName\":\"search_term_string\"}}],\"inLanguage\":\"es\"}]}<\/script>\n<!-- \/ Yoast SEO plugin. -->","yoast_head_json":{"title":"Textos Acad\u00e9micos - Red Denuncia Feminicidios Estado de M\u00e9xico","robots":{"index":"index","follow":"follow","max-snippet":"max-snippet:-1","max-image-preview":"max-image-preview:large","max-video-preview":"max-video-preview:-1"},"canonical":"https:\/\/reddenunciafeminicidiosestadodemexico.com\/index.php\/textos-academicos\/","og_locale":"es_ES","og_type":"article","og_title":"Textos Acad\u00e9micos - Red Denuncia Feminicidios Estado de M\u00e9xico","og_url":"https:\/\/reddenunciafeminicidiosestadodemexico.com\/index.php\/textos-academicos\/","og_site_name":"Red Denuncia Feminicidios Estado de M\u00e9xico","article_modified_time":"2023-07-07T03:21:21+00:00","og_image":[{"url":"https:\/\/reddenunciafeminicidiosestadodemexico.com\/wp-content\/uploads\/2023\/07\/Opera-Captura-de-pantalla_2023-07-05_174022_www.youtube.com_.png","type":"","width":"","height":""}],"twitter_card":"summary_large_image","schema":{"@context":"https:\/\/schema.org","@graph":[{"@type":"WebPage","@id":"https:\/\/reddenunciafeminicidiosestadodemexico.com\/index.php\/textos-academicos\/","url":"https:\/\/reddenunciafeminicidiosestadodemexico.com\/index.php\/textos-academicos\/","name":"Textos Acad\u00e9micos - Red Denuncia Feminicidios Estado de M\u00e9xico","isPartOf":{"@id":"https:\/\/reddenunciafeminicidiosestadodemexico.com\/#website"},"primaryImageOfPage":{"@id":"https:\/\/reddenunciafeminicidiosestadodemexico.com\/index.php\/textos-academicos\/#primaryimage"},"image":{"@id":"https:\/\/reddenunciafeminicidiosestadodemexico.com\/index.php\/textos-academicos\/#primaryimage"},"thumbnailUrl":"https:\/\/reddenunciafeminicidiosestadodemexico.com\/wp-content\/uploads\/2023\/07\/Opera-Captura-de-pantalla_2023-07-05_174022_www.youtube.com_.png","datePublished":"2023-07-05T21:09:58+00:00","dateModified":"2023-07-07T03:21:21+00:00","breadcrumb":{"@id":"https:\/\/reddenunciafeminicidiosestadodemexico.com\/index.php\/textos-academicos\/#breadcrumb"},"inLanguage":"es","potentialAction":[{"@type":"ReadAction","target":["https:\/\/reddenunciafeminicidiosestadodemexico.com\/index.php\/textos-academicos\/"]}]},{"@type":"ImageObject","inLanguage":"es","@id":"https:\/\/reddenunciafeminicidiosestadodemexico.com\/index.php\/textos-academicos\/#primaryimage","url":"https:\/\/reddenunciafeminicidiosestadodemexico.com\/wp-content\/uploads\/2023\/07\/Opera-Captura-de-pantalla_2023-07-05_174022_www.youtube.com_.png","contentUrl":"https:\/\/reddenunciafeminicidiosestadodemexico.com\/wp-content\/uploads\/2023\/07\/Opera-Captura-de-pantalla_2023-07-05_174022_www.youtube.com_.png","width":702,"height":517},{"@type":"BreadcrumbList","@id":"https:\/\/reddenunciafeminicidiosestadodemexico.com\/index.php\/textos-academicos\/#breadcrumb","itemListElement":[{"@type":"ListItem","position":1,"name":"Portada","item":"https:\/\/reddenunciafeminicidiosestadodemexico.com\/"},{"@type":"ListItem","position":2,"name":"Textos Acad\u00e9micos"}]},{"@type":"WebSite","@id":"https:\/\/reddenunciafeminicidiosestadodemexico.com\/#website","url":"https:\/\/reddenunciafeminicidiosestadodemexico.com\/","name":"Red Denuncia Feminicidios Estado de M\u00e9xico","description":"","potentialAction":[{"@type":"SearchAction","target":{"@type":"EntryPoint","urlTemplate":"https:\/\/reddenunciafeminicidiosestadodemexico.com\/?s={search_term_string}"},"query-input":{"@type":"PropertyValueSpecification","valueRequired":true,"valueName":"search_term_string"}}],"inLanguage":"es"}]}},"_links":{"self":[{"href":"https:\/\/reddenunciafeminicidiosestadodemexico.com\/index.php\/wp-json\/wp\/v2\/pages\/304","targetHints":{"allow":["GET"]}}],"collection":[{"href":"https:\/\/reddenunciafeminicidiosestadodemexico.com\/index.php\/wp-json\/wp\/v2\/pages"}],"about":[{"href":"https:\/\/reddenunciafeminicidiosestadodemexico.com\/index.php\/wp-json\/wp\/v2\/types\/page"}],"author":[{"embeddable":true,"href":"https:\/\/reddenunciafeminicidiosestadodemexico.com\/index.php\/wp-json\/wp\/v2\/users\/1"}],"replies":[{"embeddable":true,"href":"https:\/\/reddenunciafeminicidiosestadodemexico.com\/index.php\/wp-json\/wp\/v2\/comments?post=304"}],"version-history":[{"count":9,"href":"https:\/\/reddenunciafeminicidiosestadodemexico.com\/index.php\/wp-json\/wp\/v2\/pages\/304\/revisions"}],"predecessor-version":[{"id":398,"href":"https:\/\/reddenunciafeminicidiosestadodemexico.com\/index.php\/wp-json\/wp\/v2\/pages\/304\/revisions\/398"}],"wp:attachment":[{"href":"https:\/\/reddenunciafeminicidiosestadodemexico.com\/index.php\/wp-json\/wp\/v2\/media?parent=304"}],"curies":[{"name":"wp","href":"https:\/\/api.w.org\/{rel}","templated":true}]}}