{"id":31,"date":"2022-07-09T00:36:54","date_gmt":"2022-07-09T00:36:54","guid":{"rendered":"https:\/\/reddenunciafeminicidiosestadodemexico.com\/?page_id=31"},"modified":"2023-03-28T02:27:28","modified_gmt":"2023-03-28T02:27:28","slug":"quienes-somos","status":"publish","type":"page","link":"https:\/\/reddenunciafeminicidiosestadodemexico.com\/index.php\/quienes-somos\/","title":{"rendered":"Quienes somos"},"content":{"rendered":"\n<figure class=\"wp-block-image size-large\"><img loading=\"lazy\" decoding=\"async\" width=\"1024\" height=\"768\" src=\"https:\/\/reddenunciafeminicidiosestadodemexico.com\/wp-content\/uploads\/2023\/03\/ISJY8018-1024x768.jpg\" alt=\"\" class=\"wp-image-146\" srcset=\"https:\/\/reddenunciafeminicidiosestadodemexico.com\/wp-content\/uploads\/2023\/03\/ISJY8018-1024x768.jpg 1024w, https:\/\/reddenunciafeminicidiosestadodemexico.com\/wp-content\/uploads\/2023\/03\/ISJY8018-300x225.jpg 300w, https:\/\/reddenunciafeminicidiosestadodemexico.com\/wp-content\/uploads\/2023\/03\/ISJY8018-768x576.jpg 768w, https:\/\/reddenunciafeminicidiosestadodemexico.com\/wp-content\/uploads\/2023\/03\/ISJY8018.jpg 1440w\" sizes=\"auto, (max-width: 1024px) 100vw, 1024px\" \/><\/figure>\n\n\n\n<p><strong>Qui\u00e9nes somos?<\/strong><\/p>\n\n\n\n<p class=\"has-text-align-center\">Somos un grupo multidisciplinario de personas libres que nos organizamos para evidenciar y denunciar la violencia feminicida que viven las mujeres por el hecho de serlo, las desapariciones de ni\u00f1as y mujeres, y los feminicidios perpetrados en el Estado de M\u00e9xico y el pa\u00eds; as\u00ed como destacar los diferentes factores pol\u00edticos, econ\u00f3micos, sociales y culturales que lo propician y normalizan.<\/p>\n\n\n\n<figure class=\"wp-block-image aligncenter size-large\"><img loading=\"lazy\" decoding=\"async\" width=\"1024\" height=\"680\" src=\"https:\/\/reddenunciafeminicidiosestadodemexico.com\/wp-content\/uploads\/2023\/03\/9-1-1024x680.jpg\" alt=\"\" class=\"wp-image-140\" srcset=\"https:\/\/reddenunciafeminicidiosestadodemexico.com\/wp-content\/uploads\/2023\/03\/9-1-1024x680.jpg 1024w, https:\/\/reddenunciafeminicidiosestadodemexico.com\/wp-content\/uploads\/2023\/03\/9-1-300x199.jpg 300w, https:\/\/reddenunciafeminicidiosestadodemexico.com\/wp-content\/uploads\/2023\/03\/9-1-768x510.jpg 768w, https:\/\/reddenunciafeminicidiosestadodemexico.com\/wp-content\/uploads\/2023\/03\/9-1-1536x1019.jpg 1536w, https:\/\/reddenunciafeminicidiosestadodemexico.com\/wp-content\/uploads\/2023\/03\/9-1-2048x1359.jpg 2048w, https:\/\/reddenunciafeminicidiosestadodemexico.com\/wp-content\/uploads\/2023\/03\/9-1-1568x1041.jpg 1568w\" sizes=\"auto, (max-width: 1024px) 100vw, 1024px\" \/><\/figure>\n\n\n\n<p><strong>Objetivo<\/strong><\/p>\n\n\n\n<p class=\"has-text-align-center\">Nuestro objetivo es visibilizar la violencia feminicida tanto contextual como factoriales hacia las mujeres y los feminicidios en el Estado de M\u00e9xico y el pa\u00eds, mediante acciones de incidencia social, cultural, pol\u00edtica y art\u00edstica. Adem\u00e1s de generar estrategias que contribuyan a la desarticulaci\u00f3n de los discursos sociales, pol\u00edticos y culturales que la fomentan.<\/p>\n\n\n\n<figure class=\"wp-block-image size-large\"><img loading=\"lazy\" decoding=\"async\" width=\"1024\" height=\"768\" src=\"https:\/\/reddenunciafeminicidiosestadodemexico.com\/wp-content\/uploads\/2023\/03\/Fotografia-Paco-Dorado-18-1024x768.jpg\" alt=\"\" class=\"wp-image-142\" srcset=\"https:\/\/reddenunciafeminicidiosestadodemexico.com\/wp-content\/uploads\/2023\/03\/Fotografia-Paco-Dorado-18-1024x768.jpg 1024w, https:\/\/reddenunciafeminicidiosestadodemexico.com\/wp-content\/uploads\/2023\/03\/Fotografia-Paco-Dorado-18-300x225.jpg 300w, https:\/\/reddenunciafeminicidiosestadodemexico.com\/wp-content\/uploads\/2023\/03\/Fotografia-Paco-Dorado-18-768x576.jpg 768w, https:\/\/reddenunciafeminicidiosestadodemexico.com\/wp-content\/uploads\/2023\/03\/Fotografia-Paco-Dorado-18-1536x1152.jpg 1536w, https:\/\/reddenunciafeminicidiosestadodemexico.com\/wp-content\/uploads\/2023\/03\/Fotografia-Paco-Dorado-18-2048x1536.jpg 2048w, https:\/\/reddenunciafeminicidiosestadodemexico.com\/wp-content\/uploads\/2023\/03\/Fotografia-Paco-Dorado-18-1568x1176.jpg 1568w\" sizes=\"auto, (max-width: 1024px) 100vw, 1024px\" \/><\/figure>\n\n\n\n<p><\/p>\n\n\n\n<p><strong>Misi\u00f3n:<\/strong><\/p>\n\n\n\n<p class=\"has-text-align-center\">Nuestra misi\u00f3n es evidenciar el cumulo de violencias que las mujeres viven en diferentes etapas de su vida, la visibilidad de estas formas de violencia arraigadas en nuestra sociedad y cultura hacia la contribuci\u00f3n para un cambio de percepci\u00f3n de la figura femenina y coadyubando en el empoderamiento de ellas en el Estado de M\u00e9xico; por medio de acciones sociales, culturales, pol\u00edticas y art\u00edsticas que incidan en la poblaci\u00f3n todo esto bajo la premisa de los derechos humanos de las mujeres.<\/p>\n\n\n\n<figure class=\"wp-block-image size-large\"><img loading=\"lazy\" decoding=\"async\" width=\"1024\" height=\"683\" src=\"https:\/\/reddenunciafeminicidiosestadodemexico.com\/wp-content\/uploads\/2023\/03\/IMG_3045-1024x683.jpg\" alt=\"\" class=\"wp-image-144\" srcset=\"https:\/\/reddenunciafeminicidiosestadodemexico.com\/wp-content\/uploads\/2023\/03\/IMG_3045-1024x683.jpg 1024w, https:\/\/reddenunciafeminicidiosestadodemexico.com\/wp-content\/uploads\/2023\/03\/IMG_3045-300x200.jpg 300w, https:\/\/reddenunciafeminicidiosestadodemexico.com\/wp-content\/uploads\/2023\/03\/IMG_3045-768x512.jpg 768w, https:\/\/reddenunciafeminicidiosestadodemexico.com\/wp-content\/uploads\/2023\/03\/IMG_3045-1536x1024.jpg 1536w, https:\/\/reddenunciafeminicidiosestadodemexico.com\/wp-content\/uploads\/2023\/03\/IMG_3045-2048x1365.jpg 2048w, https:\/\/reddenunciafeminicidiosestadodemexico.com\/wp-content\/uploads\/2023\/03\/IMG_3045-1568x1045.jpg 1568w\" sizes=\"auto, (max-width: 1024px) 100vw, 1024px\" \/><\/figure>\n<!-- AddThis Advanced Settings generic via filter on the_content --><!-- AddThis Share Buttons generic via filter on the_content -->","protected":false},"excerpt":{"rendered":"<p>Qui\u00e9nes somos? Somos un grupo multidisciplinario de personas libres que nos organizamos para evidenciar y denunciar la violencia feminicida que viven las mujeres por el hecho de serlo, las desapariciones de ni\u00f1as y mujeres, y los feminicidios perpetrados en el Estado de M\u00e9xico y el pa\u00eds; as\u00ed como destacar los diferentes factores pol\u00edticos, econ\u00f3micos, sociales [&hellip;]<!-- AddThis Advanced Settings generic via filter on get_the_excerpt --><!-- AddThis Share Buttons generic via filter on get_the_excerpt --><\/p>\n","protected":false},"author":1,"featured_media":0,"parent":0,"menu_order":0,"comment_status":"closed","ping_status":"closed","template":"","meta":{"footnotes":""},"class_list":["post-31","page","type-page","status-publish","hentry"],"yoast_head":"<!-- This site is optimized with the Yoast SEO plugin v27.0 - https:\/\/yoast.com\/product\/yoast-seo-wordpress\/ -->\n<title>Quienes somos - Red Denuncia Feminicidios Estado de M\u00e9xico<\/title>\n<meta name=\"robots\" content=\"index, follow, max-snippet:-1, max-image-preview:large, max-video-preview:-1\" \/>\n<link rel=\"canonical\" href=\"https:\/\/reddenunciafeminicidiosestadodemexico.com\/index.php\/quienes-somos\/\" \/>\n<meta property=\"og:locale\" content=\"es_ES\" \/>\n<meta property=\"og:type\" content=\"article\" \/>\n<meta property=\"og:title\" content=\"Quienes somos - Red Denuncia Feminicidios Estado de M\u00e9xico\" \/>\n<meta property=\"og:description\" content=\"Qui\u00e9nes somos? Somos un grupo multidisciplinario de personas libres que nos organizamos para evidenciar y denunciar la violencia feminicida que viven las mujeres por el hecho de serlo, las desapariciones de ni\u00f1as y mujeres, y los feminicidios perpetrados en el Estado de M\u00e9xico y el pa\u00eds; as\u00ed como destacar los diferentes factores pol\u00edticos, econ\u00f3micos, sociales [&hellip;]\" \/>\n<meta property=\"og:url\" content=\"https:\/\/reddenunciafeminicidiosestadodemexico.com\/index.php\/quienes-somos\/\" \/>\n<meta property=\"og:site_name\" content=\"Red Denuncia Feminicidios Estado de M\u00e9xico\" \/>\n<meta property=\"article:modified_time\" content=\"2023-03-28T02:27:28+00:00\" \/>\n<meta property=\"og:image\" content=\"https:\/\/reddenunciafeminicidiosestadodemexico.com\/wp-content\/uploads\/2023\/03\/ISJY8018-1024x768.jpg\" \/>\n<meta name=\"twitter:card\" content=\"summary_large_image\" \/>\n<meta name=\"twitter:label1\" content=\"Tiempo de lectura\" \/>\n\t<meta name=\"twitter:data1\" content=\"2 minutos\" \/>\n<script type=\"application\/ld+json\" class=\"yoast-schema-graph\">{\"@context\":\"https:\/\/schema.org\",\"@graph\":[{\"@type\":\"WebPage\",\"@id\":\"https:\/\/reddenunciafeminicidiosestadodemexico.com\/index.php\/quienes-somos\/\",\"url\":\"https:\/\/reddenunciafeminicidiosestadodemexico.com\/index.php\/quienes-somos\/\",\"name\":\"Quienes somos - Red Denuncia Feminicidios Estado de M\u00e9xico\",\"isPartOf\":{\"@id\":\"https:\/\/reddenunciafeminicidiosestadodemexico.com\/#website\"},\"primaryImageOfPage\":{\"@id\":\"https:\/\/reddenunciafeminicidiosestadodemexico.com\/index.php\/quienes-somos\/#primaryimage\"},\"image\":{\"@id\":\"https:\/\/reddenunciafeminicidiosestadodemexico.com\/index.php\/quienes-somos\/#primaryimage\"},\"thumbnailUrl\":\"https:\/\/reddenunciafeminicidiosestadodemexico.com\/wp-content\/uploads\/2023\/03\/ISJY8018-1024x768.jpg\",\"datePublished\":\"2022-07-09T00:36:54+00:00\",\"dateModified\":\"2023-03-28T02:27:28+00:00\",\"breadcrumb\":{\"@id\":\"https:\/\/reddenunciafeminicidiosestadodemexico.com\/index.php\/quienes-somos\/#breadcrumb\"},\"inLanguage\":\"es\",\"potentialAction\":[{\"@type\":\"ReadAction\",\"target\":[\"https:\/\/reddenunciafeminicidiosestadodemexico.com\/index.php\/quienes-somos\/\"]}]},{\"@type\":\"ImageObject\",\"inLanguage\":\"es\",\"@id\":\"https:\/\/reddenunciafeminicidiosestadodemexico.com\/index.php\/quienes-somos\/#primaryimage\",\"url\":\"https:\/\/reddenunciafeminicidiosestadodemexico.com\/wp-content\/uploads\/2023\/03\/ISJY8018.jpg\",\"contentUrl\":\"https:\/\/reddenunciafeminicidiosestadodemexico.com\/wp-content\/uploads\/2023\/03\/ISJY8018.jpg\",\"width\":1440,\"height\":1080},{\"@type\":\"BreadcrumbList\",\"@id\":\"https:\/\/reddenunciafeminicidiosestadodemexico.com\/index.php\/quienes-somos\/#breadcrumb\",\"itemListElement\":[{\"@type\":\"ListItem\",\"position\":1,\"name\":\"Portada\",\"item\":\"https:\/\/reddenunciafeminicidiosestadodemexico.com\/\"},{\"@type\":\"ListItem\",\"position\":2,\"name\":\"Quienes somos\"}]},{\"@type\":\"WebSite\",\"@id\":\"https:\/\/reddenunciafeminicidiosestadodemexico.com\/#website\",\"url\":\"https:\/\/reddenunciafeminicidiosestadodemexico.com\/\",\"name\":\"Red Denuncia Feminicidios Estado de M\u00e9xico\",\"description\":\"\",\"potentialAction\":[{\"@type\":\"SearchAction\",\"target\":{\"@type\":\"EntryPoint\",\"urlTemplate\":\"https:\/\/reddenunciafeminicidiosestadodemexico.com\/?s={search_term_string}\"},\"query-input\":{\"@type\":\"PropertyValueSpecification\",\"valueRequired\":true,\"valueName\":\"search_term_string\"}}],\"inLanguage\":\"es\"}]}<\/script>\n<!-- \/ Yoast SEO plugin. -->","yoast_head_json":{"title":"Quienes somos - Red Denuncia Feminicidios Estado de M\u00e9xico","robots":{"index":"index","follow":"follow","max-snippet":"max-snippet:-1","max-image-preview":"max-image-preview:large","max-video-preview":"max-video-preview:-1"},"canonical":"https:\/\/reddenunciafeminicidiosestadodemexico.com\/index.php\/quienes-somos\/","og_locale":"es_ES","og_type":"article","og_title":"Quienes somos - Red Denuncia Feminicidios Estado de M\u00e9xico","og_description":"Qui\u00e9nes somos? Somos un grupo multidisciplinario de personas libres que nos organizamos para evidenciar y denunciar la violencia feminicida que viven las mujeres por el hecho de serlo, las desapariciones de ni\u00f1as y mujeres, y los feminicidios perpetrados en el Estado de M\u00e9xico y el pa\u00eds; as\u00ed como destacar los diferentes factores pol\u00edticos, econ\u00f3micos, sociales [&hellip;]","og_url":"https:\/\/reddenunciafeminicidiosestadodemexico.com\/index.php\/quienes-somos\/","og_site_name":"Red Denuncia Feminicidios Estado de M\u00e9xico","article_modified_time":"2023-03-28T02:27:28+00:00","og_image":[{"url":"https:\/\/reddenunciafeminicidiosestadodemexico.com\/wp-content\/uploads\/2023\/03\/ISJY8018-1024x768.jpg","type":"","width":"","height":""}],"twitter_card":"summary_large_image","twitter_misc":{"Tiempo de lectura":"2 minutos"},"schema":{"@context":"https:\/\/schema.org","@graph":[{"@type":"WebPage","@id":"https:\/\/reddenunciafeminicidiosestadodemexico.com\/index.php\/quienes-somos\/","url":"https:\/\/reddenunciafeminicidiosestadodemexico.com\/index.php\/quienes-somos\/","name":"Quienes somos - Red Denuncia Feminicidios Estado de M\u00e9xico","isPartOf":{"@id":"https:\/\/reddenunciafeminicidiosestadodemexico.com\/#website"},"primaryImageOfPage":{"@id":"https:\/\/reddenunciafeminicidiosestadodemexico.com\/index.php\/quienes-somos\/#primaryimage"},"image":{"@id":"https:\/\/reddenunciafeminicidiosestadodemexico.com\/index.php\/quienes-somos\/#primaryimage"},"thumbnailUrl":"https:\/\/reddenunciafeminicidiosestadodemexico.com\/wp-content\/uploads\/2023\/03\/ISJY8018-1024x768.jpg","datePublished":"2022-07-09T00:36:54+00:00","dateModified":"2023-03-28T02:27:28+00:00","breadcrumb":{"@id":"https:\/\/reddenunciafeminicidiosestadodemexico.com\/index.php\/quienes-somos\/#breadcrumb"},"inLanguage":"es","potentialAction":[{"@type":"ReadAction","target":["https:\/\/reddenunciafeminicidiosestadodemexico.com\/index.php\/quienes-somos\/"]}]},{"@type":"ImageObject","inLanguage":"es","@id":"https:\/\/reddenunciafeminicidiosestadodemexico.com\/index.php\/quienes-somos\/#primaryimage","url":"https:\/\/reddenunciafeminicidiosestadodemexico.com\/wp-content\/uploads\/2023\/03\/ISJY8018.jpg","contentUrl":"https:\/\/reddenunciafeminicidiosestadodemexico.com\/wp-content\/uploads\/2023\/03\/ISJY8018.jpg","width":1440,"height":1080},{"@type":"BreadcrumbList","@id":"https:\/\/reddenunciafeminicidiosestadodemexico.com\/index.php\/quienes-somos\/#breadcrumb","itemListElement":[{"@type":"ListItem","position":1,"name":"Portada","item":"https:\/\/reddenunciafeminicidiosestadodemexico.com\/"},{"@type":"ListItem","position":2,"name":"Quienes somos"}]},{"@type":"WebSite","@id":"https:\/\/reddenunciafeminicidiosestadodemexico.com\/#website","url":"https:\/\/reddenunciafeminicidiosestadodemexico.com\/","name":"Red Denuncia Feminicidios Estado de M\u00e9xico","description":"","potentialAction":[{"@type":"SearchAction","target":{"@type":"EntryPoint","urlTemplate":"https:\/\/reddenunciafeminicidiosestadodemexico.com\/?s={search_term_string}"},"query-input":{"@type":"PropertyValueSpecification","valueRequired":true,"valueName":"search_term_string"}}],"inLanguage":"es"}]}},"_links":{"self":[{"href":"https:\/\/reddenunciafeminicidiosestadodemexico.com\/index.php\/wp-json\/wp\/v2\/pages\/31","targetHints":{"allow":["GET"]}}],"collection":[{"href":"https:\/\/reddenunciafeminicidiosestadodemexico.com\/index.php\/wp-json\/wp\/v2\/pages"}],"about":[{"href":"https:\/\/reddenunciafeminicidiosestadodemexico.com\/index.php\/wp-json\/wp\/v2\/types\/page"}],"author":[{"embeddable":true,"href":"https:\/\/reddenunciafeminicidiosestadodemexico.com\/index.php\/wp-json\/wp\/v2\/users\/1"}],"replies":[{"embeddable":true,"href":"https:\/\/reddenunciafeminicidiosestadodemexico.com\/index.php\/wp-json\/wp\/v2\/comments?post=31"}],"version-history":[{"count":4,"href":"https:\/\/reddenunciafeminicidiosestadodemexico.com\/index.php\/wp-json\/wp\/v2\/pages\/31\/revisions"}],"predecessor-version":[{"id":148,"href":"https:\/\/reddenunciafeminicidiosestadodemexico.com\/index.php\/wp-json\/wp\/v2\/pages\/31\/revisions\/148"}],"wp:attachment":[{"href":"https:\/\/reddenunciafeminicidiosestadodemexico.com\/index.php\/wp-json\/wp\/v2\/media?parent=31"}],"curies":[{"name":"wp","href":"https:\/\/api.w.org\/{rel}","templated":true}]}}