{"id":376,"date":"2023-07-07T02:34:30","date_gmt":"2023-07-07T02:34:30","guid":{"rendered":"https:\/\/reddenunciafeminicidiosestadodemexico.com\/?page_id=376"},"modified":"2023-07-07T02:34:30","modified_gmt":"2023-07-07T02:34:30","slug":"huidas-del-silencio","status":"publish","type":"page","link":"https:\/\/reddenunciafeminicidiosestadodemexico.com\/index.php\/huidas-del-silencio\/","title":{"rendered":"Huidas del Silencio"},"content":{"rendered":"\n<figure class=\"wp-block-embed is-type-video is-provider-youtube wp-block-embed-youtube wp-embed-aspect-16-9 wp-has-aspect-ratio\"><div class=\"wp-block-embed__wrapper\">\n<iframe loading=\"lazy\" title=\"Las Huidas Del Silencio, performance pol\u00edtico\" width=\"500\" height=\"281\" src=\"https:\/\/www.youtube.com\/embed\/Apek9l9wXA4?start=337&#038;feature=oembed\" frameborder=\"0\" allow=\"accelerometer; autoplay; clipboard-write; encrypted-media; gyroscope; picture-in-picture; web-share\" referrerpolicy=\"strict-origin-when-cross-origin\" allowfullscreen><\/iframe>\n<\/div><figcaption class=\"wp-element-caption\">En 2013 en un predio bald\u00edo de Santa Mar\u00eda Tulpetlac, Ecatepec, Estado de M\u00e9xico, fue abandonado el cuerpo de una ni\u00f1a ind\u00edgena de aproximadamente 12 a\u00f1os, la hab\u00edan asesinado brutalmente, la violaron; el caso solamente fue conocido localmente en la comunidad, la mam\u00e1 de la ni\u00f1a, tambi\u00e9n ind\u00edgena, desapareci\u00f3 del lugar con su pena y sin ning\u00fan tipo de justicia. Por eso, en el marco del D\u00eda Internacional de la Eliminaci\u00f3n de la Violencia en contra de la Mujer, en noviembre de 2017, la Red Denuncia Feminicidios Estado de M\u00e9xico realiz\u00f3 el performance pol\u00edtico \u201cLas Huidas del Silencio\u201d generado en el Taller Mujeres Arte y Pol\u00edtica, impartido por el profesor Manuel Amador en la Universidad Aut\u00f3noma de la Ciudad de M\u00e9xico, plantel Cuautepec; fueron acompa\u00f1adas por diversas organizaciones y colectivas. A\u00f1o con a\u00f1o la situaci\u00f3n de violencia feminicida no mejora para las mujeres del Estado de M\u00e9xico, tan solo el a\u00f1o pasado, durante el 2021, se registraron al menos 121 asesinatos violentos de mujeres con presunci\u00f3n de feminicidio. Adem\u00e1s que de acuerdo a la organizaci\u00f3n social Ipas M\u00e9xico en nuestro pa\u00eds, \u201cuna de cada tres mexicanas ha experimentado alg\u00fan tipo de violencia sexual en espacios p\u00fablicos, siete de cada diez agresiones contra mujeres ocurridas en la calle, son de tipo sexual a partir de piropos groseros u ofensivos, intimidaci\u00f3n, acecho, abuso sexual o violaci\u00f3n e intento de violaci\u00f3n. Adem\u00e1s que la violencia se manifiesta de forma f\u00edsica, sexual y psicol\u00f3gica, y los efectos adversos de la violencia contra las mujeres y ni\u00f1as las afectan en todas las etapas de sus vidas\u201d.<\/figcaption><\/figure>\n<!-- AddThis Advanced Settings generic via filter on the_content --><!-- AddThis Share Buttons generic via filter on the_content -->","protected":false},"excerpt":{"rendered":"<p><!-- AddThis Advanced Settings generic via filter on get_the_excerpt --><!-- AddThis Share Buttons generic via filter on get_the_excerpt --><\/p>\n","protected":false},"author":1,"featured_media":0,"parent":0,"menu_order":0,"comment_status":"closed","ping_status":"closed","template":"","meta":{"footnotes":""},"class_list":["post-376","page","type-page","status-publish","hentry"],"yoast_head":"<!-- This site is optimized with the Yoast SEO plugin v27.0 - https:\/\/yoast.com\/product\/yoast-seo-wordpress\/ -->\n<title>Huidas del Silencio - Red Denuncia Feminicidios Estado de M\u00e9xico<\/title>\n<meta name=\"robots\" content=\"index, follow, max-snippet:-1, max-image-preview:large, max-video-preview:-1\" \/>\n<link rel=\"canonical\" href=\"https:\/\/reddenunciafeminicidiosestadodemexico.com\/index.php\/huidas-del-silencio\/\" \/>\n<meta property=\"og:locale\" content=\"es_ES\" \/>\n<meta property=\"og:type\" content=\"article\" \/>\n<meta property=\"og:title\" content=\"Huidas del Silencio - Red Denuncia Feminicidios Estado de M\u00e9xico\" \/>\n<meta property=\"og:url\" content=\"https:\/\/reddenunciafeminicidiosestadodemexico.com\/index.php\/huidas-del-silencio\/\" \/>\n<meta property=\"og:site_name\" content=\"Red Denuncia Feminicidios Estado de M\u00e9xico\" \/>\n<meta name=\"twitter:card\" content=\"summary_large_image\" \/>\n<meta name=\"twitter:label1\" content=\"Tiempo de lectura\" \/>\n\t<meta name=\"twitter:data1\" content=\"2 minutos\" \/>\n<script type=\"application\/ld+json\" class=\"yoast-schema-graph\">{\"@context\":\"https:\/\/schema.org\",\"@graph\":[{\"@type\":\"WebPage\",\"@id\":\"https:\/\/reddenunciafeminicidiosestadodemexico.com\/index.php\/huidas-del-silencio\/\",\"url\":\"https:\/\/reddenunciafeminicidiosestadodemexico.com\/index.php\/huidas-del-silencio\/\",\"name\":\"Huidas del Silencio - Red Denuncia Feminicidios Estado de M\u00e9xico\",\"isPartOf\":{\"@id\":\"https:\/\/reddenunciafeminicidiosestadodemexico.com\/#website\"},\"datePublished\":\"2023-07-07T02:34:30+00:00\",\"breadcrumb\":{\"@id\":\"https:\/\/reddenunciafeminicidiosestadodemexico.com\/index.php\/huidas-del-silencio\/#breadcrumb\"},\"inLanguage\":\"es\",\"potentialAction\":[{\"@type\":\"ReadAction\",\"target\":[\"https:\/\/reddenunciafeminicidiosestadodemexico.com\/index.php\/huidas-del-silencio\/\"]}]},{\"@type\":\"BreadcrumbList\",\"@id\":\"https:\/\/reddenunciafeminicidiosestadodemexico.com\/index.php\/huidas-del-silencio\/#breadcrumb\",\"itemListElement\":[{\"@type\":\"ListItem\",\"position\":1,\"name\":\"Portada\",\"item\":\"https:\/\/reddenunciafeminicidiosestadodemexico.com\/\"},{\"@type\":\"ListItem\",\"position\":2,\"name\":\"Huidas del Silencio\"}]},{\"@type\":\"WebSite\",\"@id\":\"https:\/\/reddenunciafeminicidiosestadodemexico.com\/#website\",\"url\":\"https:\/\/reddenunciafeminicidiosestadodemexico.com\/\",\"name\":\"Red Denuncia Feminicidios Estado de M\u00e9xico\",\"description\":\"\",\"potentialAction\":[{\"@type\":\"SearchAction\",\"target\":{\"@type\":\"EntryPoint\",\"urlTemplate\":\"https:\/\/reddenunciafeminicidiosestadodemexico.com\/?s={search_term_string}\"},\"query-input\":{\"@type\":\"PropertyValueSpecification\",\"valueRequired\":true,\"valueName\":\"search_term_string\"}}],\"inLanguage\":\"es\"}]}<\/script>\n<!-- \/ Yoast SEO plugin. -->","yoast_head_json":{"title":"Huidas del Silencio - Red Denuncia Feminicidios Estado de M\u00e9xico","robots":{"index":"index","follow":"follow","max-snippet":"max-snippet:-1","max-image-preview":"max-image-preview:large","max-video-preview":"max-video-preview:-1"},"canonical":"https:\/\/reddenunciafeminicidiosestadodemexico.com\/index.php\/huidas-del-silencio\/","og_locale":"es_ES","og_type":"article","og_title":"Huidas del Silencio - Red Denuncia Feminicidios Estado de M\u00e9xico","og_url":"https:\/\/reddenunciafeminicidiosestadodemexico.com\/index.php\/huidas-del-silencio\/","og_site_name":"Red Denuncia Feminicidios Estado de M\u00e9xico","twitter_card":"summary_large_image","twitter_misc":{"Tiempo de lectura":"2 minutos"},"schema":{"@context":"https:\/\/schema.org","@graph":[{"@type":"WebPage","@id":"https:\/\/reddenunciafeminicidiosestadodemexico.com\/index.php\/huidas-del-silencio\/","url":"https:\/\/reddenunciafeminicidiosestadodemexico.com\/index.php\/huidas-del-silencio\/","name":"Huidas del Silencio - Red Denuncia Feminicidios Estado de M\u00e9xico","isPartOf":{"@id":"https:\/\/reddenunciafeminicidiosestadodemexico.com\/#website"},"datePublished":"2023-07-07T02:34:30+00:00","breadcrumb":{"@id":"https:\/\/reddenunciafeminicidiosestadodemexico.com\/index.php\/huidas-del-silencio\/#breadcrumb"},"inLanguage":"es","potentialAction":[{"@type":"ReadAction","target":["https:\/\/reddenunciafeminicidiosestadodemexico.com\/index.php\/huidas-del-silencio\/"]}]},{"@type":"BreadcrumbList","@id":"https:\/\/reddenunciafeminicidiosestadodemexico.com\/index.php\/huidas-del-silencio\/#breadcrumb","itemListElement":[{"@type":"ListItem","position":1,"name":"Portada","item":"https:\/\/reddenunciafeminicidiosestadodemexico.com\/"},{"@type":"ListItem","position":2,"name":"Huidas del Silencio"}]},{"@type":"WebSite","@id":"https:\/\/reddenunciafeminicidiosestadodemexico.com\/#website","url":"https:\/\/reddenunciafeminicidiosestadodemexico.com\/","name":"Red Denuncia Feminicidios Estado de M\u00e9xico","description":"","potentialAction":[{"@type":"SearchAction","target":{"@type":"EntryPoint","urlTemplate":"https:\/\/reddenunciafeminicidiosestadodemexico.com\/?s={search_term_string}"},"query-input":{"@type":"PropertyValueSpecification","valueRequired":true,"valueName":"search_term_string"}}],"inLanguage":"es"}]}},"_links":{"self":[{"href":"https:\/\/reddenunciafeminicidiosestadodemexico.com\/index.php\/wp-json\/wp\/v2\/pages\/376","targetHints":{"allow":["GET"]}}],"collection":[{"href":"https:\/\/reddenunciafeminicidiosestadodemexico.com\/index.php\/wp-json\/wp\/v2\/pages"}],"about":[{"href":"https:\/\/reddenunciafeminicidiosestadodemexico.com\/index.php\/wp-json\/wp\/v2\/types\/page"}],"author":[{"embeddable":true,"href":"https:\/\/reddenunciafeminicidiosestadodemexico.com\/index.php\/wp-json\/wp\/v2\/users\/1"}],"replies":[{"embeddable":true,"href":"https:\/\/reddenunciafeminicidiosestadodemexico.com\/index.php\/wp-json\/wp\/v2\/comments?post=376"}],"version-history":[{"count":1,"href":"https:\/\/reddenunciafeminicidiosestadodemexico.com\/index.php\/wp-json\/wp\/v2\/pages\/376\/revisions"}],"predecessor-version":[{"id":378,"href":"https:\/\/reddenunciafeminicidiosestadodemexico.com\/index.php\/wp-json\/wp\/v2\/pages\/376\/revisions\/378"}],"wp:attachment":[{"href":"https:\/\/reddenunciafeminicidiosestadodemexico.com\/index.php\/wp-json\/wp\/v2\/media?parent=376"}],"curies":[{"name":"wp","href":"https:\/\/api.w.org\/{rel}","templated":true}]}}