{"id":381,"date":"2023-07-07T02:43:55","date_gmt":"2023-07-07T02:43:55","guid":{"rendered":"https:\/\/reddenunciafeminicidiosestadodemexico.com\/?page_id=381"},"modified":"2023-07-07T02:43:55","modified_gmt":"2023-07-07T02:43:55","slug":"primera-caravana-contra-los-feminicidios-en-ecatepec","status":"publish","type":"page","link":"https:\/\/reddenunciafeminicidiosestadodemexico.com\/index.php\/primera-caravana-contra-los-feminicidios-en-ecatepec\/","title":{"rendered":"Primera caravana contra los feminicidios en Ecatepec"},"content":{"rendered":"\n<figure class=\"wp-block-embed is-type-video is-provider-youtube wp-block-embed-youtube wp-embed-aspect-16-9 wp-has-aspect-ratio\"><div class=\"wp-block-embed__wrapper\">\n<iframe loading=\"lazy\" title=\"Primera Caravana contra los Feminicidios en Ecatepec, Estado de M\u00e9xico\" width=\"500\" height=\"281\" src=\"https:\/\/www.youtube.com\/embed\/dAcG8XqzvO4?start=1471&#038;feature=oembed\" frameborder=\"0\" allow=\"accelerometer; autoplay; clipboard-write; encrypted-media; gyroscope; picture-in-picture; web-share\" referrerpolicy=\"strict-origin-when-cross-origin\" allowfullscreen><\/iframe>\n<\/div><figcaption class=\"wp-element-caption\">M\u00e9xico es un pa\u00eds feminicida, donde asesinan a 10 mujeres al d\u00eda, de acuerdo a informaci\u00f3n oficial del Secretariado Ejecutivo del Sistema Nacional de Seguridad P\u00fablica (SESNSP). Dentro del territorio nacional, Ecatepec, Estado de M\u00e9xico es el peor sitio para ser mujer. De acuerdo a las cifras proporcionadas por la Fiscal\u00eda General de Justicia del estado de M\u00e9xico a la Comisi\u00f3n Especial para dar Seguimiento a las Alertas de G\u00e9nero, entre los a\u00f1os 2015 y 2020 se han logrado tipificar como feminicidio los asesinatos de 52 mujeres en Ecatepec; es el municipio con mayor incidencia, sin contar los homicidios dolosos contra mujeres que no logran ser tipificados de esa forma. La mayor\u00eda de estos asesinatos de mujeres est\u00e1n manchado con impunidad e injusticia, con omisi\u00f3n y opacidad en el actuar de las autoridades. Por eso, organizaciones de la sociedad civil como la Red Denuncia Feminicidios Estado de M\u00e9xico, Mujeres de la Periferia para la Periferia, la Organizaci\u00f3n de Mujeres Trabajadoras de M\u00e9xico y Arte Acci\u00f3n 12.0, salieron en caravana a las calles de ese sitio para acompa\u00f1ar a madres y familiares de v\u00edctimas de feminicidio en su exigencia de verdad y justicia para las v\u00edctimas, rememorando y dignificando sus vidas, abrazando sus historias, nombr\u00e1ndolas por y para siempre. Las familiares y madres de v\u00edctimas de feminicidio que participaron en la Primera Caravana contra los Feminicidios en Ecatepec fueron: &#8211; Ang\u00e9lica Est\u00e9vez &#8211; hermana de Karla Est\u00e9vez Ram\u00edrez e hija e Ang\u00e9lica Ram\u00edrez, de 16 y 41 a\u00f1os, asesinadas en Ecatepec el 20 de abril de 2019 &#8211; Sacrisanta Mosso &#8211; madre de Karen y Erik Alvarado Mosso, de 17 y 12 a\u00f1os, asesinados en Ecatepec el 4 de agosto de 2016. &#8211; Lidia Florencio &#8211; mam\u00e1 de Diana Vel\u00e1zquez Florencio, de 23 a\u00f1os, asesinada en Chimalhuac\u00e1n el 2 de julio de 2017 &#8211; Heidi \u00c1valos &#8211; sobrina de Xochitl Ivette \u00c1valos D\u00edaz, de 44 a\u00f1os, asesinada en Ecatepec el 8 de agosto de 2017 &#8211; Irinea Buend\u00eda &#8211; mam\u00e1 de Mariana Lima Buend\u00eda, de 29 a\u00f1os, asesinada en Chimalhuac\u00e1n el 29 de junio de 2010 &#8211; Claudia Fern\u00e1ndez &#8211; mam\u00e1 de Fernanda Cervantes Fern\u00e1ndez, de 17 a\u00f1os, asesinada en la Ciudad de M\u00e9xico el 24 de agosto de 2018 La ruta: Cuatro puntos feminicidas, muchas voces construyendo memoria y esperanza para todas: &#8211; Primera parada: \u201cYO VENGO A OFRECER MI CORAZ\u00d3N\u201d, poes\u00eda y m\u00fasica EN MEMORIA DE SAMANTHA. Colonia Vista Hermosa. Samantha, de 2 a\u00f1os, fue asesinada por su padrastro el 17 de junio de 2019 en su casa durante la madrugada. Despu\u00e9s el feminicida abandon\u00f3 su cuerpecito en la v\u00eda p\u00fablica, en la misma calle donde viv\u00edan. El feminicidio de Samantha sigue impune. &#8211; Segunda parada: \u201cMI TRISTE DESPEDIDA\u201d, performance pol\u00edtico EN MEMORIA DE ANG\u00c9LICA Y KARLA, madre e hija asesinadas despu\u00e9s de un baile. Colonia Jardines de Morelos. Ang\u00e9lica y Karla, de 41 y 16 a\u00f1os, eran madre e hija. El 20 de abril de 2019 salieron a bailar, quer\u00edan divertirse; pero tres tipos las asesinaron, las violaron y torturaron. Abandonaron sus cuerpos en un lote bald\u00edo de la colonia Jardines de Morelos. D\u00edas despu\u00e9s los feminicidas fueron detenidos por la Fiscal\u00eda de Justicia del estado, a uno de ellos lo sentenciaron solo a 4 a\u00f1os de prisi\u00f3n, pues al momento de los hechos era menor de edad. Y aunque el proceso penal sigue para los otros dos asesinos, la familia de Ang\u00e9lica y Karla no han recibido ning\u00fan tipo de apoyo legal por parte del Estado. &#8211; Tercera parada: \u201c\u00a1NI UNA M\u00c1S!\u201d, performance pol\u00edtico EN MEMORIA DE LAS V\u00cdCTIMAS DE LOS MAL LLAMADOS MONSTRUOS DE ECATEPEC. Colonia Jardines de Morelos. El 4 de octubre de 2018 agentes de la Fiscal\u00eda de Seguridad del Estado de M\u00e9xico detuvieron a Juan Carlos y Patricia \u201cN\u201d, los mal llamados \u201cmonstruos de Ecatepec\u201d, con una carriola con restos humanos de mujeres que hab\u00edan asesinado; mujeres pobres a las que enganchaban ofreciendo ropa de paca o quesos. Las invitaban a su casa con enga\u00f1os y ah\u00ed las asesinaban y las desataban. Declararon haber asesinado a mas de 20 mujeres durante 6 a\u00f1os. A 2 a\u00f1os acumulan una sentencia de 327 a\u00f1os de prisi\u00f3n por siete feminicidios: Arlet, Samantha, Nancy, Evelyn, Fabiola, Fabiola, Mar\u00eda Guadalupe y su peque\u00f1a hija de 7 a\u00f1os. Adem\u00e1s de otra sentencia por trata de personas. &#8211; Cuarta parada: \u201cPARA QUE NO NOS ASESINEN POR SER MUJERES\u201d, performance pol\u00edtico EN MEMORIA DE LAS V\u00cdCTIMAS DE FEMINICIDIO EN ECATEPEC. Explanada del Palacio de Gobierno municipal, San Cristobal Ecatepec. Desde hace cinco a\u00f1os Ecatepec cuenta con doble Alerta de Violencia de G\u00e9nero contra las Mujeres, un mecanismo gubernamental con presupuesto federal para la erradicaci\u00f3n de la violencia feminicida y las desapariciones de las ni\u00f1as y mujeres. Poco o nada ha cambiado la situaci\u00f3n feminicida, diariamente las asesinan en sus calles, sin acceso a la justicia para las v\u00edctimas y sus familias, con procesos plagados de omisiones por parte de las autoridades e impunidad. En las calles de Ecatepec se sigue respirando el mismo miedo. \u00a1Nos queremos vivas y sin miedo! \u00a1Justicia para todas!<\/figcaption><\/figure>\n<!-- AddThis Advanced Settings generic via filter on the_content --><!-- AddThis Share Buttons generic via filter on the_content -->","protected":false},"excerpt":{"rendered":"<p><!-- AddThis Advanced Settings generic via filter on get_the_excerpt --><!-- AddThis Share Buttons generic via filter on get_the_excerpt --><\/p>\n","protected":false},"author":1,"featured_media":0,"parent":0,"menu_order":0,"comment_status":"closed","ping_status":"closed","template":"","meta":{"footnotes":""},"class_list":["post-381","page","type-page","status-publish","hentry"],"yoast_head":"<!-- This site is optimized with the Yoast SEO plugin v27.0 - https:\/\/yoast.com\/product\/yoast-seo-wordpress\/ -->\n<title>Primera caravana contra los feminicidios en Ecatepec - Red Denuncia Feminicidios Estado de M\u00e9xico<\/title>\n<meta name=\"robots\" content=\"index, follow, max-snippet:-1, max-image-preview:large, max-video-preview:-1\" \/>\n<link rel=\"canonical\" href=\"https:\/\/reddenunciafeminicidiosestadodemexico.com\/index.php\/primera-caravana-contra-los-feminicidios-en-ecatepec\/\" \/>\n<meta property=\"og:locale\" content=\"es_ES\" \/>\n<meta property=\"og:type\" content=\"article\" \/>\n<meta property=\"og:title\" content=\"Primera caravana contra los feminicidios en Ecatepec - Red Denuncia Feminicidios Estado de M\u00e9xico\" \/>\n<meta property=\"og:url\" content=\"https:\/\/reddenunciafeminicidiosestadodemexico.com\/index.php\/primera-caravana-contra-los-feminicidios-en-ecatepec\/\" \/>\n<meta property=\"og:site_name\" content=\"Red Denuncia Feminicidios Estado de M\u00e9xico\" \/>\n<meta name=\"twitter:card\" content=\"summary_large_image\" \/>\n<meta name=\"twitter:label1\" content=\"Tiempo de lectura\" \/>\n\t<meta name=\"twitter:data1\" content=\"5 minutos\" \/>\n<script type=\"application\/ld+json\" class=\"yoast-schema-graph\">{\"@context\":\"https:\/\/schema.org\",\"@graph\":[{\"@type\":\"WebPage\",\"@id\":\"https:\/\/reddenunciafeminicidiosestadodemexico.com\/index.php\/primera-caravana-contra-los-feminicidios-en-ecatepec\/\",\"url\":\"https:\/\/reddenunciafeminicidiosestadodemexico.com\/index.php\/primera-caravana-contra-los-feminicidios-en-ecatepec\/\",\"name\":\"Primera caravana contra los feminicidios en Ecatepec - Red Denuncia Feminicidios Estado de M\u00e9xico\",\"isPartOf\":{\"@id\":\"https:\/\/reddenunciafeminicidiosestadodemexico.com\/#website\"},\"datePublished\":\"2023-07-07T02:43:55+00:00\",\"breadcrumb\":{\"@id\":\"https:\/\/reddenunciafeminicidiosestadodemexico.com\/index.php\/primera-caravana-contra-los-feminicidios-en-ecatepec\/#breadcrumb\"},\"inLanguage\":\"es\",\"potentialAction\":[{\"@type\":\"ReadAction\",\"target\":[\"https:\/\/reddenunciafeminicidiosestadodemexico.com\/index.php\/primera-caravana-contra-los-feminicidios-en-ecatepec\/\"]}]},{\"@type\":\"BreadcrumbList\",\"@id\":\"https:\/\/reddenunciafeminicidiosestadodemexico.com\/index.php\/primera-caravana-contra-los-feminicidios-en-ecatepec\/#breadcrumb\",\"itemListElement\":[{\"@type\":\"ListItem\",\"position\":1,\"name\":\"Portada\",\"item\":\"https:\/\/reddenunciafeminicidiosestadodemexico.com\/\"},{\"@type\":\"ListItem\",\"position\":2,\"name\":\"Primera caravana contra los feminicidios en Ecatepec\"}]},{\"@type\":\"WebSite\",\"@id\":\"https:\/\/reddenunciafeminicidiosestadodemexico.com\/#website\",\"url\":\"https:\/\/reddenunciafeminicidiosestadodemexico.com\/\",\"name\":\"Red Denuncia Feminicidios Estado de M\u00e9xico\",\"description\":\"\",\"potentialAction\":[{\"@type\":\"SearchAction\",\"target\":{\"@type\":\"EntryPoint\",\"urlTemplate\":\"https:\/\/reddenunciafeminicidiosestadodemexico.com\/?s={search_term_string}\"},\"query-input\":{\"@type\":\"PropertyValueSpecification\",\"valueRequired\":true,\"valueName\":\"search_term_string\"}}],\"inLanguage\":\"es\"}]}<\/script>\n<!-- \/ Yoast SEO plugin. -->","yoast_head_json":{"title":"Primera caravana contra los feminicidios en Ecatepec - Red Denuncia Feminicidios Estado de M\u00e9xico","robots":{"index":"index","follow":"follow","max-snippet":"max-snippet:-1","max-image-preview":"max-image-preview:large","max-video-preview":"max-video-preview:-1"},"canonical":"https:\/\/reddenunciafeminicidiosestadodemexico.com\/index.php\/primera-caravana-contra-los-feminicidios-en-ecatepec\/","og_locale":"es_ES","og_type":"article","og_title":"Primera caravana contra los feminicidios en Ecatepec - Red Denuncia Feminicidios Estado de M\u00e9xico","og_url":"https:\/\/reddenunciafeminicidiosestadodemexico.com\/index.php\/primera-caravana-contra-los-feminicidios-en-ecatepec\/","og_site_name":"Red Denuncia Feminicidios Estado de M\u00e9xico","twitter_card":"summary_large_image","twitter_misc":{"Tiempo de lectura":"5 minutos"},"schema":{"@context":"https:\/\/schema.org","@graph":[{"@type":"WebPage","@id":"https:\/\/reddenunciafeminicidiosestadodemexico.com\/index.php\/primera-caravana-contra-los-feminicidios-en-ecatepec\/","url":"https:\/\/reddenunciafeminicidiosestadodemexico.com\/index.php\/primera-caravana-contra-los-feminicidios-en-ecatepec\/","name":"Primera caravana contra los feminicidios en Ecatepec - Red Denuncia Feminicidios Estado de M\u00e9xico","isPartOf":{"@id":"https:\/\/reddenunciafeminicidiosestadodemexico.com\/#website"},"datePublished":"2023-07-07T02:43:55+00:00","breadcrumb":{"@id":"https:\/\/reddenunciafeminicidiosestadodemexico.com\/index.php\/primera-caravana-contra-los-feminicidios-en-ecatepec\/#breadcrumb"},"inLanguage":"es","potentialAction":[{"@type":"ReadAction","target":["https:\/\/reddenunciafeminicidiosestadodemexico.com\/index.php\/primera-caravana-contra-los-feminicidios-en-ecatepec\/"]}]},{"@type":"BreadcrumbList","@id":"https:\/\/reddenunciafeminicidiosestadodemexico.com\/index.php\/primera-caravana-contra-los-feminicidios-en-ecatepec\/#breadcrumb","itemListElement":[{"@type":"ListItem","position":1,"name":"Portada","item":"https:\/\/reddenunciafeminicidiosestadodemexico.com\/"},{"@type":"ListItem","position":2,"name":"Primera caravana contra los feminicidios en Ecatepec"}]},{"@type":"WebSite","@id":"https:\/\/reddenunciafeminicidiosestadodemexico.com\/#website","url":"https:\/\/reddenunciafeminicidiosestadodemexico.com\/","name":"Red Denuncia Feminicidios Estado de M\u00e9xico","description":"","potentialAction":[{"@type":"SearchAction","target":{"@type":"EntryPoint","urlTemplate":"https:\/\/reddenunciafeminicidiosestadodemexico.com\/?s={search_term_string}"},"query-input":{"@type":"PropertyValueSpecification","valueRequired":true,"valueName":"search_term_string"}}],"inLanguage":"es"}]}},"_links":{"self":[{"href":"https:\/\/reddenunciafeminicidiosestadodemexico.com\/index.php\/wp-json\/wp\/v2\/pages\/381","targetHints":{"allow":["GET"]}}],"collection":[{"href":"https:\/\/reddenunciafeminicidiosestadodemexico.com\/index.php\/wp-json\/wp\/v2\/pages"}],"about":[{"href":"https:\/\/reddenunciafeminicidiosestadodemexico.com\/index.php\/wp-json\/wp\/v2\/types\/page"}],"author":[{"embeddable":true,"href":"https:\/\/reddenunciafeminicidiosestadodemexico.com\/index.php\/wp-json\/wp\/v2\/users\/1"}],"replies":[{"embeddable":true,"href":"https:\/\/reddenunciafeminicidiosestadodemexico.com\/index.php\/wp-json\/wp\/v2\/comments?post=381"}],"version-history":[{"count":1,"href":"https:\/\/reddenunciafeminicidiosestadodemexico.com\/index.php\/wp-json\/wp\/v2\/pages\/381\/revisions"}],"predecessor-version":[{"id":383,"href":"https:\/\/reddenunciafeminicidiosestadodemexico.com\/index.php\/wp-json\/wp\/v2\/pages\/381\/revisions\/383"}],"wp:attachment":[{"href":"https:\/\/reddenunciafeminicidiosestadodemexico.com\/index.php\/wp-json\/wp\/v2\/media?parent=381"}],"curies":[{"name":"wp","href":"https:\/\/api.w.org\/{rel}","templated":true}]}}