{"id":389,"date":"2023-07-07T02:51:47","date_gmt":"2023-07-07T02:51:47","guid":{"rendered":"https:\/\/reddenunciafeminicidiosestadodemexico.com\/?page_id=389"},"modified":"2023-07-07T02:51:47","modified_gmt":"2023-07-07T02:51:47","slug":"vidas-destruidas-y-silenciadas-de-la-periferia","status":"publish","type":"page","link":"https:\/\/reddenunciafeminicidiosestadodemexico.com\/index.php\/vidas-destruidas-y-silenciadas-de-la-periferia\/","title":{"rendered":"Vidas destruidas y silenciadas de la periferia."},"content":{"rendered":"\n<figure class=\"wp-block-embed is-type-video is-provider-youtube wp-block-embed-youtube wp-embed-aspect-16-9 wp-has-aspect-ratio\"><div class=\"wp-block-embed__wrapper\">\n<iframe loading=\"lazy\" title=\"Vidas Destrui\u0301das y Silenciadas de la Periferia, performance pol\u00edtico en Ecatepec, Edomex\" width=\"500\" height=\"281\" src=\"https:\/\/www.youtube.com\/embed\/H7XE2Kyyo2g?feature=oembed\" frameborder=\"0\" allow=\"accelerometer; autoplay; clipboard-write; encrypted-media; gyroscope; picture-in-picture; web-share\" referrerpolicy=\"strict-origin-when-cross-origin\" allowfullscreen><\/iframe>\n<\/div><figcaption class=\"wp-element-caption\">El Estado de M\u00e9xico es una de las entidades con mayor \u00edndice de criminalidad en M\u00e9xico, es el segundo estado con m\u00e1s homicidios dolosos y con m\u00e1s secuestros. Adem\u00e1s es la demarcaci\u00f3n con mayor n\u00famero de extorsiones y el \u00edndice m\u00e1s alto de impunidad de todo M\u00e9xico. Ecatepec es uno de sus municipios m\u00e1s peligrosos; feminicidios, secuestros, desapariciones, robos, criminalidad, ilegalidad y corrupci\u00f3n, es el escenario del d\u00eda a d\u00eda; mientras en la comunidad, en la periferia, las VIDAS destru\u00eddas y silenciadas se multiplican. Diversos colectivos impulsados desde la Red Denuncia Feminicidios Estado de M\u00e9xico, realizaron en junio de 2018, en la explanada principal de San Crist\u00f3bal, Ecatepec, Estado de M\u00e9xico; frente al palacio de gobierno, el performance pol\u00edtico \u00abVidas Destru\u00eddas y Silenciadas de la Periferia\u00bb, para visibilizar, denunciar desde el cuerpo y darle rostro a todas esas historias que se van perdiendo en la impunidad a partir de la negligencia del Estado, al no garantizarle a la poblaci\u00f3n sus derechos fundamentales. Colectivos participantes: Red Denuncia Feminicidios Estado de M\u00e9xico, Mujeres de la Periferia para la Periferia, Colectivo J\u00f3venes Punto y Seguido, Invisibles Somos Visibles y World Vision M\u00e9xico. Video realizado por: Paco Dorado<\/figcaption><\/figure>\n<!-- AddThis Advanced Settings generic via filter on the_content --><!-- AddThis Share Buttons generic via filter on the_content -->","protected":false},"excerpt":{"rendered":"<p><!-- AddThis Advanced Settings generic via filter on get_the_excerpt --><!-- AddThis Share Buttons generic via filter on get_the_excerpt --><\/p>\n","protected":false},"author":1,"featured_media":0,"parent":0,"menu_order":0,"comment_status":"closed","ping_status":"closed","template":"","meta":{"footnotes":""},"class_list":["post-389","page","type-page","status-publish","hentry"],"yoast_head":"<!-- This site is optimized with the Yoast SEO plugin v27.0 - https:\/\/yoast.com\/product\/yoast-seo-wordpress\/ -->\n<title>Vidas destruidas y silenciadas de la periferia. - Red Denuncia Feminicidios Estado de M\u00e9xico<\/title>\n<meta name=\"robots\" content=\"index, follow, max-snippet:-1, max-image-preview:large, max-video-preview:-1\" \/>\n<link rel=\"canonical\" href=\"https:\/\/reddenunciafeminicidiosestadodemexico.com\/index.php\/vidas-destruidas-y-silenciadas-de-la-periferia\/\" \/>\n<meta property=\"og:locale\" content=\"es_ES\" \/>\n<meta property=\"og:type\" content=\"article\" \/>\n<meta property=\"og:title\" content=\"Vidas destruidas y silenciadas de la periferia. - Red Denuncia Feminicidios Estado de M\u00e9xico\" \/>\n<meta property=\"og:url\" content=\"https:\/\/reddenunciafeminicidiosestadodemexico.com\/index.php\/vidas-destruidas-y-silenciadas-de-la-periferia\/\" \/>\n<meta property=\"og:site_name\" content=\"Red Denuncia Feminicidios Estado de M\u00e9xico\" \/>\n<meta name=\"twitter:card\" content=\"summary_large_image\" \/>\n<meta name=\"twitter:label1\" content=\"Tiempo de lectura\" \/>\n\t<meta name=\"twitter:data1\" content=\"1 minuto\" \/>\n<script type=\"application\/ld+json\" class=\"yoast-schema-graph\">{\"@context\":\"https:\/\/schema.org\",\"@graph\":[{\"@type\":\"WebPage\",\"@id\":\"https:\/\/reddenunciafeminicidiosestadodemexico.com\/index.php\/vidas-destruidas-y-silenciadas-de-la-periferia\/\",\"url\":\"https:\/\/reddenunciafeminicidiosestadodemexico.com\/index.php\/vidas-destruidas-y-silenciadas-de-la-periferia\/\",\"name\":\"Vidas destruidas y silenciadas de la periferia. - Red Denuncia Feminicidios Estado de M\u00e9xico\",\"isPartOf\":{\"@id\":\"https:\/\/reddenunciafeminicidiosestadodemexico.com\/#website\"},\"datePublished\":\"2023-07-07T02:51:47+00:00\",\"breadcrumb\":{\"@id\":\"https:\/\/reddenunciafeminicidiosestadodemexico.com\/index.php\/vidas-destruidas-y-silenciadas-de-la-periferia\/#breadcrumb\"},\"inLanguage\":\"es\",\"potentialAction\":[{\"@type\":\"ReadAction\",\"target\":[\"https:\/\/reddenunciafeminicidiosestadodemexico.com\/index.php\/vidas-destruidas-y-silenciadas-de-la-periferia\/\"]}]},{\"@type\":\"BreadcrumbList\",\"@id\":\"https:\/\/reddenunciafeminicidiosestadodemexico.com\/index.php\/vidas-destruidas-y-silenciadas-de-la-periferia\/#breadcrumb\",\"itemListElement\":[{\"@type\":\"ListItem\",\"position\":1,\"name\":\"Portada\",\"item\":\"https:\/\/reddenunciafeminicidiosestadodemexico.com\/\"},{\"@type\":\"ListItem\",\"position\":2,\"name\":\"Vidas destruidas y silenciadas de la periferia.\"}]},{\"@type\":\"WebSite\",\"@id\":\"https:\/\/reddenunciafeminicidiosestadodemexico.com\/#website\",\"url\":\"https:\/\/reddenunciafeminicidiosestadodemexico.com\/\",\"name\":\"Red Denuncia Feminicidios Estado de M\u00e9xico\",\"description\":\"\",\"potentialAction\":[{\"@type\":\"SearchAction\",\"target\":{\"@type\":\"EntryPoint\",\"urlTemplate\":\"https:\/\/reddenunciafeminicidiosestadodemexico.com\/?s={search_term_string}\"},\"query-input\":{\"@type\":\"PropertyValueSpecification\",\"valueRequired\":true,\"valueName\":\"search_term_string\"}}],\"inLanguage\":\"es\"}]}<\/script>\n<!-- \/ Yoast SEO plugin. -->","yoast_head_json":{"title":"Vidas destruidas y silenciadas de la periferia. - Red Denuncia Feminicidios Estado de M\u00e9xico","robots":{"index":"index","follow":"follow","max-snippet":"max-snippet:-1","max-image-preview":"max-image-preview:large","max-video-preview":"max-video-preview:-1"},"canonical":"https:\/\/reddenunciafeminicidiosestadodemexico.com\/index.php\/vidas-destruidas-y-silenciadas-de-la-periferia\/","og_locale":"es_ES","og_type":"article","og_title":"Vidas destruidas y silenciadas de la periferia. - Red Denuncia Feminicidios Estado de M\u00e9xico","og_url":"https:\/\/reddenunciafeminicidiosestadodemexico.com\/index.php\/vidas-destruidas-y-silenciadas-de-la-periferia\/","og_site_name":"Red Denuncia Feminicidios Estado de M\u00e9xico","twitter_card":"summary_large_image","twitter_misc":{"Tiempo de lectura":"1 minuto"},"schema":{"@context":"https:\/\/schema.org","@graph":[{"@type":"WebPage","@id":"https:\/\/reddenunciafeminicidiosestadodemexico.com\/index.php\/vidas-destruidas-y-silenciadas-de-la-periferia\/","url":"https:\/\/reddenunciafeminicidiosestadodemexico.com\/index.php\/vidas-destruidas-y-silenciadas-de-la-periferia\/","name":"Vidas destruidas y silenciadas de la periferia. - Red Denuncia Feminicidios Estado de M\u00e9xico","isPartOf":{"@id":"https:\/\/reddenunciafeminicidiosestadodemexico.com\/#website"},"datePublished":"2023-07-07T02:51:47+00:00","breadcrumb":{"@id":"https:\/\/reddenunciafeminicidiosestadodemexico.com\/index.php\/vidas-destruidas-y-silenciadas-de-la-periferia\/#breadcrumb"},"inLanguage":"es","potentialAction":[{"@type":"ReadAction","target":["https:\/\/reddenunciafeminicidiosestadodemexico.com\/index.php\/vidas-destruidas-y-silenciadas-de-la-periferia\/"]}]},{"@type":"BreadcrumbList","@id":"https:\/\/reddenunciafeminicidiosestadodemexico.com\/index.php\/vidas-destruidas-y-silenciadas-de-la-periferia\/#breadcrumb","itemListElement":[{"@type":"ListItem","position":1,"name":"Portada","item":"https:\/\/reddenunciafeminicidiosestadodemexico.com\/"},{"@type":"ListItem","position":2,"name":"Vidas destruidas y silenciadas de la periferia."}]},{"@type":"WebSite","@id":"https:\/\/reddenunciafeminicidiosestadodemexico.com\/#website","url":"https:\/\/reddenunciafeminicidiosestadodemexico.com\/","name":"Red Denuncia Feminicidios Estado de M\u00e9xico","description":"","potentialAction":[{"@type":"SearchAction","target":{"@type":"EntryPoint","urlTemplate":"https:\/\/reddenunciafeminicidiosestadodemexico.com\/?s={search_term_string}"},"query-input":{"@type":"PropertyValueSpecification","valueRequired":true,"valueName":"search_term_string"}}],"inLanguage":"es"}]}},"_links":{"self":[{"href":"https:\/\/reddenunciafeminicidiosestadodemexico.com\/index.php\/wp-json\/wp\/v2\/pages\/389","targetHints":{"allow":["GET"]}}],"collection":[{"href":"https:\/\/reddenunciafeminicidiosestadodemexico.com\/index.php\/wp-json\/wp\/v2\/pages"}],"about":[{"href":"https:\/\/reddenunciafeminicidiosestadodemexico.com\/index.php\/wp-json\/wp\/v2\/types\/page"}],"author":[{"embeddable":true,"href":"https:\/\/reddenunciafeminicidiosestadodemexico.com\/index.php\/wp-json\/wp\/v2\/users\/1"}],"replies":[{"embeddable":true,"href":"https:\/\/reddenunciafeminicidiosestadodemexico.com\/index.php\/wp-json\/wp\/v2\/comments?post=389"}],"version-history":[{"count":1,"href":"https:\/\/reddenunciafeminicidiosestadodemexico.com\/index.php\/wp-json\/wp\/v2\/pages\/389\/revisions"}],"predecessor-version":[{"id":391,"href":"https:\/\/reddenunciafeminicidiosestadodemexico.com\/index.php\/wp-json\/wp\/v2\/pages\/389\/revisions\/391"}],"wp:attachment":[{"href":"https:\/\/reddenunciafeminicidiosestadodemexico.com\/index.php\/wp-json\/wp\/v2\/media?parent=389"}],"curies":[{"name":"wp","href":"https:\/\/api.w.org\/{rel}","templated":true}]}}