{"id":407,"date":"2023-07-11T00:09:51","date_gmt":"2023-07-11T00:09:51","guid":{"rendered":"https:\/\/reddenunciafeminicidiosestadodemexico.com\/?page_id=407"},"modified":"2023-07-11T00:09:51","modified_gmt":"2023-07-11T00:09:51","slug":"esta-es-mi-vida-los-cuerpos-silenciados-y-omitidos-en-la-periferia-sexta-marcha-lgbtttiq-ecatepec","status":"publish","type":"page","link":"https:\/\/reddenunciafeminicidiosestadodemexico.com\/index.php\/esta-es-mi-vida-los-cuerpos-silenciados-y-omitidos-en-la-periferia-sexta-marcha-lgbtttiq-ecatepec\/","title":{"rendered":"Esta Es Mi Vida, los cuerpos silenciados y omitidos en la periferia, Sexta Marcha LGBTTTIQ+ Ecatepec"},"content":{"rendered":"\n<figure class=\"wp-block-embed is-type-video is-provider-youtube wp-block-embed-youtube wp-embed-aspect-16-9 wp-has-aspect-ratio\"><div class=\"wp-block-embed__wrapper\">\n<iframe loading=\"lazy\" title=\"Esta Es Mi Vida, los cuerpos silenciados y omitidos en la periferia, Sexta Marcha LGBTTTIQ+ Ecatepec\" width=\"500\" height=\"281\" src=\"https:\/\/www.youtube.com\/embed\/zUwtqy-WFqI?start=1&#038;feature=oembed\" frameborder=\"0\" allow=\"accelerometer; autoplay; clipboard-write; encrypted-media; gyroscope; picture-in-picture; web-share\" referrerpolicy=\"strict-origin-when-cross-origin\" allowfullscreen><\/iframe>\n<\/div><figcaption class=\"wp-element-caption\">El 18 de mayo de 2019 se llev\u00f3 a cabo la Sexta Marcha LGBTTTIQ+ en Ecatepec, Estado de M\u00e9xico. Caminaron por un solo carril de la V\u00eda Morelos en Tulpetlac y por Insurgentes, hasta llegar al Palacio de Gobierno municipal, para recordar a las y los que ya no est\u00e1n, que fueron v\u00edctimas de cr\u00edmenes de odio en ese municipio de la periferia. El Estado de M\u00e9xico es una de las entidades con mayor incidencia de asesinatos por lesbofobia, homofobia, transfobia o bifobia, adem\u00e1s que es donde m\u00e1s feminicidios se registran en el pa\u00eds. La Red Denuncia Feminicidios Estado de M\u00e9xico y la Colectiva Mujeres de la Periferia para la Periferia realizaron el performance \u00abEsta es mi Vida, los cuerpos LGBTTTIQ+ silenciados y omitidos en la periferia\u00bb, para visibilizar y denunciar a la sociedad y a las autoridades este tipo de asesinatos de odio a personas que sienten y aman diversamente. \u00a1\u00a1Basta de cr\u00edmenes de Odio!! \u00a1\u00a1Las personas de la diversidad en la periferia tambi\u00e9n importamos!!<\/figcaption><\/figure>\n<!-- AddThis Advanced Settings generic via filter on the_content --><!-- AddThis Share Buttons generic via filter on the_content -->","protected":false},"excerpt":{"rendered":"<p><!-- AddThis Advanced Settings generic via filter on get_the_excerpt --><!-- AddThis Share Buttons generic via filter on get_the_excerpt --><\/p>\n","protected":false},"author":1,"featured_media":0,"parent":0,"menu_order":0,"comment_status":"closed","ping_status":"closed","template":"","meta":{"footnotes":""},"class_list":["post-407","page","type-page","status-publish","hentry"],"yoast_head":"<!-- This site is optimized with the Yoast SEO plugin v27.0 - https:\/\/yoast.com\/product\/yoast-seo-wordpress\/ -->\n<title>Esta Es Mi Vida, los cuerpos silenciados y omitidos en la periferia, Sexta Marcha LGBTTTIQ+ Ecatepec - Red Denuncia Feminicidios Estado de M\u00e9xico<\/title>\n<meta name=\"robots\" content=\"index, follow, max-snippet:-1, max-image-preview:large, max-video-preview:-1\" \/>\n<link rel=\"canonical\" href=\"https:\/\/reddenunciafeminicidiosestadodemexico.com\/index.php\/esta-es-mi-vida-los-cuerpos-silenciados-y-omitidos-en-la-periferia-sexta-marcha-lgbtttiq-ecatepec\/\" \/>\n<meta property=\"og:locale\" content=\"es_ES\" \/>\n<meta property=\"og:type\" content=\"article\" \/>\n<meta property=\"og:title\" content=\"Esta Es Mi Vida, los cuerpos silenciados y omitidos en la periferia, Sexta Marcha LGBTTTIQ+ Ecatepec - Red Denuncia Feminicidios Estado de M\u00e9xico\" \/>\n<meta property=\"og:url\" content=\"https:\/\/reddenunciafeminicidiosestadodemexico.com\/index.php\/esta-es-mi-vida-los-cuerpos-silenciados-y-omitidos-en-la-periferia-sexta-marcha-lgbtttiq-ecatepec\/\" \/>\n<meta property=\"og:site_name\" content=\"Red Denuncia Feminicidios Estado de M\u00e9xico\" \/>\n<meta name=\"twitter:card\" content=\"summary_large_image\" \/>\n<meta name=\"twitter:label1\" content=\"Tiempo de lectura\" \/>\n\t<meta name=\"twitter:data1\" content=\"1 minuto\" \/>\n<script type=\"application\/ld+json\" class=\"yoast-schema-graph\">{\"@context\":\"https:\/\/schema.org\",\"@graph\":[{\"@type\":\"WebPage\",\"@id\":\"https:\/\/reddenunciafeminicidiosestadodemexico.com\/index.php\/esta-es-mi-vida-los-cuerpos-silenciados-y-omitidos-en-la-periferia-sexta-marcha-lgbtttiq-ecatepec\/\",\"url\":\"https:\/\/reddenunciafeminicidiosestadodemexico.com\/index.php\/esta-es-mi-vida-los-cuerpos-silenciados-y-omitidos-en-la-periferia-sexta-marcha-lgbtttiq-ecatepec\/\",\"name\":\"Esta Es Mi Vida, los cuerpos silenciados y omitidos en la periferia, Sexta Marcha LGBTTTIQ+ Ecatepec - Red Denuncia Feminicidios Estado de M\u00e9xico\",\"isPartOf\":{\"@id\":\"https:\/\/reddenunciafeminicidiosestadodemexico.com\/#website\"},\"datePublished\":\"2023-07-11T00:09:51+00:00\",\"breadcrumb\":{\"@id\":\"https:\/\/reddenunciafeminicidiosestadodemexico.com\/index.php\/esta-es-mi-vida-los-cuerpos-silenciados-y-omitidos-en-la-periferia-sexta-marcha-lgbtttiq-ecatepec\/#breadcrumb\"},\"inLanguage\":\"es\",\"potentialAction\":[{\"@type\":\"ReadAction\",\"target\":[\"https:\/\/reddenunciafeminicidiosestadodemexico.com\/index.php\/esta-es-mi-vida-los-cuerpos-silenciados-y-omitidos-en-la-periferia-sexta-marcha-lgbtttiq-ecatepec\/\"]}]},{\"@type\":\"BreadcrumbList\",\"@id\":\"https:\/\/reddenunciafeminicidiosestadodemexico.com\/index.php\/esta-es-mi-vida-los-cuerpos-silenciados-y-omitidos-en-la-periferia-sexta-marcha-lgbtttiq-ecatepec\/#breadcrumb\",\"itemListElement\":[{\"@type\":\"ListItem\",\"position\":1,\"name\":\"Portada\",\"item\":\"https:\/\/reddenunciafeminicidiosestadodemexico.com\/\"},{\"@type\":\"ListItem\",\"position\":2,\"name\":\"Esta Es Mi Vida, los cuerpos silenciados y omitidos en la periferia, Sexta Marcha LGBTTTIQ+ Ecatepec\"}]},{\"@type\":\"WebSite\",\"@id\":\"https:\/\/reddenunciafeminicidiosestadodemexico.com\/#website\",\"url\":\"https:\/\/reddenunciafeminicidiosestadodemexico.com\/\",\"name\":\"Red Denuncia Feminicidios Estado de M\u00e9xico\",\"description\":\"\",\"potentialAction\":[{\"@type\":\"SearchAction\",\"target\":{\"@type\":\"EntryPoint\",\"urlTemplate\":\"https:\/\/reddenunciafeminicidiosestadodemexico.com\/?s={search_term_string}\"},\"query-input\":{\"@type\":\"PropertyValueSpecification\",\"valueRequired\":true,\"valueName\":\"search_term_string\"}}],\"inLanguage\":\"es\"}]}<\/script>\n<!-- \/ Yoast SEO plugin. -->","yoast_head_json":{"title":"Esta Es Mi Vida, los cuerpos silenciados y omitidos en la periferia, Sexta Marcha LGBTTTIQ+ Ecatepec - Red Denuncia Feminicidios Estado de M\u00e9xico","robots":{"index":"index","follow":"follow","max-snippet":"max-snippet:-1","max-image-preview":"max-image-preview:large","max-video-preview":"max-video-preview:-1"},"canonical":"https:\/\/reddenunciafeminicidiosestadodemexico.com\/index.php\/esta-es-mi-vida-los-cuerpos-silenciados-y-omitidos-en-la-periferia-sexta-marcha-lgbtttiq-ecatepec\/","og_locale":"es_ES","og_type":"article","og_title":"Esta Es Mi Vida, los cuerpos silenciados y omitidos en la periferia, Sexta Marcha LGBTTTIQ+ Ecatepec - Red Denuncia Feminicidios Estado de M\u00e9xico","og_url":"https:\/\/reddenunciafeminicidiosestadodemexico.com\/index.php\/esta-es-mi-vida-los-cuerpos-silenciados-y-omitidos-en-la-periferia-sexta-marcha-lgbtttiq-ecatepec\/","og_site_name":"Red Denuncia Feminicidios Estado de M\u00e9xico","twitter_card":"summary_large_image","twitter_misc":{"Tiempo de lectura":"1 minuto"},"schema":{"@context":"https:\/\/schema.org","@graph":[{"@type":"WebPage","@id":"https:\/\/reddenunciafeminicidiosestadodemexico.com\/index.php\/esta-es-mi-vida-los-cuerpos-silenciados-y-omitidos-en-la-periferia-sexta-marcha-lgbtttiq-ecatepec\/","url":"https:\/\/reddenunciafeminicidiosestadodemexico.com\/index.php\/esta-es-mi-vida-los-cuerpos-silenciados-y-omitidos-en-la-periferia-sexta-marcha-lgbtttiq-ecatepec\/","name":"Esta Es Mi Vida, los cuerpos silenciados y omitidos en la periferia, Sexta Marcha LGBTTTIQ+ Ecatepec - Red Denuncia Feminicidios Estado de M\u00e9xico","isPartOf":{"@id":"https:\/\/reddenunciafeminicidiosestadodemexico.com\/#website"},"datePublished":"2023-07-11T00:09:51+00:00","breadcrumb":{"@id":"https:\/\/reddenunciafeminicidiosestadodemexico.com\/index.php\/esta-es-mi-vida-los-cuerpos-silenciados-y-omitidos-en-la-periferia-sexta-marcha-lgbtttiq-ecatepec\/#breadcrumb"},"inLanguage":"es","potentialAction":[{"@type":"ReadAction","target":["https:\/\/reddenunciafeminicidiosestadodemexico.com\/index.php\/esta-es-mi-vida-los-cuerpos-silenciados-y-omitidos-en-la-periferia-sexta-marcha-lgbtttiq-ecatepec\/"]}]},{"@type":"BreadcrumbList","@id":"https:\/\/reddenunciafeminicidiosestadodemexico.com\/index.php\/esta-es-mi-vida-los-cuerpos-silenciados-y-omitidos-en-la-periferia-sexta-marcha-lgbtttiq-ecatepec\/#breadcrumb","itemListElement":[{"@type":"ListItem","position":1,"name":"Portada","item":"https:\/\/reddenunciafeminicidiosestadodemexico.com\/"},{"@type":"ListItem","position":2,"name":"Esta Es Mi Vida, los cuerpos silenciados y omitidos en la periferia, Sexta Marcha LGBTTTIQ+ Ecatepec"}]},{"@type":"WebSite","@id":"https:\/\/reddenunciafeminicidiosestadodemexico.com\/#website","url":"https:\/\/reddenunciafeminicidiosestadodemexico.com\/","name":"Red Denuncia Feminicidios Estado de M\u00e9xico","description":"","potentialAction":[{"@type":"SearchAction","target":{"@type":"EntryPoint","urlTemplate":"https:\/\/reddenunciafeminicidiosestadodemexico.com\/?s={search_term_string}"},"query-input":{"@type":"PropertyValueSpecification","valueRequired":true,"valueName":"search_term_string"}}],"inLanguage":"es"}]}},"_links":{"self":[{"href":"https:\/\/reddenunciafeminicidiosestadodemexico.com\/index.php\/wp-json\/wp\/v2\/pages\/407","targetHints":{"allow":["GET"]}}],"collection":[{"href":"https:\/\/reddenunciafeminicidiosestadodemexico.com\/index.php\/wp-json\/wp\/v2\/pages"}],"about":[{"href":"https:\/\/reddenunciafeminicidiosestadodemexico.com\/index.php\/wp-json\/wp\/v2\/types\/page"}],"author":[{"embeddable":true,"href":"https:\/\/reddenunciafeminicidiosestadodemexico.com\/index.php\/wp-json\/wp\/v2\/users\/1"}],"replies":[{"embeddable":true,"href":"https:\/\/reddenunciafeminicidiosestadodemexico.com\/index.php\/wp-json\/wp\/v2\/comments?post=407"}],"version-history":[{"count":1,"href":"https:\/\/reddenunciafeminicidiosestadodemexico.com\/index.php\/wp-json\/wp\/v2\/pages\/407\/revisions"}],"predecessor-version":[{"id":409,"href":"https:\/\/reddenunciafeminicidiosestadodemexico.com\/index.php\/wp-json\/wp\/v2\/pages\/407\/revisions\/409"}],"wp:attachment":[{"href":"https:\/\/reddenunciafeminicidiosestadodemexico.com\/index.php\/wp-json\/wp\/v2\/media?parent=407"}],"curies":[{"name":"wp","href":"https:\/\/api.w.org\/{rel}","templated":true}]}}