{"id":417,"date":"2023-07-12T02:23:12","date_gmt":"2023-07-12T02:23:12","guid":{"rendered":"https:\/\/reddenunciafeminicidiosestadodemexico.com\/?page_id=417"},"modified":"2023-07-12T02:23:12","modified_gmt":"2023-07-12T02:23:12","slug":"las-ninas-de-ecatepec-entre-el-abandono-el-silencio-y-el-feminicidio","status":"publish","type":"page","link":"https:\/\/reddenunciafeminicidiosestadodemexico.com\/index.php\/las-ninas-de-ecatepec-entre-el-abandono-el-silencio-y-el-feminicidio\/","title":{"rendered":"Las Ni\u00f1as de Ecatepec, entre el abandono, el silencio y el feminicidio."},"content":{"rendered":"\n<figure class=\"wp-block-embed is-type-video is-provider-youtube wp-block-embed-youtube wp-embed-aspect-16-9 wp-has-aspect-ratio\"><div class=\"wp-block-embed__wrapper\">\n<iframe loading=\"lazy\" title=\"Las Ni\u00f1as de Ecatepec, entre el abandono, el silencio y el feminicidio, Performance\" width=\"500\" height=\"281\" src=\"https:\/\/www.youtube.com\/embed\/mHTm0N1KRuE?feature=oembed\" frameborder=\"0\" allow=\"accelerometer; autoplay; clipboard-write; encrypted-media; gyroscope; picture-in-picture; web-share\" referrerpolicy=\"strict-origin-when-cross-origin\" allowfullscreen><\/iframe>\n<\/div><figcaption class=\"wp-element-caption\">Las Ni\u00f1as de Ecatepec, entre el abandono, el silencio y el feminicidio, performance pol\u00edtico realizado en el marco del D\u00eda Internacional de la Mujer 2017, por estudiantes de la Preparatoria 128 \u00abFrancisco Villa\u00bb en Ecatepec, con la coordinaci\u00f3n del profesor Manuel Amador, Video realizado para Somoselmedio.org por Paco Dorado.<\/figcaption><\/figure>\n<!-- AddThis Advanced Settings generic via filter on the_content --><!-- AddThis Share Buttons generic via filter on the_content -->","protected":false},"excerpt":{"rendered":"<p><!-- AddThis Advanced Settings generic via filter on get_the_excerpt --><!-- AddThis Share Buttons generic via filter on get_the_excerpt --><\/p>\n","protected":false},"author":1,"featured_media":0,"parent":0,"menu_order":0,"comment_status":"closed","ping_status":"closed","template":"","meta":{"footnotes":""},"class_list":["post-417","page","type-page","status-publish","hentry"],"yoast_head":"<!-- This site is optimized with the Yoast SEO plugin v27.0 - https:\/\/yoast.com\/product\/yoast-seo-wordpress\/ -->\n<title>Las Ni\u00f1as de Ecatepec, entre el abandono, el silencio y el feminicidio. - Red Denuncia Feminicidios Estado de M\u00e9xico<\/title>\n<meta name=\"robots\" content=\"index, follow, max-snippet:-1, max-image-preview:large, max-video-preview:-1\" \/>\n<link rel=\"canonical\" href=\"https:\/\/reddenunciafeminicidiosestadodemexico.com\/index.php\/las-ninas-de-ecatepec-entre-el-abandono-el-silencio-y-el-feminicidio\/\" \/>\n<meta property=\"og:locale\" content=\"es_ES\" \/>\n<meta property=\"og:type\" content=\"article\" \/>\n<meta property=\"og:title\" content=\"Las Ni\u00f1as de Ecatepec, entre el abandono, el silencio y el feminicidio. - Red Denuncia Feminicidios Estado de M\u00e9xico\" \/>\n<meta property=\"og:url\" content=\"https:\/\/reddenunciafeminicidiosestadodemexico.com\/index.php\/las-ninas-de-ecatepec-entre-el-abandono-el-silencio-y-el-feminicidio\/\" \/>\n<meta property=\"og:site_name\" content=\"Red Denuncia Feminicidios Estado de M\u00e9xico\" \/>\n<meta name=\"twitter:card\" content=\"summary_large_image\" \/>\n<script type=\"application\/ld+json\" class=\"yoast-schema-graph\">{\"@context\":\"https:\/\/schema.org\",\"@graph\":[{\"@type\":\"WebPage\",\"@id\":\"https:\/\/reddenunciafeminicidiosestadodemexico.com\/index.php\/las-ninas-de-ecatepec-entre-el-abandono-el-silencio-y-el-feminicidio\/\",\"url\":\"https:\/\/reddenunciafeminicidiosestadodemexico.com\/index.php\/las-ninas-de-ecatepec-entre-el-abandono-el-silencio-y-el-feminicidio\/\",\"name\":\"Las Ni\u00f1as de Ecatepec, entre el abandono, el silencio y el feminicidio. - Red Denuncia Feminicidios Estado de M\u00e9xico\",\"isPartOf\":{\"@id\":\"https:\/\/reddenunciafeminicidiosestadodemexico.com\/#website\"},\"datePublished\":\"2023-07-12T02:23:12+00:00\",\"breadcrumb\":{\"@id\":\"https:\/\/reddenunciafeminicidiosestadodemexico.com\/index.php\/las-ninas-de-ecatepec-entre-el-abandono-el-silencio-y-el-feminicidio\/#breadcrumb\"},\"inLanguage\":\"es\",\"potentialAction\":[{\"@type\":\"ReadAction\",\"target\":[\"https:\/\/reddenunciafeminicidiosestadodemexico.com\/index.php\/las-ninas-de-ecatepec-entre-el-abandono-el-silencio-y-el-feminicidio\/\"]}]},{\"@type\":\"BreadcrumbList\",\"@id\":\"https:\/\/reddenunciafeminicidiosestadodemexico.com\/index.php\/las-ninas-de-ecatepec-entre-el-abandono-el-silencio-y-el-feminicidio\/#breadcrumb\",\"itemListElement\":[{\"@type\":\"ListItem\",\"position\":1,\"name\":\"Portada\",\"item\":\"https:\/\/reddenunciafeminicidiosestadodemexico.com\/\"},{\"@type\":\"ListItem\",\"position\":2,\"name\":\"Las Ni\u00f1as de Ecatepec, entre el abandono, el silencio y el feminicidio.\"}]},{\"@type\":\"WebSite\",\"@id\":\"https:\/\/reddenunciafeminicidiosestadodemexico.com\/#website\",\"url\":\"https:\/\/reddenunciafeminicidiosestadodemexico.com\/\",\"name\":\"Red Denuncia Feminicidios Estado de M\u00e9xico\",\"description\":\"\",\"potentialAction\":[{\"@type\":\"SearchAction\",\"target\":{\"@type\":\"EntryPoint\",\"urlTemplate\":\"https:\/\/reddenunciafeminicidiosestadodemexico.com\/?s={search_term_string}\"},\"query-input\":{\"@type\":\"PropertyValueSpecification\",\"valueRequired\":true,\"valueName\":\"search_term_string\"}}],\"inLanguage\":\"es\"}]}<\/script>\n<!-- \/ Yoast SEO plugin. -->","yoast_head_json":{"title":"Las Ni\u00f1as de Ecatepec, entre el abandono, el silencio y el feminicidio. - Red Denuncia Feminicidios Estado de M\u00e9xico","robots":{"index":"index","follow":"follow","max-snippet":"max-snippet:-1","max-image-preview":"max-image-preview:large","max-video-preview":"max-video-preview:-1"},"canonical":"https:\/\/reddenunciafeminicidiosestadodemexico.com\/index.php\/las-ninas-de-ecatepec-entre-el-abandono-el-silencio-y-el-feminicidio\/","og_locale":"es_ES","og_type":"article","og_title":"Las Ni\u00f1as de Ecatepec, entre el abandono, el silencio y el feminicidio. - Red Denuncia Feminicidios Estado de M\u00e9xico","og_url":"https:\/\/reddenunciafeminicidiosestadodemexico.com\/index.php\/las-ninas-de-ecatepec-entre-el-abandono-el-silencio-y-el-feminicidio\/","og_site_name":"Red Denuncia Feminicidios Estado de M\u00e9xico","twitter_card":"summary_large_image","schema":{"@context":"https:\/\/schema.org","@graph":[{"@type":"WebPage","@id":"https:\/\/reddenunciafeminicidiosestadodemexico.com\/index.php\/las-ninas-de-ecatepec-entre-el-abandono-el-silencio-y-el-feminicidio\/","url":"https:\/\/reddenunciafeminicidiosestadodemexico.com\/index.php\/las-ninas-de-ecatepec-entre-el-abandono-el-silencio-y-el-feminicidio\/","name":"Las Ni\u00f1as de Ecatepec, entre el abandono, el silencio y el feminicidio. - Red Denuncia Feminicidios Estado de M\u00e9xico","isPartOf":{"@id":"https:\/\/reddenunciafeminicidiosestadodemexico.com\/#website"},"datePublished":"2023-07-12T02:23:12+00:00","breadcrumb":{"@id":"https:\/\/reddenunciafeminicidiosestadodemexico.com\/index.php\/las-ninas-de-ecatepec-entre-el-abandono-el-silencio-y-el-feminicidio\/#breadcrumb"},"inLanguage":"es","potentialAction":[{"@type":"ReadAction","target":["https:\/\/reddenunciafeminicidiosestadodemexico.com\/index.php\/las-ninas-de-ecatepec-entre-el-abandono-el-silencio-y-el-feminicidio\/"]}]},{"@type":"BreadcrumbList","@id":"https:\/\/reddenunciafeminicidiosestadodemexico.com\/index.php\/las-ninas-de-ecatepec-entre-el-abandono-el-silencio-y-el-feminicidio\/#breadcrumb","itemListElement":[{"@type":"ListItem","position":1,"name":"Portada","item":"https:\/\/reddenunciafeminicidiosestadodemexico.com\/"},{"@type":"ListItem","position":2,"name":"Las Ni\u00f1as de Ecatepec, entre el abandono, el silencio y el feminicidio."}]},{"@type":"WebSite","@id":"https:\/\/reddenunciafeminicidiosestadodemexico.com\/#website","url":"https:\/\/reddenunciafeminicidiosestadodemexico.com\/","name":"Red Denuncia Feminicidios Estado de M\u00e9xico","description":"","potentialAction":[{"@type":"SearchAction","target":{"@type":"EntryPoint","urlTemplate":"https:\/\/reddenunciafeminicidiosestadodemexico.com\/?s={search_term_string}"},"query-input":{"@type":"PropertyValueSpecification","valueRequired":true,"valueName":"search_term_string"}}],"inLanguage":"es"}]}},"_links":{"self":[{"href":"https:\/\/reddenunciafeminicidiosestadodemexico.com\/index.php\/wp-json\/wp\/v2\/pages\/417","targetHints":{"allow":["GET"]}}],"collection":[{"href":"https:\/\/reddenunciafeminicidiosestadodemexico.com\/index.php\/wp-json\/wp\/v2\/pages"}],"about":[{"href":"https:\/\/reddenunciafeminicidiosestadodemexico.com\/index.php\/wp-json\/wp\/v2\/types\/page"}],"author":[{"embeddable":true,"href":"https:\/\/reddenunciafeminicidiosestadodemexico.com\/index.php\/wp-json\/wp\/v2\/users\/1"}],"replies":[{"embeddable":true,"href":"https:\/\/reddenunciafeminicidiosestadodemexico.com\/index.php\/wp-json\/wp\/v2\/comments?post=417"}],"version-history":[{"count":1,"href":"https:\/\/reddenunciafeminicidiosestadodemexico.com\/index.php\/wp-json\/wp\/v2\/pages\/417\/revisions"}],"predecessor-version":[{"id":419,"href":"https:\/\/reddenunciafeminicidiosestadodemexico.com\/index.php\/wp-json\/wp\/v2\/pages\/417\/revisions\/419"}],"wp:attachment":[{"href":"https:\/\/reddenunciafeminicidiosestadodemexico.com\/index.php\/wp-json\/wp\/v2\/media?parent=417"}],"curies":[{"name":"wp","href":"https:\/\/api.w.org\/{rel}","templated":true}]}}