{"id":474,"date":"2023-07-12T22:18:17","date_gmt":"2023-07-12T22:18:17","guid":{"rendered":"https:\/\/reddenunciafeminicidiosestadodemexico.com\/?page_id=474"},"modified":"2023-07-14T01:41:51","modified_gmt":"2023-07-14T01:41:51","slug":"magda","status":"publish","type":"page","link":"https:\/\/reddenunciafeminicidiosestadodemexico.com\/index.php\/magda\/","title":{"rendered":"Magda"},"content":{"rendered":"\n<figure class=\"wp-block-embed is-type-video is-provider-youtube wp-block-embed-youtube wp-embed-aspect-16-9 wp-has-aspect-ratio\"><div class=\"wp-block-embed__wrapper\">\n<iframe loading=\"lazy\" title=\"\u00a1Magda Libre YA!\" width=\"500\" height=\"281\" src=\"https:\/\/www.youtube.com\/embed\/KIi6i5ReUSc?feature=oembed\" frameborder=\"0\" allow=\"accelerometer; autoplay; clipboard-write; encrypted-media; gyroscope; picture-in-picture; web-share\" referrerpolicy=\"strict-origin-when-cross-origin\" allowfullscreen><\/iframe>\n<\/div><figcaption class=\"wp-element-caption\">Ella es Magda, defensora de los derechos humanos de las mujeres, poeta, performancera, mujer trabajadora y madre. Es sobreviviente de violencia feminicida en Ecatepec, Estado de M\u00e9xico. A partir del arte ha trabajado para visibilizar y denunciar las violencias machistas en M\u00e9xico y ha acompa\u00f1ado a madres y familiares de v\u00edctimas de feminicidio en su proceso de exigencia de justicia. El pasado viernes 15 de abril se encontraba en calidad de refugiada en la Okupa Casa de Refugio de la calle de Cuba, del Centro Hist\u00f3rico de la Ciudad de M\u00e9xico, cuando un aparatoso operativo de al menos 200 polic\u00edas irrumpi\u00f3 en el inmueble y se la llevaron detenida junto con otras dos mujeres. En el momento de su detenci\u00f3n fueron violentadas, los polic\u00edas las amenazaron con violarlas, recibieron tratos indignos y humillantes por el hecho de ser feministas. En el penal han sido v\u00edctimas de diversas violaciones a los derechos humanos y al debido proceso, adem\u00e1s de la privaci\u00f3n ilegal de su libertad. Las autoridades les ha negado el derecho a su leg\u00edtima defensa, les han obligado a aceptar abogados de oficio y han obstaculizado las acciones de sus abogadas privadas. Las custodias del penal les han golpeado, les han racionado la comida y el agua, adem\u00e1s que las obligan a permanecer en posiciones inc\u00f3modas hasta el borde del desmayo e incitan a otras internas para que las amenacen de muerte. Desde la Red Denuncia Feminicidios Estado de M\u00e9xico<\/figcaption><\/figure>\n\n\n\n<figure class=\"wp-block-embed is-type-video is-provider-youtube wp-block-embed-youtube wp-embed-aspect-16-9 wp-has-aspect-ratio\"><div class=\"wp-block-embed__wrapper\">\n<iframe loading=\"lazy\" title=\"PaulinaGenea, artista pl\u00e1stica -  poes\u00eda y performance para las  #PresasPol\u00edticas #Okupa\" width=\"500\" height=\"281\" src=\"https:\/\/www.youtube.com\/embed\/mMfES8VpF2w?feature=oembed\" frameborder=\"0\" allow=\"accelerometer; autoplay; clipboard-write; encrypted-media; gyroscope; picture-in-picture; web-share\" referrerpolicy=\"strict-origin-when-cross-origin\" allowfullscreen><\/iframe>\n<\/div><figcaption class=\"wp-element-caption\">A un mes del desalojo violento del inmueble conocido como <a href=\"https:\/\/www.youtube.com\/hashtag\/okupa\">#Okupa<\/a> Cuba por m\u00e1s de 200 polic\u00edas de la CDMX, donde tres mujeres fueron detenidas por medio de abusos policiales y hechas presas; familiares, amistades y colectivas feministas se reunieron en el penal femenil de Santa Martha Acatitla para realizar una jornada pol\u00edtica art\u00edstica en exigencia de <a href=\"https:\/\/www.youtube.com\/hashtag\/libertad\">#Libertad<\/a> a las <a href=\"https:\/\/www.youtube.com\/hashtag\/presaspol%C3%ADticas\">#PresasPol\u00edticas<\/a>, una de ellas, <a href=\"https:\/\/www.youtube.com\/hashtag\/magda\">#Magda<\/a>, se encontraba en calidad de <a href=\"https:\/\/www.youtube.com\/hashtag\/refugiada\">#refugiada<\/a> por <a href=\"https:\/\/www.youtube.com\/hashtag\/violenciafeminicida\">#violenciafeminicida<\/a> <a href=\"https:\/\/www.youtube.com\/hashtag\/magdalibre\">#MagdaLibre<\/a><\/figcaption><\/figure>\n\n\n\n<figure class=\"wp-block-embed is-type-video is-provider-youtube wp-block-embed-youtube wp-embed-aspect-16-9 wp-has-aspect-ratio\"><div class=\"wp-block-embed__wrapper\">\n<iframe loading=\"lazy\" title=\"Anasauria - Hip Hop feminista para las #PresasPol\u00edticas #MagdaLibre\" width=\"500\" height=\"281\" src=\"https:\/\/www.youtube.com\/embed\/6m1u8HRcC_Q?start=20&#038;feature=oembed\" frameborder=\"0\" allow=\"accelerometer; autoplay; clipboard-write; encrypted-media; gyroscope; picture-in-picture; web-share\" referrerpolicy=\"strict-origin-when-cross-origin\" allowfullscreen><\/iframe>\n<\/div><figcaption class=\"wp-element-caption\">El pasado domingo 15 de mayo se reunieron en el penal femenil de Santa Martha Acatitla <a href=\"https:\/\/www.youtube.com\/hashtag\/cdmx\">#CDMX<\/a>, familiares, amistades y colectivas feministas para apoyar a las tres mujeres presas al ser desalojado el inmueble conocido como <a href=\"https:\/\/www.youtube.com\/hashtag\/okupa\">#Okupa<\/a> Cuba y realizar una jornada pol\u00edtica y art\u00edstica. Anasauria hiphopera feminista realiz\u00f3 unas coplas para las <a href=\"https:\/\/www.youtube.com\/hashtag\/presaspol%C3%ADticas\">#PresasPol\u00edticas<\/a> exigiendo <a href=\"https:\/\/www.youtube.com\/hashtag\/presaspol%C3%ADticaslibertad\">#PresasPol\u00edticasLibertad<\/a> <a href=\"https:\/\/www.youtube.com\/hashtag\/libreslastres\">#LibresLasTres<\/a> <a href=\"https:\/\/www.youtube.com\/hashtag\/magdalibre\">#MagdaLibre<\/a><\/figcaption><\/figure>\n<!-- AddThis Advanced Settings generic via filter on the_content --><!-- AddThis Share Buttons generic via filter on the_content -->","protected":false},"excerpt":{"rendered":"<p><!-- AddThis Advanced Settings generic via filter on get_the_excerpt --><!-- AddThis Share Buttons generic via filter on get_the_excerpt --><\/p>\n","protected":false},"author":1,"featured_media":0,"parent":0,"menu_order":0,"comment_status":"closed","ping_status":"closed","template":"","meta":{"footnotes":""},"class_list":["post-474","page","type-page","status-publish","hentry"],"yoast_head":"<!-- This site is optimized with the Yoast SEO plugin v27.0 - https:\/\/yoast.com\/product\/yoast-seo-wordpress\/ -->\n<title>Magda - Red Denuncia Feminicidios Estado de M\u00e9xico<\/title>\n<meta name=\"robots\" content=\"index, follow, max-snippet:-1, max-image-preview:large, max-video-preview:-1\" \/>\n<link rel=\"canonical\" href=\"https:\/\/reddenunciafeminicidiosestadodemexico.com\/index.php\/magda\/\" \/>\n<meta property=\"og:locale\" content=\"es_ES\" \/>\n<meta property=\"og:type\" content=\"article\" \/>\n<meta property=\"og:title\" content=\"Magda - Red Denuncia Feminicidios Estado de M\u00e9xico\" \/>\n<meta property=\"og:url\" content=\"https:\/\/reddenunciafeminicidiosestadodemexico.com\/index.php\/magda\/\" \/>\n<meta property=\"og:site_name\" content=\"Red Denuncia Feminicidios Estado de M\u00e9xico\" \/>\n<meta property=\"article:modified_time\" content=\"2023-07-14T01:41:51+00:00\" \/>\n<meta name=\"twitter:card\" content=\"summary_large_image\" \/>\n<meta name=\"twitter:label1\" content=\"Tiempo de lectura\" \/>\n\t<meta name=\"twitter:data1\" content=\"2 minutos\" \/>\n<script type=\"application\/ld+json\" class=\"yoast-schema-graph\">{\"@context\":\"https:\/\/schema.org\",\"@graph\":[{\"@type\":\"WebPage\",\"@id\":\"https:\/\/reddenunciafeminicidiosestadodemexico.com\/index.php\/magda\/\",\"url\":\"https:\/\/reddenunciafeminicidiosestadodemexico.com\/index.php\/magda\/\",\"name\":\"Magda - Red Denuncia Feminicidios Estado de M\u00e9xico\",\"isPartOf\":{\"@id\":\"https:\/\/reddenunciafeminicidiosestadodemexico.com\/#website\"},\"datePublished\":\"2023-07-12T22:18:17+00:00\",\"dateModified\":\"2023-07-14T01:41:51+00:00\",\"breadcrumb\":{\"@id\":\"https:\/\/reddenunciafeminicidiosestadodemexico.com\/index.php\/magda\/#breadcrumb\"},\"inLanguage\":\"es\",\"potentialAction\":[{\"@type\":\"ReadAction\",\"target\":[\"https:\/\/reddenunciafeminicidiosestadodemexico.com\/index.php\/magda\/\"]}]},{\"@type\":\"BreadcrumbList\",\"@id\":\"https:\/\/reddenunciafeminicidiosestadodemexico.com\/index.php\/magda\/#breadcrumb\",\"itemListElement\":[{\"@type\":\"ListItem\",\"position\":1,\"name\":\"Portada\",\"item\":\"https:\/\/reddenunciafeminicidiosestadodemexico.com\/\"},{\"@type\":\"ListItem\",\"position\":2,\"name\":\"Magda\"}]},{\"@type\":\"WebSite\",\"@id\":\"https:\/\/reddenunciafeminicidiosestadodemexico.com\/#website\",\"url\":\"https:\/\/reddenunciafeminicidiosestadodemexico.com\/\",\"name\":\"Red Denuncia Feminicidios Estado de M\u00e9xico\",\"description\":\"\",\"potentialAction\":[{\"@type\":\"SearchAction\",\"target\":{\"@type\":\"EntryPoint\",\"urlTemplate\":\"https:\/\/reddenunciafeminicidiosestadodemexico.com\/?s={search_term_string}\"},\"query-input\":{\"@type\":\"PropertyValueSpecification\",\"valueRequired\":true,\"valueName\":\"search_term_string\"}}],\"inLanguage\":\"es\"}]}<\/script>\n<!-- \/ Yoast SEO plugin. -->","yoast_head_json":{"title":"Magda - Red Denuncia Feminicidios Estado de M\u00e9xico","robots":{"index":"index","follow":"follow","max-snippet":"max-snippet:-1","max-image-preview":"max-image-preview:large","max-video-preview":"max-video-preview:-1"},"canonical":"https:\/\/reddenunciafeminicidiosestadodemexico.com\/index.php\/magda\/","og_locale":"es_ES","og_type":"article","og_title":"Magda - Red Denuncia Feminicidios Estado de M\u00e9xico","og_url":"https:\/\/reddenunciafeminicidiosestadodemexico.com\/index.php\/magda\/","og_site_name":"Red Denuncia Feminicidios Estado de M\u00e9xico","article_modified_time":"2023-07-14T01:41:51+00:00","twitter_card":"summary_large_image","twitter_misc":{"Tiempo de lectura":"2 minutos"},"schema":{"@context":"https:\/\/schema.org","@graph":[{"@type":"WebPage","@id":"https:\/\/reddenunciafeminicidiosestadodemexico.com\/index.php\/magda\/","url":"https:\/\/reddenunciafeminicidiosestadodemexico.com\/index.php\/magda\/","name":"Magda - Red Denuncia Feminicidios Estado de M\u00e9xico","isPartOf":{"@id":"https:\/\/reddenunciafeminicidiosestadodemexico.com\/#website"},"datePublished":"2023-07-12T22:18:17+00:00","dateModified":"2023-07-14T01:41:51+00:00","breadcrumb":{"@id":"https:\/\/reddenunciafeminicidiosestadodemexico.com\/index.php\/magda\/#breadcrumb"},"inLanguage":"es","potentialAction":[{"@type":"ReadAction","target":["https:\/\/reddenunciafeminicidiosestadodemexico.com\/index.php\/magda\/"]}]},{"@type":"BreadcrumbList","@id":"https:\/\/reddenunciafeminicidiosestadodemexico.com\/index.php\/magda\/#breadcrumb","itemListElement":[{"@type":"ListItem","position":1,"name":"Portada","item":"https:\/\/reddenunciafeminicidiosestadodemexico.com\/"},{"@type":"ListItem","position":2,"name":"Magda"}]},{"@type":"WebSite","@id":"https:\/\/reddenunciafeminicidiosestadodemexico.com\/#website","url":"https:\/\/reddenunciafeminicidiosestadodemexico.com\/","name":"Red Denuncia Feminicidios Estado de M\u00e9xico","description":"","potentialAction":[{"@type":"SearchAction","target":{"@type":"EntryPoint","urlTemplate":"https:\/\/reddenunciafeminicidiosestadodemexico.com\/?s={search_term_string}"},"query-input":{"@type":"PropertyValueSpecification","valueRequired":true,"valueName":"search_term_string"}}],"inLanguage":"es"}]}},"_links":{"self":[{"href":"https:\/\/reddenunciafeminicidiosestadodemexico.com\/index.php\/wp-json\/wp\/v2\/pages\/474","targetHints":{"allow":["GET"]}}],"collection":[{"href":"https:\/\/reddenunciafeminicidiosestadodemexico.com\/index.php\/wp-json\/wp\/v2\/pages"}],"about":[{"href":"https:\/\/reddenunciafeminicidiosestadodemexico.com\/index.php\/wp-json\/wp\/v2\/types\/page"}],"author":[{"embeddable":true,"href":"https:\/\/reddenunciafeminicidiosestadodemexico.com\/index.php\/wp-json\/wp\/v2\/users\/1"}],"replies":[{"embeddable":true,"href":"https:\/\/reddenunciafeminicidiosestadodemexico.com\/index.php\/wp-json\/wp\/v2\/comments?post=474"}],"version-history":[{"count":4,"href":"https:\/\/reddenunciafeminicidiosestadodemexico.com\/index.php\/wp-json\/wp\/v2\/pages\/474\/revisions"}],"predecessor-version":[{"id":489,"href":"https:\/\/reddenunciafeminicidiosestadodemexico.com\/index.php\/wp-json\/wp\/v2\/pages\/474\/revisions\/489"}],"wp:attachment":[{"href":"https:\/\/reddenunciafeminicidiosestadodemexico.com\/index.php\/wp-json\/wp\/v2\/media?parent=474"}],"curies":[{"name":"wp","href":"https:\/\/api.w.org\/{rel}","templated":true}]}}