{"id":509,"date":"2023-07-14T02:09:52","date_gmt":"2023-07-14T02:09:52","guid":{"rendered":"https:\/\/reddenunciafeminicidiosestadodemexico.com\/?page_id=509"},"modified":"2023-07-14T02:09:53","modified_gmt":"2023-07-14T02:09:53","slug":"nos-siguen-asesinando","status":"publish","type":"page","link":"https:\/\/reddenunciafeminicidiosestadodemexico.com\/index.php\/nos-siguen-asesinando\/","title":{"rendered":"Nos siguen asesinando"},"content":{"rendered":"\n<figure class=\"wp-block-embed is-type-video is-provider-youtube wp-block-embed-youtube wp-embed-aspect-16-9 wp-has-aspect-ratio\"><div class=\"wp-block-embed__wrapper\">\n<iframe loading=\"lazy\" title=\"NOS SIGUEN ASESINANDO\" width=\"500\" height=\"281\" src=\"https:\/\/www.youtube.com\/embed\/8JZSa20q1QU?feature=oembed\" frameborder=\"0\" allow=\"accelerometer; autoplay; clipboard-write; encrypted-media; gyroscope; picture-in-picture; web-share\" referrerpolicy=\"strict-origin-when-cross-origin\" allowfullscreen><\/iframe>\n<\/div><figcaption class=\"wp-element-caption\">No nos invisibilicen, somos seres humanos! Alto a la ola de feminicidios en el Estado de M\u00e9xico! Justica para todos los feminicidios y mujeres desaparecidas en el Estado de Mexico! A un a\u00f1o de la Declaraci\u00f3n de la Alerta de Violencia de Genero en el Estado de M\u00e9xico (AVG) \u201cNos siguen asesinando\u201d,\u201dNos siguen omitiendo\u201d, nos siguen arrancando de sus vidas y una campa\u00f1a publicitaria no es suficiente. De acuerdo en investigaciones hemerogr\u00e1ficas y seguimiento del peri\u00f3dico virtual A FONDO y de la Red Denuncia Feminicidios del Estado de M\u00e9xico, despu\u00e9s de esa fecha a la actualidad han ocurrido alrededor de 200 feminicidios (187 feminicidios) estos mayoritariamente dentro de los 11 municipios donde se emiti\u00f3 la AVG; tan solo en lo que va del a\u00f1o se han registrado 149 mujeres asesinadas en la entidad. Estamos ante una realidad que no se puede ocultar; a un a\u00f1o de la AVG a las mujeres del Estado de M\u00e9xico nos siguen asesinando y el gobierno del Eruviel Avila est\u00e1 omitiendo los datos. Nos quiere invisivilizar, nos siguen asesinando, exigimos justicia. Por eso estamos aqu\u00ed representando a todas esas mujeres que por ser mujeres les han arrancado la vida, son quemadas vivas, son descuartizadas, son apedreadas y se les ha desfigurado el rostro. Sus casos no tienen seguimiento ni justicia. Con esta acci\u00f3n performativa y pol\u00edtica, vestidas de color de negro y con el rostro cubierto representando a las mujeres que han asesinado y no han tenido justicia, las que son solo n\u00fameros para el gobierno, cuerpos que son vistos como menos. Estamos aqu\u00ed para visibilizar lo que el gobierno quiere negar, para decir que rechazamos contundentemente el actuar del gobierno, que con la sola declaraci\u00f3n y acciones medi\u00e1ticas se quiera ocultar la realidad y generar omisi\u00f3n. Exigimos a la Procuradora General de Justicia, Arely G\u00f3mez Gonz\u00e1lez, al gobernador del Estado de M\u00e9xico, al Procurador de Justicia del Estado de M\u00e9xico, Alejandro Jaime G\u00f3mez S\u00e1nchez, y a cada uno de los municipios donde se decret\u00f3 la AVG que rindan un informe de recopilaci\u00f3n y publicaci\u00f3n de estad\u00edsticas oficiales sobre la violencia hacia las mujeres incluyendo los feminicidios. Les exigimos que exista: \u2022 Apertura y funcionamiento de oficinas de violencia dom\u00e9stica (intrafamiliar) con el objeto de agilizar las medidas cautelares de protecci\u00f3n \u2022 Garant\u00edas para la protecci\u00f3n de las v\u00edctimas y familiares de violencia. \u2022 Implementaci\u00f3n de monitoreo electr\u00f3nico de los victimarios para asegurar que no violen las restricciones de acercamiento que impone la Justicia. \u2022 Creaci\u00f3n de hogares\/Refugio en la emergencia, Hogares de D\u00eda para victimas y subsidio habitacional, con una asistencia interdisciplinaria desde una perspectiva de g\u00e9nero. \u2022 reformar la ley de extinci\u00f3n de dominio para garantizar que las propiedades, muebles inmuebles decomisadas sean para uso y goce de familiares de las v\u00edctimas \u2022 Rendici\u00f3n de cuentas de todas las instancias de gobierno y organizaciones involucradas en la AVG y transparencia en las acciones de gobierno en los 3 niveles que implique un ejercicio de presupuesto p\u00fablico para la AVG. Exigimos que el gobierno de Eruviel \u00c1vila cumpla sus responsabilidades p\u00fablicas y garantice los Derechos Humanos de las mujeres del Estado de M\u00e9xico. Exigimos el cumplimiento y trasparencia a la AVG. Justicia para todas las mujeres v\u00edctimas de Feminicidios en el Estado de M\u00e9xico. No m\u00e1s a la omisi\u00f3n y alto a las estrategias medi\u00e1ticas del gobierno de Eruviel Avila para esconder la realidad feminicida en la Entidad. En el Estado de Mexico a un a\u00f1o de la Declaraci\u00f3n de la AVG nos siguen asesinado, Ni una m\u00e1s, Ni una m\u00e1s ni una asesinada m\u00e1s.<\/figcaption><\/figure>\n<!-- AddThis Advanced Settings generic via filter on the_content --><!-- AddThis Share Buttons generic via filter on the_content -->","protected":false},"excerpt":{"rendered":"<p><!-- AddThis Advanced Settings generic via filter on get_the_excerpt --><!-- AddThis Share Buttons generic via filter on get_the_excerpt --><\/p>\n","protected":false},"author":1,"featured_media":0,"parent":0,"menu_order":0,"comment_status":"closed","ping_status":"closed","template":"","meta":{"footnotes":""},"class_list":["post-509","page","type-page","status-publish","hentry"],"yoast_head":"<!-- This site is optimized with the Yoast SEO plugin v27.0 - https:\/\/yoast.com\/product\/yoast-seo-wordpress\/ -->\n<title>Nos siguen asesinando - Red Denuncia Feminicidios Estado de M\u00e9xico<\/title>\n<meta name=\"robots\" content=\"index, follow, max-snippet:-1, max-image-preview:large, max-video-preview:-1\" \/>\n<link rel=\"canonical\" href=\"https:\/\/reddenunciafeminicidiosestadodemexico.com\/index.php\/nos-siguen-asesinando\/\" \/>\n<meta property=\"og:locale\" content=\"es_ES\" \/>\n<meta property=\"og:type\" content=\"article\" \/>\n<meta property=\"og:title\" content=\"Nos siguen asesinando - Red Denuncia Feminicidios Estado de M\u00e9xico\" \/>\n<meta property=\"og:url\" content=\"https:\/\/reddenunciafeminicidiosestadodemexico.com\/index.php\/nos-siguen-asesinando\/\" \/>\n<meta property=\"og:site_name\" content=\"Red Denuncia Feminicidios Estado de M\u00e9xico\" \/>\n<meta property=\"article:modified_time\" content=\"2023-07-14T02:09:53+00:00\" \/>\n<meta name=\"twitter:card\" content=\"summary_large_image\" \/>\n<meta name=\"twitter:label1\" content=\"Tiempo de lectura\" \/>\n\t<meta name=\"twitter:data1\" content=\"3 minutos\" \/>\n<script type=\"application\/ld+json\" class=\"yoast-schema-graph\">{\"@context\":\"https:\/\/schema.org\",\"@graph\":[{\"@type\":\"WebPage\",\"@id\":\"https:\/\/reddenunciafeminicidiosestadodemexico.com\/index.php\/nos-siguen-asesinando\/\",\"url\":\"https:\/\/reddenunciafeminicidiosestadodemexico.com\/index.php\/nos-siguen-asesinando\/\",\"name\":\"Nos siguen asesinando - Red Denuncia Feminicidios Estado de M\u00e9xico\",\"isPartOf\":{\"@id\":\"https:\/\/reddenunciafeminicidiosestadodemexico.com\/#website\"},\"datePublished\":\"2023-07-14T02:09:52+00:00\",\"dateModified\":\"2023-07-14T02:09:53+00:00\",\"breadcrumb\":{\"@id\":\"https:\/\/reddenunciafeminicidiosestadodemexico.com\/index.php\/nos-siguen-asesinando\/#breadcrumb\"},\"inLanguage\":\"es\",\"potentialAction\":[{\"@type\":\"ReadAction\",\"target\":[\"https:\/\/reddenunciafeminicidiosestadodemexico.com\/index.php\/nos-siguen-asesinando\/\"]}]},{\"@type\":\"BreadcrumbList\",\"@id\":\"https:\/\/reddenunciafeminicidiosestadodemexico.com\/index.php\/nos-siguen-asesinando\/#breadcrumb\",\"itemListElement\":[{\"@type\":\"ListItem\",\"position\":1,\"name\":\"Portada\",\"item\":\"https:\/\/reddenunciafeminicidiosestadodemexico.com\/\"},{\"@type\":\"ListItem\",\"position\":2,\"name\":\"Nos siguen asesinando\"}]},{\"@type\":\"WebSite\",\"@id\":\"https:\/\/reddenunciafeminicidiosestadodemexico.com\/#website\",\"url\":\"https:\/\/reddenunciafeminicidiosestadodemexico.com\/\",\"name\":\"Red Denuncia Feminicidios Estado de M\u00e9xico\",\"description\":\"\",\"potentialAction\":[{\"@type\":\"SearchAction\",\"target\":{\"@type\":\"EntryPoint\",\"urlTemplate\":\"https:\/\/reddenunciafeminicidiosestadodemexico.com\/?s={search_term_string}\"},\"query-input\":{\"@type\":\"PropertyValueSpecification\",\"valueRequired\":true,\"valueName\":\"search_term_string\"}}],\"inLanguage\":\"es\"}]}<\/script>\n<!-- \/ Yoast SEO plugin. -->","yoast_head_json":{"title":"Nos siguen asesinando - Red Denuncia Feminicidios Estado de M\u00e9xico","robots":{"index":"index","follow":"follow","max-snippet":"max-snippet:-1","max-image-preview":"max-image-preview:large","max-video-preview":"max-video-preview:-1"},"canonical":"https:\/\/reddenunciafeminicidiosestadodemexico.com\/index.php\/nos-siguen-asesinando\/","og_locale":"es_ES","og_type":"article","og_title":"Nos siguen asesinando - Red Denuncia Feminicidios Estado de M\u00e9xico","og_url":"https:\/\/reddenunciafeminicidiosestadodemexico.com\/index.php\/nos-siguen-asesinando\/","og_site_name":"Red Denuncia Feminicidios Estado de M\u00e9xico","article_modified_time":"2023-07-14T02:09:53+00:00","twitter_card":"summary_large_image","twitter_misc":{"Tiempo de lectura":"3 minutos"},"schema":{"@context":"https:\/\/schema.org","@graph":[{"@type":"WebPage","@id":"https:\/\/reddenunciafeminicidiosestadodemexico.com\/index.php\/nos-siguen-asesinando\/","url":"https:\/\/reddenunciafeminicidiosestadodemexico.com\/index.php\/nos-siguen-asesinando\/","name":"Nos siguen asesinando - Red Denuncia Feminicidios Estado de M\u00e9xico","isPartOf":{"@id":"https:\/\/reddenunciafeminicidiosestadodemexico.com\/#website"},"datePublished":"2023-07-14T02:09:52+00:00","dateModified":"2023-07-14T02:09:53+00:00","breadcrumb":{"@id":"https:\/\/reddenunciafeminicidiosestadodemexico.com\/index.php\/nos-siguen-asesinando\/#breadcrumb"},"inLanguage":"es","potentialAction":[{"@type":"ReadAction","target":["https:\/\/reddenunciafeminicidiosestadodemexico.com\/index.php\/nos-siguen-asesinando\/"]}]},{"@type":"BreadcrumbList","@id":"https:\/\/reddenunciafeminicidiosestadodemexico.com\/index.php\/nos-siguen-asesinando\/#breadcrumb","itemListElement":[{"@type":"ListItem","position":1,"name":"Portada","item":"https:\/\/reddenunciafeminicidiosestadodemexico.com\/"},{"@type":"ListItem","position":2,"name":"Nos siguen asesinando"}]},{"@type":"WebSite","@id":"https:\/\/reddenunciafeminicidiosestadodemexico.com\/#website","url":"https:\/\/reddenunciafeminicidiosestadodemexico.com\/","name":"Red Denuncia Feminicidios Estado de M\u00e9xico","description":"","potentialAction":[{"@type":"SearchAction","target":{"@type":"EntryPoint","urlTemplate":"https:\/\/reddenunciafeminicidiosestadodemexico.com\/?s={search_term_string}"},"query-input":{"@type":"PropertyValueSpecification","valueRequired":true,"valueName":"search_term_string"}}],"inLanguage":"es"}]}},"_links":{"self":[{"href":"https:\/\/reddenunciafeminicidiosestadodemexico.com\/index.php\/wp-json\/wp\/v2\/pages\/509","targetHints":{"allow":["GET"]}}],"collection":[{"href":"https:\/\/reddenunciafeminicidiosestadodemexico.com\/index.php\/wp-json\/wp\/v2\/pages"}],"about":[{"href":"https:\/\/reddenunciafeminicidiosestadodemexico.com\/index.php\/wp-json\/wp\/v2\/types\/page"}],"author":[{"embeddable":true,"href":"https:\/\/reddenunciafeminicidiosestadodemexico.com\/index.php\/wp-json\/wp\/v2\/users\/1"}],"replies":[{"embeddable":true,"href":"https:\/\/reddenunciafeminicidiosestadodemexico.com\/index.php\/wp-json\/wp\/v2\/comments?post=509"}],"version-history":[{"count":1,"href":"https:\/\/reddenunciafeminicidiosestadodemexico.com\/index.php\/wp-json\/wp\/v2\/pages\/509\/revisions"}],"predecessor-version":[{"id":511,"href":"https:\/\/reddenunciafeminicidiosestadodemexico.com\/index.php\/wp-json\/wp\/v2\/pages\/509\/revisions\/511"}],"wp:attachment":[{"href":"https:\/\/reddenunciafeminicidiosestadodemexico.com\/index.php\/wp-json\/wp\/v2\/media?parent=509"}],"curies":[{"name":"wp","href":"https:\/\/api.w.org\/{rel}","templated":true}]}}