{"id":514,"date":"2023-07-19T20:15:00","date_gmt":"2023-07-19T20:15:00","guid":{"rendered":"https:\/\/reddenunciafeminicidiosestadodemexico.com\/?page_id=514"},"modified":"2024-01-07T03:02:23","modified_gmt":"2024-01-07T03:02:23","slug":"madres-que-buscan-la-justicia","status":"publish","type":"page","link":"https:\/\/reddenunciafeminicidiosestadodemexico.com\/index.php\/madres-que-buscan-la-justicia\/","title":{"rendered":"Madres y familias ense\u00f1ando justicia"},"content":{"rendered":"\n<p>Las narrativas desde de la lucha de madres y familiares de victimas de feminicidio nos permite m\u00e1s que ubicar la serie de violaciones de derechos humanos por parte del Estado corresponden a un saber alterno sobre la justicia, el derecho y la vida. Alumbran las necesidades y sentires desde el cuerpo, una justicia corporizada. Desde sus voces y cuerpos de pie reconocer desde lo sensible ese mundo simb\u00f3lico del deseo-vida donde se resignifica y dimensiona la val\u00eda de la vida, la dignidad hecha rostro y lo humano ante la deshumanizaci\u00f3n; repotencializado y construyendo otros lenguajes para la justicia, la esperanza y<br>la idea&nbsp;de&nbsp;lo&nbsp;humano.<\/p>\n\n\n\n<h2 class=\"wp-block-heading\">Irinea Buend\u00eda<\/h2>\n\n\n\n<p>Los feminicidios no se acaban derrumbando cruces, Irinea Buend\u00eda, Chimalhuac\u00e1n, Edomex<\/p>\n\n\n\n<figure class=\"wp-block-embed is-type-video is-provider-youtube wp-block-embed-youtube wp-embed-aspect-16-9 wp-has-aspect-ratio\"><div class=\"wp-block-embed__wrapper\">\n<iframe loading=\"lazy\" title=\"Los feminicidios no se acaban derrumbando cruces, Irinea Buend\u00eda, Chimalhuac\u00e1n, Edomex\" width=\"500\" height=\"281\" src=\"https:\/\/www.youtube.com\/embed\/P76nqrB8XtA?start=9&#038;feature=oembed\" frameborder=\"0\" allow=\"accelerometer; autoplay; clipboard-write; encrypted-media; gyroscope; picture-in-picture; web-share\" referrerpolicy=\"strict-origin-when-cross-origin\" allowfullscreen><\/iframe>\n<\/div><\/figure>\n\n\n\n<h2 class=\"wp-block-heading\">Norma Andrade<\/h2>\n\n\n\n<p>Ponencia Norma Andrade despu\u00e9s de la proyecci\u00f3n de Bajo Ju\u00e1rez en la UACM Del Valle.<\/p>\n\n\n\n<figure class=\"wp-block-embed is-type-video is-provider-youtube wp-block-embed-youtube wp-embed-aspect-16-9 wp-has-aspect-ratio\"><div class=\"wp-block-embed__wrapper\">\n<iframe loading=\"lazy\" title=\"Ponencia Norma Andrade despue\u0301s de la proyeccio\u0301n de Bajo Jua\u0301rez en la UACM Del Valle, abril 2019\" width=\"500\" height=\"281\" src=\"https:\/\/www.youtube.com\/embed\/hsMMrDstL80?feature=oembed\" frameborder=\"0\" allow=\"accelerometer; autoplay; clipboard-write; encrypted-media; gyroscope; picture-in-picture; web-share\" referrerpolicy=\"strict-origin-when-cross-origin\" allowfullscreen><\/iframe>\n<\/div><\/figure>\n\n\n\n<h2 class=\"wp-block-heading\">Margot<\/h2>\n\n\n\n<p>Margot, mam\u00e1 de Daniela, desaparecida en Xochimilco, recibe a Norma Andrade.<\/p>\n\n\n\n<figure class=\"wp-block-embed is-type-video is-provider-youtube wp-block-embed-youtube wp-embed-aspect-16-9 wp-has-aspect-ratio\"><div class=\"wp-block-embed__wrapper\">\n<iframe loading=\"lazy\" title=\"Margot, mam\u00e1 de Daniela, desaparecida en Xochimilco, recibe a Norma Andrade,\" width=\"500\" height=\"281\" src=\"https:\/\/www.youtube.com\/embed\/g8cE_qqh4bk?feature=oembed\" frameborder=\"0\" allow=\"accelerometer; autoplay; clipboard-write; encrypted-media; gyroscope; picture-in-picture; web-share\" referrerpolicy=\"strict-origin-when-cross-origin\" allowfullscreen><\/iframe>\n<\/div><\/figure>\n\n\n\n<figure class=\"wp-block-embed is-type-video is-provider-youtube wp-block-embed-youtube wp-embed-aspect-16-9 wp-has-aspect-ratio\"><div class=\"wp-block-embed__wrapper\">\n<iframe loading=\"lazy\" title=\"Daniela de 18 a\u00f1os desapareci\u00f3 al tomar un taxi despu\u00e9s de trabajar en Xochimilco\" width=\"500\" height=\"281\" src=\"https:\/\/www.youtube.com\/embed\/B-CbIcs4FKw?feature=oembed\" frameborder=\"0\" allow=\"accelerometer; autoplay; clipboard-write; encrypted-media; gyroscope; picture-in-picture; web-share\" referrerpolicy=\"strict-origin-when-cross-origin\" allowfullscreen><\/iframe>\n<\/div><\/figure>\n\n\n\n<h2 class=\"wp-block-heading\">Matar a una mujer no es cosa de ni\u00f1os<\/h2>\n\n\n\n<figure class=\"wp-block-embed is-type-video is-provider-youtube wp-block-embed-youtube wp-embed-aspect-16-9 wp-has-aspect-ratio\"><div class=\"wp-block-embed__wrapper\">\n<iframe loading=\"lazy\" title=\"\u201cMatar a una mujer no es cosa de ni\u00f1os\u201d: Madre de v\u00edctima de feminicidio\" width=\"500\" height=\"281\" src=\"https:\/\/www.youtube.com\/embed\/w-PefRwINc0?feature=oembed\" frameborder=\"0\" allow=\"accelerometer; autoplay; clipboard-write; encrypted-media; gyroscope; picture-in-picture; web-share\" referrerpolicy=\"strict-origin-when-cross-origin\" allowfullscreen><\/iframe>\n<\/div><\/figure>\n<!-- AddThis Advanced Settings generic via filter on the_content --><!-- AddThis Share Buttons generic via filter on the_content -->","protected":false},"excerpt":{"rendered":"<p>Las narrativas desde de la lucha de madres y familiares de victimas de feminicidio nos permite m\u00e1s que ubicar la serie de violaciones de derechos humanos por parte del Estado corresponden a un saber alterno sobre la justicia, el derecho y la vida. Alumbran las necesidades y sentires desde el cuerpo, una justicia corporizada. Desde [&hellip;]<!-- AddThis Advanced Settings generic via filter on get_the_excerpt --><!-- AddThis Share Buttons generic via filter on get_the_excerpt --><\/p>\n","protected":false},"author":1,"featured_media":0,"parent":0,"menu_order":0,"comment_status":"closed","ping_status":"closed","template":"","meta":{"footnotes":""},"class_list":["post-514","page","type-page","status-publish","hentry"],"yoast_head":"<!-- This site is optimized with the Yoast SEO plugin v27.0 - https:\/\/yoast.com\/product\/yoast-seo-wordpress\/ -->\n<title>Madres y familias ense\u00f1ando justicia - Red Denuncia Feminicidios Estado de M\u00e9xico<\/title>\n<meta name=\"robots\" content=\"index, follow, max-snippet:-1, max-image-preview:large, max-video-preview:-1\" \/>\n<link rel=\"canonical\" href=\"https:\/\/reddenunciafeminicidiosestadodemexico.com\/index.php\/madres-que-buscan-la-justicia\/\" \/>\n<meta property=\"og:locale\" content=\"es_ES\" \/>\n<meta property=\"og:type\" content=\"article\" \/>\n<meta property=\"og:title\" content=\"Madres y familias ense\u00f1ando justicia - Red Denuncia Feminicidios Estado de M\u00e9xico\" \/>\n<meta property=\"og:description\" content=\"Las narrativas desde de la lucha de madres y familiares de victimas de feminicidio nos permite m\u00e1s que ubicar la serie de violaciones de derechos humanos por parte del Estado corresponden a un saber alterno sobre la justicia, el derecho y la vida. Alumbran las necesidades y sentires desde el cuerpo, una justicia corporizada. Desde [&hellip;]\" \/>\n<meta property=\"og:url\" content=\"https:\/\/reddenunciafeminicidiosestadodemexico.com\/index.php\/madres-que-buscan-la-justicia\/\" \/>\n<meta property=\"og:site_name\" content=\"Red Denuncia Feminicidios Estado de M\u00e9xico\" \/>\n<meta property=\"article:modified_time\" content=\"2024-01-07T03:02:23+00:00\" \/>\n<meta name=\"twitter:card\" content=\"summary_large_image\" \/>\n<meta name=\"twitter:label1\" content=\"Tiempo de lectura\" \/>\n\t<meta name=\"twitter:data1\" content=\"1 minuto\" \/>\n<script type=\"application\/ld+json\" class=\"yoast-schema-graph\">{\"@context\":\"https:\/\/schema.org\",\"@graph\":[{\"@type\":\"WebPage\",\"@id\":\"https:\/\/reddenunciafeminicidiosestadodemexico.com\/index.php\/madres-que-buscan-la-justicia\/\",\"url\":\"https:\/\/reddenunciafeminicidiosestadodemexico.com\/index.php\/madres-que-buscan-la-justicia\/\",\"name\":\"Madres y familias ense\u00f1ando justicia - Red Denuncia Feminicidios Estado de M\u00e9xico\",\"isPartOf\":{\"@id\":\"https:\/\/reddenunciafeminicidiosestadodemexico.com\/#website\"},\"datePublished\":\"2023-07-19T20:15:00+00:00\",\"dateModified\":\"2024-01-07T03:02:23+00:00\",\"breadcrumb\":{\"@id\":\"https:\/\/reddenunciafeminicidiosestadodemexico.com\/index.php\/madres-que-buscan-la-justicia\/#breadcrumb\"},\"inLanguage\":\"es\",\"potentialAction\":[{\"@type\":\"ReadAction\",\"target\":[\"https:\/\/reddenunciafeminicidiosestadodemexico.com\/index.php\/madres-que-buscan-la-justicia\/\"]}]},{\"@type\":\"BreadcrumbList\",\"@id\":\"https:\/\/reddenunciafeminicidiosestadodemexico.com\/index.php\/madres-que-buscan-la-justicia\/#breadcrumb\",\"itemListElement\":[{\"@type\":\"ListItem\",\"position\":1,\"name\":\"Portada\",\"item\":\"https:\/\/reddenunciafeminicidiosestadodemexico.com\/\"},{\"@type\":\"ListItem\",\"position\":2,\"name\":\"Madres y familias ense\u00f1ando justicia\"}]},{\"@type\":\"WebSite\",\"@id\":\"https:\/\/reddenunciafeminicidiosestadodemexico.com\/#website\",\"url\":\"https:\/\/reddenunciafeminicidiosestadodemexico.com\/\",\"name\":\"Red Denuncia Feminicidios Estado de M\u00e9xico\",\"description\":\"\",\"potentialAction\":[{\"@type\":\"SearchAction\",\"target\":{\"@type\":\"EntryPoint\",\"urlTemplate\":\"https:\/\/reddenunciafeminicidiosestadodemexico.com\/?s={search_term_string}\"},\"query-input\":{\"@type\":\"PropertyValueSpecification\",\"valueRequired\":true,\"valueName\":\"search_term_string\"}}],\"inLanguage\":\"es\"}]}<\/script>\n<!-- \/ Yoast SEO plugin. -->","yoast_head_json":{"title":"Madres y familias ense\u00f1ando justicia - Red Denuncia Feminicidios Estado de M\u00e9xico","robots":{"index":"index","follow":"follow","max-snippet":"max-snippet:-1","max-image-preview":"max-image-preview:large","max-video-preview":"max-video-preview:-1"},"canonical":"https:\/\/reddenunciafeminicidiosestadodemexico.com\/index.php\/madres-que-buscan-la-justicia\/","og_locale":"es_ES","og_type":"article","og_title":"Madres y familias ense\u00f1ando justicia - Red Denuncia Feminicidios Estado de M\u00e9xico","og_description":"Las narrativas desde de la lucha de madres y familiares de victimas de feminicidio nos permite m\u00e1s que ubicar la serie de violaciones de derechos humanos por parte del Estado corresponden a un saber alterno sobre la justicia, el derecho y la vida. Alumbran las necesidades y sentires desde el cuerpo, una justicia corporizada. Desde [&hellip;]","og_url":"https:\/\/reddenunciafeminicidiosestadodemexico.com\/index.php\/madres-que-buscan-la-justicia\/","og_site_name":"Red Denuncia Feminicidios Estado de M\u00e9xico","article_modified_time":"2024-01-07T03:02:23+00:00","twitter_card":"summary_large_image","twitter_misc":{"Tiempo de lectura":"1 minuto"},"schema":{"@context":"https:\/\/schema.org","@graph":[{"@type":"WebPage","@id":"https:\/\/reddenunciafeminicidiosestadodemexico.com\/index.php\/madres-que-buscan-la-justicia\/","url":"https:\/\/reddenunciafeminicidiosestadodemexico.com\/index.php\/madres-que-buscan-la-justicia\/","name":"Madres y familias ense\u00f1ando justicia - Red Denuncia Feminicidios Estado de M\u00e9xico","isPartOf":{"@id":"https:\/\/reddenunciafeminicidiosestadodemexico.com\/#website"},"datePublished":"2023-07-19T20:15:00+00:00","dateModified":"2024-01-07T03:02:23+00:00","breadcrumb":{"@id":"https:\/\/reddenunciafeminicidiosestadodemexico.com\/index.php\/madres-que-buscan-la-justicia\/#breadcrumb"},"inLanguage":"es","potentialAction":[{"@type":"ReadAction","target":["https:\/\/reddenunciafeminicidiosestadodemexico.com\/index.php\/madres-que-buscan-la-justicia\/"]}]},{"@type":"BreadcrumbList","@id":"https:\/\/reddenunciafeminicidiosestadodemexico.com\/index.php\/madres-que-buscan-la-justicia\/#breadcrumb","itemListElement":[{"@type":"ListItem","position":1,"name":"Portada","item":"https:\/\/reddenunciafeminicidiosestadodemexico.com\/"},{"@type":"ListItem","position":2,"name":"Madres y familias ense\u00f1ando justicia"}]},{"@type":"WebSite","@id":"https:\/\/reddenunciafeminicidiosestadodemexico.com\/#website","url":"https:\/\/reddenunciafeminicidiosestadodemexico.com\/","name":"Red Denuncia Feminicidios Estado de M\u00e9xico","description":"","potentialAction":[{"@type":"SearchAction","target":{"@type":"EntryPoint","urlTemplate":"https:\/\/reddenunciafeminicidiosestadodemexico.com\/?s={search_term_string}"},"query-input":{"@type":"PropertyValueSpecification","valueRequired":true,"valueName":"search_term_string"}}],"inLanguage":"es"}]}},"_links":{"self":[{"href":"https:\/\/reddenunciafeminicidiosestadodemexico.com\/index.php\/wp-json\/wp\/v2\/pages\/514","targetHints":{"allow":["GET"]}}],"collection":[{"href":"https:\/\/reddenunciafeminicidiosestadodemexico.com\/index.php\/wp-json\/wp\/v2\/pages"}],"about":[{"href":"https:\/\/reddenunciafeminicidiosestadodemexico.com\/index.php\/wp-json\/wp\/v2\/types\/page"}],"author":[{"embeddable":true,"href":"https:\/\/reddenunciafeminicidiosestadodemexico.com\/index.php\/wp-json\/wp\/v2\/users\/1"}],"replies":[{"embeddable":true,"href":"https:\/\/reddenunciafeminicidiosestadodemexico.com\/index.php\/wp-json\/wp\/v2\/comments?post=514"}],"version-history":[{"count":9,"href":"https:\/\/reddenunciafeminicidiosestadodemexico.com\/index.php\/wp-json\/wp\/v2\/pages\/514\/revisions"}],"predecessor-version":[{"id":606,"href":"https:\/\/reddenunciafeminicidiosestadodemexico.com\/index.php\/wp-json\/wp\/v2\/pages\/514\/revisions\/606"}],"wp:attachment":[{"href":"https:\/\/reddenunciafeminicidiosestadodemexico.com\/index.php\/wp-json\/wp\/v2\/media?parent=514"}],"curies":[{"name":"wp","href":"https:\/\/api.w.org\/{rel}","templated":true}]}}