{"id":546,"date":"2023-11-25T02:01:52","date_gmt":"2023-11-25T02:01:52","guid":{"rendered":"https:\/\/reddenunciafeminicidiosestadodemexico.com\/?page_id=546"},"modified":"2023-11-25T02:12:27","modified_gmt":"2023-11-25T02:12:27","slug":"dar-que-pensar-espacios-comunes-de-aprendizaje-muac","status":"publish","type":"page","link":"https:\/\/reddenunciafeminicidiosestadodemexico.com\/index.php\/dar-que-pensar-espacios-comunes-de-aprendizaje-muac\/","title":{"rendered":"DAR QUE PENSAR. ESPACIOS COMUNES DE APRENDIZAJE. MUAC"},"content":{"rendered":"\n<p>Conversaci\u00f3n con Fil\u00f3sofa Marina Garc\u00e9s, Maestro Manuel Amador y la curadora Sof\u00eda Olascoaga. Los espacios de aprendizaje siempre ser\u00e1n un espacio de encuentro donde tiene la posibilidad, la mirada desde el entre cuerpo, detener la mirada y dejar extender la potencia de los cuerpos, sus necesidades, deseos, sue\u00f1os y afectaciones. El espacio del encuentro donde se aprende siempre es un lugar para la mirada y la escucha; escuchas los silencios de los cuerpos, mirar con los o\u00eddos, escuchar con los ojos, es un ir recogiendo fragmentos en estos tiempos de destrucci\u00f3n de la vida, grietas, cicatrices donde hay vida restructur\u00e1ndose en si misma; el fragmento es una potencia del saber, un saber para seguir impulsando, empujando, reconfigurando el cuerpo y dando otra forma, a la idea de la vida y la potencia de su sentido.<\/p>\n\n\n\n<p><\/p>\n\n\n\n<figure class=\"wp-block-embed is-type-video is-provider-youtube wp-block-embed-youtube wp-embed-aspect-16-9 wp-has-aspect-ratio\"><div class=\"wp-block-embed__wrapper\">\n<iframe loading=\"lazy\" title=\"Dar que pensar (1). Espacios comunes de aprendizaje. MUAC.\" width=\"500\" height=\"281\" src=\"https:\/\/www.youtube.com\/embed\/CTnKOF6fST0?feature=oembed\" frameborder=\"0\" allow=\"accelerometer; autoplay; clipboard-write; encrypted-media; gyroscope; picture-in-picture; web-share\" referrerpolicy=\"strict-origin-when-cross-origin\" allowfullscreen><\/iframe>\n<\/div><\/figure>\n\n\n\n<figure class=\"wp-block-embed is-type-video is-provider-youtube wp-block-embed-youtube wp-embed-aspect-16-9 wp-has-aspect-ratio\"><div class=\"wp-block-embed__wrapper\">\n<iframe loading=\"lazy\" title=\"Dar que pensar. (2) Espacios comunes de aprendizaje. MUAC\" width=\"500\" height=\"281\" src=\"https:\/\/www.youtube.com\/embed\/IBZ-YazCOEk?feature=oembed\" frameborder=\"0\" allow=\"accelerometer; autoplay; clipboard-write; encrypted-media; gyroscope; picture-in-picture; web-share\" referrerpolicy=\"strict-origin-when-cross-origin\" allowfullscreen><\/iframe>\n<\/div><\/figure>\n\n\n\n<figure class=\"wp-block-embed is-type-video is-provider-youtube wp-block-embed-youtube wp-embed-aspect-16-9 wp-has-aspect-ratio\"><div class=\"wp-block-embed__wrapper\">\n<iframe loading=\"lazy\" title=\"Dar que pensar. (3) Espacios comunes de aprendizaje.  MUAC\" width=\"500\" height=\"281\" src=\"https:\/\/www.youtube.com\/embed\/n9D6yOhN338?feature=oembed\" frameborder=\"0\" allow=\"accelerometer; autoplay; clipboard-write; encrypted-media; gyroscope; picture-in-picture; web-share\" referrerpolicy=\"strict-origin-when-cross-origin\" allowfullscreen><\/iframe>\n<\/div><\/figure>\n\n\n\n<figure class=\"wp-block-embed is-type-video is-provider-youtube wp-block-embed-youtube wp-embed-aspect-16-9 wp-has-aspect-ratio\"><div class=\"wp-block-embed__wrapper\">\n<iframe loading=\"lazy\" title=\"Dar que pensar. (4) Espacios comunes de aprendizaje.  MUAC\" width=\"500\" height=\"281\" src=\"https:\/\/www.youtube.com\/embed\/hnKsH0kJxCc?feature=oembed\" frameborder=\"0\" allow=\"accelerometer; autoplay; clipboard-write; encrypted-media; gyroscope; picture-in-picture; web-share\" referrerpolicy=\"strict-origin-when-cross-origin\" allowfullscreen><\/iframe>\n<\/div><\/figure>\n\n\n\n<figure class=\"wp-block-embed is-type-video is-provider-youtube wp-block-embed-youtube wp-embed-aspect-16-9 wp-has-aspect-ratio\"><div class=\"wp-block-embed__wrapper\">\n<iframe loading=\"lazy\" title=\"Dar que pensar. (5) Espacios comunes de aprendizaje. MUAC\" width=\"500\" height=\"281\" src=\"https:\/\/www.youtube.com\/embed\/o2VoL6ki5P8?feature=oembed\" frameborder=\"0\" allow=\"accelerometer; autoplay; clipboard-write; encrypted-media; gyroscope; picture-in-picture; web-share\" referrerpolicy=\"strict-origin-when-cross-origin\" allowfullscreen><\/iframe>\n<\/div><\/figure>\n\n\n\n<figure class=\"wp-block-embed is-type-video is-provider-youtube wp-block-embed-youtube wp-embed-aspect-16-9 wp-has-aspect-ratio\"><div class=\"wp-block-embed__wrapper\">\n<iframe loading=\"lazy\" title=\"Dar que pensar. (6) Espacios comunes de aprendizaje. MUAC\" width=\"500\" height=\"281\" src=\"https:\/\/www.youtube.com\/embed\/-pnDoQouOW4?start=18&#038;feature=oembed\" frameborder=\"0\" allow=\"accelerometer; autoplay; clipboard-write; encrypted-media; gyroscope; picture-in-picture; web-share\" referrerpolicy=\"strict-origin-when-cross-origin\" allowfullscreen><\/iframe>\n<\/div><\/figure>\n<!-- AddThis Advanced Settings generic via filter on the_content --><!-- AddThis Share Buttons generic via filter on the_content -->","protected":false},"excerpt":{"rendered":"<p>Conversaci\u00f3n con Fil\u00f3sofa Marina Garc\u00e9s, Maestro Manuel Amador y la curadora Sof\u00eda Olascoaga. Los espacios de aprendizaje siempre ser\u00e1n un espacio de encuentro donde tiene la posibilidad, la mirada desde el entre cuerpo, detener la mirada y dejar extender la potencia de los cuerpos, sus necesidades, deseos, sue\u00f1os y afectaciones. El espacio del encuentro donde [&hellip;]<!-- AddThis Advanced Settings generic via filter on get_the_excerpt --><!-- AddThis Share Buttons generic via filter on get_the_excerpt --><\/p>\n","protected":false},"author":1,"featured_media":0,"parent":0,"menu_order":0,"comment_status":"closed","ping_status":"closed","template":"","meta":{"footnotes":""},"class_list":["post-546","page","type-page","status-publish","hentry"],"yoast_head":"<!-- This site is optimized with the Yoast SEO plugin v27.0 - https:\/\/yoast.com\/product\/yoast-seo-wordpress\/ -->\n<title>DAR QUE PENSAR. ESPACIOS COMUNES DE APRENDIZAJE. MUAC - Red Denuncia Feminicidios Estado de M\u00e9xico<\/title>\n<meta name=\"robots\" content=\"index, follow, max-snippet:-1, max-image-preview:large, max-video-preview:-1\" \/>\n<link rel=\"canonical\" href=\"https:\/\/reddenunciafeminicidiosestadodemexico.com\/index.php\/dar-que-pensar-espacios-comunes-de-aprendizaje-muac\/\" \/>\n<meta property=\"og:locale\" content=\"es_ES\" \/>\n<meta property=\"og:type\" content=\"article\" \/>\n<meta property=\"og:title\" content=\"DAR QUE PENSAR. ESPACIOS COMUNES DE APRENDIZAJE. MUAC - Red Denuncia Feminicidios Estado de M\u00e9xico\" \/>\n<meta property=\"og:description\" content=\"Conversaci\u00f3n con Fil\u00f3sofa Marina Garc\u00e9s, Maestro Manuel Amador y la curadora Sof\u00eda Olascoaga. Los espacios de aprendizaje siempre ser\u00e1n un espacio de encuentro donde tiene la posibilidad, la mirada desde el entre cuerpo, detener la mirada y dejar extender la potencia de los cuerpos, sus necesidades, deseos, sue\u00f1os y afectaciones. El espacio del encuentro donde [&hellip;]\" \/>\n<meta property=\"og:url\" content=\"https:\/\/reddenunciafeminicidiosestadodemexico.com\/index.php\/dar-que-pensar-espacios-comunes-de-aprendizaje-muac\/\" \/>\n<meta property=\"og:site_name\" content=\"Red Denuncia Feminicidios Estado de M\u00e9xico\" \/>\n<meta property=\"article:modified_time\" content=\"2023-11-25T02:12:27+00:00\" \/>\n<meta name=\"twitter:card\" content=\"summary_large_image\" \/>\n<meta name=\"twitter:label1\" content=\"Tiempo de lectura\" \/>\n\t<meta name=\"twitter:data1\" content=\"1 minuto\" \/>\n<script type=\"application\/ld+json\" class=\"yoast-schema-graph\">{\"@context\":\"https:\/\/schema.org\",\"@graph\":[{\"@type\":\"WebPage\",\"@id\":\"https:\/\/reddenunciafeminicidiosestadodemexico.com\/index.php\/dar-que-pensar-espacios-comunes-de-aprendizaje-muac\/\",\"url\":\"https:\/\/reddenunciafeminicidiosestadodemexico.com\/index.php\/dar-que-pensar-espacios-comunes-de-aprendizaje-muac\/\",\"name\":\"DAR QUE PENSAR. ESPACIOS COMUNES DE APRENDIZAJE. MUAC - Red Denuncia Feminicidios Estado de M\u00e9xico\",\"isPartOf\":{\"@id\":\"https:\/\/reddenunciafeminicidiosestadodemexico.com\/#website\"},\"datePublished\":\"2023-11-25T02:01:52+00:00\",\"dateModified\":\"2023-11-25T02:12:27+00:00\",\"breadcrumb\":{\"@id\":\"https:\/\/reddenunciafeminicidiosestadodemexico.com\/index.php\/dar-que-pensar-espacios-comunes-de-aprendizaje-muac\/#breadcrumb\"},\"inLanguage\":\"es\",\"potentialAction\":[{\"@type\":\"ReadAction\",\"target\":[\"https:\/\/reddenunciafeminicidiosestadodemexico.com\/index.php\/dar-que-pensar-espacios-comunes-de-aprendizaje-muac\/\"]}]},{\"@type\":\"BreadcrumbList\",\"@id\":\"https:\/\/reddenunciafeminicidiosestadodemexico.com\/index.php\/dar-que-pensar-espacios-comunes-de-aprendizaje-muac\/#breadcrumb\",\"itemListElement\":[{\"@type\":\"ListItem\",\"position\":1,\"name\":\"Portada\",\"item\":\"https:\/\/reddenunciafeminicidiosestadodemexico.com\/\"},{\"@type\":\"ListItem\",\"position\":2,\"name\":\"DAR QUE PENSAR. ESPACIOS COMUNES DE APRENDIZAJE. MUAC\"}]},{\"@type\":\"WebSite\",\"@id\":\"https:\/\/reddenunciafeminicidiosestadodemexico.com\/#website\",\"url\":\"https:\/\/reddenunciafeminicidiosestadodemexico.com\/\",\"name\":\"Red Denuncia Feminicidios Estado de M\u00e9xico\",\"description\":\"\",\"potentialAction\":[{\"@type\":\"SearchAction\",\"target\":{\"@type\":\"EntryPoint\",\"urlTemplate\":\"https:\/\/reddenunciafeminicidiosestadodemexico.com\/?s={search_term_string}\"},\"query-input\":{\"@type\":\"PropertyValueSpecification\",\"valueRequired\":true,\"valueName\":\"search_term_string\"}}],\"inLanguage\":\"es\"}]}<\/script>\n<!-- \/ Yoast SEO plugin. -->","yoast_head_json":{"title":"DAR QUE PENSAR. ESPACIOS COMUNES DE APRENDIZAJE. MUAC - Red Denuncia Feminicidios Estado de M\u00e9xico","robots":{"index":"index","follow":"follow","max-snippet":"max-snippet:-1","max-image-preview":"max-image-preview:large","max-video-preview":"max-video-preview:-1"},"canonical":"https:\/\/reddenunciafeminicidiosestadodemexico.com\/index.php\/dar-que-pensar-espacios-comunes-de-aprendizaje-muac\/","og_locale":"es_ES","og_type":"article","og_title":"DAR QUE PENSAR. ESPACIOS COMUNES DE APRENDIZAJE. MUAC - Red Denuncia Feminicidios Estado de M\u00e9xico","og_description":"Conversaci\u00f3n con Fil\u00f3sofa Marina Garc\u00e9s, Maestro Manuel Amador y la curadora Sof\u00eda Olascoaga. Los espacios de aprendizaje siempre ser\u00e1n un espacio de encuentro donde tiene la posibilidad, la mirada desde el entre cuerpo, detener la mirada y dejar extender la potencia de los cuerpos, sus necesidades, deseos, sue\u00f1os y afectaciones. El espacio del encuentro donde [&hellip;]","og_url":"https:\/\/reddenunciafeminicidiosestadodemexico.com\/index.php\/dar-que-pensar-espacios-comunes-de-aprendizaje-muac\/","og_site_name":"Red Denuncia Feminicidios Estado de M\u00e9xico","article_modified_time":"2023-11-25T02:12:27+00:00","twitter_card":"summary_large_image","twitter_misc":{"Tiempo de lectura":"1 minuto"},"schema":{"@context":"https:\/\/schema.org","@graph":[{"@type":"WebPage","@id":"https:\/\/reddenunciafeminicidiosestadodemexico.com\/index.php\/dar-que-pensar-espacios-comunes-de-aprendizaje-muac\/","url":"https:\/\/reddenunciafeminicidiosestadodemexico.com\/index.php\/dar-que-pensar-espacios-comunes-de-aprendizaje-muac\/","name":"DAR QUE PENSAR. ESPACIOS COMUNES DE APRENDIZAJE. MUAC - Red Denuncia Feminicidios Estado de M\u00e9xico","isPartOf":{"@id":"https:\/\/reddenunciafeminicidiosestadodemexico.com\/#website"},"datePublished":"2023-11-25T02:01:52+00:00","dateModified":"2023-11-25T02:12:27+00:00","breadcrumb":{"@id":"https:\/\/reddenunciafeminicidiosestadodemexico.com\/index.php\/dar-que-pensar-espacios-comunes-de-aprendizaje-muac\/#breadcrumb"},"inLanguage":"es","potentialAction":[{"@type":"ReadAction","target":["https:\/\/reddenunciafeminicidiosestadodemexico.com\/index.php\/dar-que-pensar-espacios-comunes-de-aprendizaje-muac\/"]}]},{"@type":"BreadcrumbList","@id":"https:\/\/reddenunciafeminicidiosestadodemexico.com\/index.php\/dar-que-pensar-espacios-comunes-de-aprendizaje-muac\/#breadcrumb","itemListElement":[{"@type":"ListItem","position":1,"name":"Portada","item":"https:\/\/reddenunciafeminicidiosestadodemexico.com\/"},{"@type":"ListItem","position":2,"name":"DAR QUE PENSAR. ESPACIOS COMUNES DE APRENDIZAJE. MUAC"}]},{"@type":"WebSite","@id":"https:\/\/reddenunciafeminicidiosestadodemexico.com\/#website","url":"https:\/\/reddenunciafeminicidiosestadodemexico.com\/","name":"Red Denuncia Feminicidios Estado de M\u00e9xico","description":"","potentialAction":[{"@type":"SearchAction","target":{"@type":"EntryPoint","urlTemplate":"https:\/\/reddenunciafeminicidiosestadodemexico.com\/?s={search_term_string}"},"query-input":{"@type":"PropertyValueSpecification","valueRequired":true,"valueName":"search_term_string"}}],"inLanguage":"es"}]}},"_links":{"self":[{"href":"https:\/\/reddenunciafeminicidiosestadodemexico.com\/index.php\/wp-json\/wp\/v2\/pages\/546","targetHints":{"allow":["GET"]}}],"collection":[{"href":"https:\/\/reddenunciafeminicidiosestadodemexico.com\/index.php\/wp-json\/wp\/v2\/pages"}],"about":[{"href":"https:\/\/reddenunciafeminicidiosestadodemexico.com\/index.php\/wp-json\/wp\/v2\/types\/page"}],"author":[{"embeddable":true,"href":"https:\/\/reddenunciafeminicidiosestadodemexico.com\/index.php\/wp-json\/wp\/v2\/users\/1"}],"replies":[{"embeddable":true,"href":"https:\/\/reddenunciafeminicidiosestadodemexico.com\/index.php\/wp-json\/wp\/v2\/comments?post=546"}],"version-history":[{"count":2,"href":"https:\/\/reddenunciafeminicidiosestadodemexico.com\/index.php\/wp-json\/wp\/v2\/pages\/546\/revisions"}],"predecessor-version":[{"id":558,"href":"https:\/\/reddenunciafeminicidiosestadodemexico.com\/index.php\/wp-json\/wp\/v2\/pages\/546\/revisions\/558"}],"wp:attachment":[{"href":"https:\/\/reddenunciafeminicidiosestadodemexico.com\/index.php\/wp-json\/wp\/v2\/media?parent=546"}],"curies":[{"name":"wp","href":"https:\/\/api.w.org\/{rel}","templated":true}]}}